{"id":89775,"date":"2026-05-12T16:14:15","date_gmt":"2026-05-12T14:14:15","guid":{"rendered":"https:\/\/www.ponvianne-antiquites.fr\/?post_type=product&#038;p=89775"},"modified":"2026-05-12T16:14:46","modified_gmt":"2026-05-12T14:14:46","slug":"portrait-of-a-breton-sailor-by-leonie-humbert-vignot","status":"publish","type":"product","link":"https:\/\/www.ponvianne-antiquites.fr\/en\/produit\/portrait-of-a-breton-sailor-by-leonie-humbert-vignot\/","title":{"rendered":"Portrait Of A Breton Sailor, By L\u00e9onie Humbert-vignot"},"content":{"rendered":"<p>Portrait of a Breton sailor by L\u00e9onie Humbert-Vignot.<br \/>\nEarly 20th century oil on panel.<br \/>\nAnnotations on the back locating this painting in Finist\u00e8re (29).<br \/>\nOriginal gilded frame.<\/p>\n<p>Dimensions with frame : 23 cm x 19 cm<br \/>\nDimensions &#8220;\u00e0 vue&#8221; : 18 cm x 14 cm<\/p>\n<p>L\u00e9onie Humbert-Vignot (1878 &#8211; 1960) was a post-Impressionist painter. Around 1896, she studied with Alexandre Fran\u00e7ois Bonnardel at the \u00c9cole nationale sup\u00e9rieure des beaux-arts in Lyon, then with Marie Laforge, Marcel Baschet, Henri Royer and \u00c9douard Toudouze at the Acad\u00e9mie Julian in Paris.<br \/>\nAfter her art studies, L\u00e9onie began exhibiting in 1896, both in Lyon and Paris. She was accepted into the Salon des artistes fran\u00e7ais around 1908, and exhibited there for the rest of her life.<br \/>\nL\u00e9onie Humbert-Vignot exhibited at the Salon de la Soci\u00e9t\u00e9 lyonnaise des Beaux-arts until her death in 1942. Since then, she has exhibited at the Salon d&#8217;art de Dijon, as well as the Salon d&#8217;art de Biarritz in 2005. She also took part in a Lyon art fair called International printemps. Some of her paintings have been sold at auction. Today, she is still exhibited in Lyon and Paris.<\/p>\n<p>Possibility of sending : France \/ International<\/p>\n<p><em>For information, we systematically reply to all requests for information by e-mail<br \/>\nPlease remember to check your SPAMS<\/em><br \/>\n.<\/p>\n","protected":false},"excerpt":{"rendered":"<p>Portrait of a Breton sailor by L\u00e9onie Humbert-Vignot. Early 20th century oil on panel. Annotations on the back locating this painting in Finist\u00e8re (29). Original gilded frame. Dimensions with frame : 23 cm x 19 cm Dimensions &#8220;\u00e0 vue&#8221; : 18 cm x 14 cm L\u00e9onie Humbert-Vignot (1878 &#8211; 1960) was a post-Impressionist painter. Around [&hellip;]<\/p>\n","protected":false},"featured_media":89760,"template":"","meta":{"_acf_changed":false},"product_brand":[],"product_cat":[141],"product_tag":[],"product_epoque":[73],"class_list":{"0":"post-89775","1":"product","2":"type-product","3":"status-publish","4":"has-post-thumbnail","6":"product_cat-portraits-en","7":"product_epoque-20eme-siecle-en","9":"first","10":"instock","11":"shipping-taxable","12":"purchasable","13":"product-type-simple"},"acf":[],"yoast_head":"<!-- This site is optimized with the Yoast SEO plugin v27.6 - https:\/\/yoast.com\/product\/yoast-seo-wordpress\/ -->\n<title>Portrait Of A Breton Sailor, By L\u00e9onie Humbert-vignot - Ponvianne Antiquit\u00e9s - Antiquaire<\/title>\n<meta name=\"robots\" content=\"index, follow, max-snippet:-1, max-image-preview:large, max-video-preview:-1\" \/>\n<link rel=\"canonical\" href=\"https:\/\/www.ponvianne-antiquites.fr\/en\/produit\/portrait-of-a-breton-sailor-by-leonie-humbert-vignot\/\" \/>\n<meta property=\"og:locale\" content=\"en_US\" \/>\n<meta property=\"og:type\" content=\"article\" \/>\n<meta property=\"og:title\" content=\"Portrait Of A Breton Sailor, By L\u00e9onie Humbert-vignot - Ponvianne Antiquit\u00e9s - Antiquaire\" \/>\n<meta property=\"og:description\" content=\"Portrait of a Breton sailor by L\u00e9onie Humbert-Vignot. Early 20th century oil on panel. Annotations on the back locating this painting in Finist\u00e8re (29). Original gilded frame. Dimensions with frame : 23 cm x 19 cm Dimensions &#8220;\u00e0 vue&#8221; : 18 cm x 14 cm L\u00e9onie Humbert-Vignot (1878 &#8211; 1960) was a post-Impressionist painter. Around [&hellip;]\" \/>\n<meta property=\"og:url\" content=\"https:\/\/www.ponvianne-antiquites.fr\/en\/produit\/portrait-of-a-breton-sailor-by-leonie-humbert-vignot\/\" \/>\n<meta property=\"og:site_name\" content=\"Ponvianne Antiquit\u00e9s - Antiquaire\" \/>\n<meta property=\"article:modified_time\" content=\"2026-05-12T14:14:46+00:00\" \/>\n<meta property=\"og:image\" content=\"https:\/\/www.ponvianne-antiquites.fr\/wp-content\/uploads\/2026\/05\/Ponvianne-Antiquites-portrait-marin-1.jpg\" \/>\n\t<meta property=\"og:image:width\" content=\"2560\" \/>\n\t<meta property=\"og:image:height\" content=\"2560\" \/>\n\t<meta property=\"og:image:type\" content=\"image\/jpeg\" \/>\n<meta name=\"twitter:card\" content=\"summary_large_image\" \/>\n<meta name=\"twitter:label1\" content=\"Est. reading time\" \/>\n\t<meta name=\"twitter:data1\" content=\"2 minutes\" \/>\n<script type=\"application\/ld+json\" class=\"yoast-schema-graph\">{\"@context\":\"https:\\\/\\\/schema.org\",\"@graph\":[{\"@type\":\"WebPage\",\"@id\":\"https:\\\/\\\/www.ponvianne-antiquites.fr\\\/en\\\/produit\\\/portrait-of-a-breton-sailor-by-leonie-humbert-vignot\\\/\",\"url\":\"https:\\\/\\\/www.ponvianne-antiquites.fr\\\/en\\\/produit\\\/portrait-of-a-breton-sailor-by-leonie-humbert-vignot\\\/\",\"name\":\"Portrait Of A Breton Sailor, By L\u00e9onie Humbert-vignot - Ponvianne Antiquit\u00e9s - Antiquaire\",\"isPartOf\":{\"@id\":\"https:\\\/\\\/www.ponvianne-antiquites.fr\\\/#website\"},\"primaryImageOfPage\":{\"@id\":\"https:\\\/\\\/www.ponvianne-antiquites.fr\\\/en\\\/produit\\\/portrait-of-a-breton-sailor-by-leonie-humbert-vignot\\\/#primaryimage\"},\"image\":{\"@id\":\"https:\\\/\\\/www.ponvianne-antiquites.fr\\\/en\\\/produit\\\/portrait-of-a-breton-sailor-by-leonie-humbert-vignot\\\/#primaryimage\"},\"thumbnailUrl\":\"https:\\\/\\\/www.ponvianne-antiquites.fr\\\/wp-content\\\/uploads\\\/2026\\\/05\\\/Ponvianne-Antiquites-portrait-marin-1.jpg\",\"datePublished\":\"2026-05-12T14:14:15+00:00\",\"dateModified\":\"2026-05-12T14:14:46+00:00\",\"breadcrumb\":{\"@id\":\"https:\\\/\\\/www.ponvianne-antiquites.fr\\\/en\\\/produit\\\/portrait-of-a-breton-sailor-by-leonie-humbert-vignot\\\/#breadcrumb\"},\"inLanguage\":\"en-US\",\"potentialAction\":[{\"@type\":\"ReadAction\",\"target\":[\"https:\\\/\\\/www.ponvianne-antiquites.fr\\\/en\\\/produit\\\/portrait-of-a-breton-sailor-by-leonie-humbert-vignot\\\/\"]}]},{\"@type\":\"ImageObject\",\"inLanguage\":\"en-US\",\"@id\":\"https:\\\/\\\/www.ponvianne-antiquites.fr\\\/en\\\/produit\\\/portrait-of-a-breton-sailor-by-leonie-humbert-vignot\\\/#primaryimage\",\"url\":\"https:\\\/\\\/www.ponvianne-antiquites.fr\\\/wp-content\\\/uploads\\\/2026\\\/05\\\/Ponvianne-Antiquites-portrait-marin-1.jpg\",\"contentUrl\":\"https:\\\/\\\/www.ponvianne-antiquites.fr\\\/wp-content\\\/uploads\\\/2026\\\/05\\\/Ponvianne-Antiquites-portrait-marin-1.jpg\",\"width\":2560,\"height\":2560},{\"@type\":\"BreadcrumbList\",\"@id\":\"https:\\\/\\\/www.ponvianne-antiquites.fr\\\/en\\\/produit\\\/portrait-of-a-breton-sailor-by-leonie-humbert-vignot\\\/#breadcrumb\",\"itemListElement\":[{\"@type\":\"ListItem\",\"position\":1,\"name\":\"Accueil\",\"item\":\"https:\\\/\\\/www.ponvianne-antiquites.fr\\\/\"},{\"@type\":\"ListItem\",\"position\":2,\"name\":\"Categories\",\"item\":\"https:\\\/\\\/www.ponvianne-antiquites.fr\\\/nos-categories\\\/\"},{\"@type\":\"ListItem\",\"position\":3,\"name\":\"Portrait Of A Breton Sailor, By L\u00e9onie Humbert-vignot\"}]},{\"@type\":\"WebSite\",\"@id\":\"https:\\\/\\\/www.ponvianne-antiquites.fr\\\/#website\",\"url\":\"https:\\\/\\\/www.ponvianne-antiquites.fr\\\/\",\"name\":\"Ponvianne Antiquit\u00e9s - Antiquaire\",\"description\":\"Ponvianne Antiquit\u00e9s - Antiquaire\",\"potentialAction\":[{\"@type\":\"SearchAction\",\"target\":{\"@type\":\"EntryPoint\",\"urlTemplate\":\"https:\\\/\\\/www.ponvianne-antiquites.fr\\\/?s={search_term_string}\"},\"query-input\":{\"@type\":\"PropertyValueSpecification\",\"valueRequired\":true,\"valueName\":\"search_term_string\"}}],\"inLanguage\":\"en-US\"}]}<\/script>\n<!-- \/ Yoast SEO plugin. -->","yoast_head_json":{"title":"Portrait Of A Breton Sailor, By L\u00e9onie Humbert-vignot - Ponvianne Antiquit\u00e9s - Antiquaire","robots":{"index":"index","follow":"follow","max-snippet":"max-snippet:-1","max-image-preview":"max-image-preview:large","max-video-preview":"max-video-preview:-1"},"canonical":"https:\/\/www.ponvianne-antiquites.fr\/en\/produit\/portrait-of-a-breton-sailor-by-leonie-humbert-vignot\/","og_locale":"en_US","og_type":"article","og_title":"Portrait Of A Breton Sailor, By L\u00e9onie Humbert-vignot - Ponvianne Antiquit\u00e9s - Antiquaire","og_description":"Portrait of a Breton sailor by L\u00e9onie Humbert-Vignot. Early 20th century oil on panel. Annotations on the back locating this painting in Finist\u00e8re (29). Original gilded frame. Dimensions with frame : 23 cm x 19 cm Dimensions &#8220;\u00e0 vue&#8221; : 18 cm x 14 cm L\u00e9onie Humbert-Vignot (1878 &#8211; 1960) was a post-Impressionist painter. Around [&hellip;]","og_url":"https:\/\/www.ponvianne-antiquites.fr\/en\/produit\/portrait-of-a-breton-sailor-by-leonie-humbert-vignot\/","og_site_name":"Ponvianne Antiquit\u00e9s - Antiquaire","article_modified_time":"2026-05-12T14:14:46+00:00","og_image":[{"width":2560,"height":2560,"url":"https:\/\/www.ponvianne-antiquites.fr\/wp-content\/uploads\/2026\/05\/Ponvianne-Antiquites-portrait-marin-1.jpg","type":"image\/jpeg"}],"twitter_card":"summary_large_image","twitter_misc":{"Est. reading time":"2 minutes"},"schema":{"@context":"https:\/\/schema.org","@graph":[{"@type":"WebPage","@id":"https:\/\/www.ponvianne-antiquites.fr\/en\/produit\/portrait-of-a-breton-sailor-by-leonie-humbert-vignot\/","url":"https:\/\/www.ponvianne-antiquites.fr\/en\/produit\/portrait-of-a-breton-sailor-by-leonie-humbert-vignot\/","name":"Portrait Of A Breton Sailor, By L\u00e9onie Humbert-vignot - Ponvianne Antiquit\u00e9s - Antiquaire","isPartOf":{"@id":"https:\/\/www.ponvianne-antiquites.fr\/#website"},"primaryImageOfPage":{"@id":"https:\/\/www.ponvianne-antiquites.fr\/en\/produit\/portrait-of-a-breton-sailor-by-leonie-humbert-vignot\/#primaryimage"},"image":{"@id":"https:\/\/www.ponvianne-antiquites.fr\/en\/produit\/portrait-of-a-breton-sailor-by-leonie-humbert-vignot\/#primaryimage"},"thumbnailUrl":"https:\/\/www.ponvianne-antiquites.fr\/wp-content\/uploads\/2026\/05\/Ponvianne-Antiquites-portrait-marin-1.jpg","datePublished":"2026-05-12T14:14:15+00:00","dateModified":"2026-05-12T14:14:46+00:00","breadcrumb":{"@id":"https:\/\/www.ponvianne-antiquites.fr\/en\/produit\/portrait-of-a-breton-sailor-by-leonie-humbert-vignot\/#breadcrumb"},"inLanguage":"en-US","potentialAction":[{"@type":"ReadAction","target":["https:\/\/www.ponvianne-antiquites.fr\/en\/produit\/portrait-of-a-breton-sailor-by-leonie-humbert-vignot\/"]}]},{"@type":"ImageObject","inLanguage":"en-US","@id":"https:\/\/www.ponvianne-antiquites.fr\/en\/produit\/portrait-of-a-breton-sailor-by-leonie-humbert-vignot\/#primaryimage","url":"https:\/\/www.ponvianne-antiquites.fr\/wp-content\/uploads\/2026\/05\/Ponvianne-Antiquites-portrait-marin-1.jpg","contentUrl":"https:\/\/www.ponvianne-antiquites.fr\/wp-content\/uploads\/2026\/05\/Ponvianne-Antiquites-portrait-marin-1.jpg","width":2560,"height":2560},{"@type":"BreadcrumbList","@id":"https:\/\/www.ponvianne-antiquites.fr\/en\/produit\/portrait-of-a-breton-sailor-by-leonie-humbert-vignot\/#breadcrumb","itemListElement":[{"@type":"ListItem","position":1,"name":"Accueil","item":"https:\/\/www.ponvianne-antiquites.fr\/"},{"@type":"ListItem","position":2,"name":"Categories","item":"https:\/\/www.ponvianne-antiquites.fr\/nos-categories\/"},{"@type":"ListItem","position":3,"name":"Portrait Of A Breton Sailor, By L\u00e9onie Humbert-vignot"}]},{"@type":"WebSite","@id":"https:\/\/www.ponvianne-antiquites.fr\/#website","url":"https:\/\/www.ponvianne-antiquites.fr\/","name":"Ponvianne Antiquit\u00e9s - Antiquaire","description":"Ponvianne Antiquit\u00e9s - Antiquaire","potentialAction":[{"@type":"SearchAction","target":{"@type":"EntryPoint","urlTemplate":"https:\/\/www.ponvianne-antiquites.fr\/?s={search_term_string}"},"query-input":{"@type":"PropertyValueSpecification","valueRequired":true,"valueName":"search_term_string"}}],"inLanguage":"en-US"}]}},"_links":{"self":[{"href":"https:\/\/www.ponvianne-antiquites.fr\/en\/wp-json\/wp\/v2\/product\/89775","targetHints":{"allow":["GET"]}}],"collection":[{"href":"https:\/\/www.ponvianne-antiquites.fr\/en\/wp-json\/wp\/v2\/product"}],"about":[{"href":"https:\/\/www.ponvianne-antiquites.fr\/en\/wp-json\/wp\/v2\/types\/product"}],"wp:featuredmedia":[{"embeddable":true,"href":"https:\/\/www.ponvianne-antiquites.fr\/en\/wp-json\/wp\/v2\/media\/89760"}],"wp:attachment":[{"href":"https:\/\/www.ponvianne-antiquites.fr\/en\/wp-json\/wp\/v2\/media?parent=89775"}],"wp:term":[{"taxonomy":"product_brand","embeddable":true,"href":"https:\/\/www.ponvianne-antiquites.fr\/en\/wp-json\/wp\/v2\/product_brand?post=89775"},{"taxonomy":"product_cat","embeddable":true,"href":"https:\/\/www.ponvianne-antiquites.fr\/en\/wp-json\/wp\/v2\/product_cat?post=89775"},{"taxonomy":"product_tag","embeddable":true,"href":"https:\/\/www.ponvianne-antiquites.fr\/en\/wp-json\/wp\/v2\/product_tag?post=89775"},{"taxonomy":"product_epoque","embeddable":true,"href":"https:\/\/www.ponvianne-antiquites.fr\/en\/wp-json\/wp\/v2\/product_epoque?post=89775"}],"curies":[{"name":"wp","href":"https:\/\/api.w.org\/{rel}","templated":true}]}}