{"id":89313,"date":"2026-04-27T21:51:13","date_gmt":"2026-04-27T19:51:13","guid":{"rendered":"https:\/\/www.ponvianne-antiquites.fr\/?post_type=product&#038;p=89313"},"modified":"2026-04-27T21:51:48","modified_gmt":"2026-04-27T19:51:48","slug":"the-abduction-of-europa-pompeian-allegory","status":"publish","type":"product","link":"https:\/\/www.ponvianne-antiquites.fr\/en\/produit\/the-abduction-of-europa-pompeian-allegory\/","title":{"rendered":"The Abduction Of Europa, Pompeian Allegory"},"content":{"rendered":"<p>L&#8217;enl\u00e9vement d&#8217;Europe, allegory in the style of the woodwork in Marie-Antoinette&#8217;s silver boudoir at the Ch\u00e2teau de Fontainebleau. These woodwork paintings were themselves inspired by Pompeian frescoes.<br \/>\nUnsigned oil on canvas framed under glass from the 19th century.<br \/>\nLater gilded frame.<br \/>\nNote : wear to canvas visible in photos.<\/p>\n<p>Two other allegories of the same provenance are also available on our gallery.<\/p>\n<p>Legend has it that Europa, a Phoenician princess and daughter of Ag\u00e9nor king of Tyre, was walking by the sea one day with her companions, when Zeus noticed her. Inflamed by her beauty, he transformed himself into a bull with horns like a crescent moon, and came to lie at the girl&#8217;s feet. Frightened at first, she emboldened herself, caressed the animal and sat on its back. Immediately, the bull got up and dashed towards the sea. Despite Europe&#8217;s cries, clinging to his horns, the bull entered the waves and moved away from the shore. The two made their way to Crete, where Zeus united with the young girl. Three sons were born of this love affair: Minos, Sarpedon and Rhadamante.<\/p>\n<p>Dimensions with frame : 81 cm x 48 cm<br \/>\nDimensions of canvas : 67 cm x 33 cm<\/p>\n<p>Possibility of shipment: France \/ International<br \/>\n<em>As an indication, we systematically reply to all requests for information by e-mail<br \/>\nThank you for remembering to check your spam.<\/em><\/p>\n","protected":false},"excerpt":{"rendered":"<p>L&#8217;enl\u00e9vement d&#8217;Europe, allegory in the style of the woodwork in Marie-Antoinette&#8217;s silver boudoir at the Ch\u00e2teau de Fontainebleau. These woodwork paintings were themselves inspired by Pompeian frescoes. Unsigned oil on canvas framed under glass from the 19th century. Later gilded frame. Note : wear to canvas visible in photos. Two other allegories of the same [&hellip;]<\/p>\n","protected":false},"featured_media":89298,"template":"","meta":{"_acf_changed":false},"product_brand":[],"product_cat":[137],"product_tag":[],"product_epoque":[72],"class_list":{"0":"post-89313","1":"product","2":"type-product","3":"status-publish","4":"has-post-thumbnail","6":"product_cat-others","7":"product_epoque-19eme-siecle-en","9":"first","10":"instock","11":"shipping-taxable","12":"purchasable","13":"product-type-simple"},"acf":[],"yoast_head":"<!-- This site is optimized with the Yoast SEO plugin v27.5 - https:\/\/yoast.com\/product\/yoast-seo-wordpress\/ -->\n<title>The Abduction Of Europa, Pompeian Allegory - Ponvianne Antiquit\u00e9s - Antiquaire<\/title>\n<meta name=\"robots\" content=\"index, follow, max-snippet:-1, max-image-preview:large, max-video-preview:-1\" \/>\n<link rel=\"canonical\" href=\"https:\/\/www.ponvianne-antiquites.fr\/en\/produit\/the-abduction-of-europa-pompeian-allegory\/\" \/>\n<meta property=\"og:locale\" content=\"en_US\" \/>\n<meta property=\"og:type\" content=\"article\" \/>\n<meta property=\"og:title\" content=\"The Abduction Of Europa, Pompeian Allegory - Ponvianne Antiquit\u00e9s - Antiquaire\" \/>\n<meta property=\"og:description\" content=\"L&#8217;enl\u00e9vement d&#8217;Europe, allegory in the style of the woodwork in Marie-Antoinette&#8217;s silver boudoir at the Ch\u00e2teau de Fontainebleau. These woodwork paintings were themselves inspired by Pompeian frescoes. Unsigned oil on canvas framed under glass from the 19th century. Later gilded frame. Note : wear to canvas visible in photos. Two other allegories of the same [&hellip;]\" \/>\n<meta property=\"og:url\" content=\"https:\/\/www.ponvianne-antiquites.fr\/en\/produit\/the-abduction-of-europa-pompeian-allegory\/\" \/>\n<meta property=\"og:site_name\" content=\"Ponvianne Antiquit\u00e9s - Antiquaire\" \/>\n<meta property=\"article:modified_time\" content=\"2026-04-27T19:51:48+00:00\" \/>\n<meta property=\"og:image\" content=\"https:\/\/www.ponvianne-antiquites.fr\/wp-content\/uploads\/2026\/04\/Ponvianne-Antiquites-Allegorie-Europe-1.jpg\" \/>\n\t<meta property=\"og:image:width\" content=\"2560\" \/>\n\t<meta property=\"og:image:height\" content=\"2560\" \/>\n\t<meta property=\"og:image:type\" content=\"image\/jpeg\" \/>\n<meta name=\"twitter:card\" content=\"summary_large_image\" \/>\n<meta name=\"twitter:label1\" content=\"Est. reading time\" \/>\n\t<meta name=\"twitter:data1\" content=\"2 minutes\" \/>\n<script type=\"application\/ld+json\" class=\"yoast-schema-graph\">{\"@context\":\"https:\\\/\\\/schema.org\",\"@graph\":[{\"@type\":\"WebPage\",\"@id\":\"https:\\\/\\\/www.ponvianne-antiquites.fr\\\/en\\\/produit\\\/the-abduction-of-europa-pompeian-allegory\\\/\",\"url\":\"https:\\\/\\\/www.ponvianne-antiquites.fr\\\/en\\\/produit\\\/the-abduction-of-europa-pompeian-allegory\\\/\",\"name\":\"The Abduction Of Europa, Pompeian Allegory - Ponvianne Antiquit\u00e9s - Antiquaire\",\"isPartOf\":{\"@id\":\"https:\\\/\\\/www.ponvianne-antiquites.fr\\\/#website\"},\"primaryImageOfPage\":{\"@id\":\"https:\\\/\\\/www.ponvianne-antiquites.fr\\\/en\\\/produit\\\/the-abduction-of-europa-pompeian-allegory\\\/#primaryimage\"},\"image\":{\"@id\":\"https:\\\/\\\/www.ponvianne-antiquites.fr\\\/en\\\/produit\\\/the-abduction-of-europa-pompeian-allegory\\\/#primaryimage\"},\"thumbnailUrl\":\"https:\\\/\\\/www.ponvianne-antiquites.fr\\\/wp-content\\\/uploads\\\/2026\\\/04\\\/Ponvianne-Antiquites-Allegorie-Europe-1.jpg\",\"datePublished\":\"2026-04-27T19:51:13+00:00\",\"dateModified\":\"2026-04-27T19:51:48+00:00\",\"breadcrumb\":{\"@id\":\"https:\\\/\\\/www.ponvianne-antiquites.fr\\\/en\\\/produit\\\/the-abduction-of-europa-pompeian-allegory\\\/#breadcrumb\"},\"inLanguage\":\"en-US\",\"potentialAction\":[{\"@type\":\"ReadAction\",\"target\":[\"https:\\\/\\\/www.ponvianne-antiquites.fr\\\/en\\\/produit\\\/the-abduction-of-europa-pompeian-allegory\\\/\"]}]},{\"@type\":\"ImageObject\",\"inLanguage\":\"en-US\",\"@id\":\"https:\\\/\\\/www.ponvianne-antiquites.fr\\\/en\\\/produit\\\/the-abduction-of-europa-pompeian-allegory\\\/#primaryimage\",\"url\":\"https:\\\/\\\/www.ponvianne-antiquites.fr\\\/wp-content\\\/uploads\\\/2026\\\/04\\\/Ponvianne-Antiquites-Allegorie-Europe-1.jpg\",\"contentUrl\":\"https:\\\/\\\/www.ponvianne-antiquites.fr\\\/wp-content\\\/uploads\\\/2026\\\/04\\\/Ponvianne-Antiquites-Allegorie-Europe-1.jpg\",\"width\":2560,\"height\":2560},{\"@type\":\"BreadcrumbList\",\"@id\":\"https:\\\/\\\/www.ponvianne-antiquites.fr\\\/en\\\/produit\\\/the-abduction-of-europa-pompeian-allegory\\\/#breadcrumb\",\"itemListElement\":[{\"@type\":\"ListItem\",\"position\":1,\"name\":\"Accueil\",\"item\":\"https:\\\/\\\/www.ponvianne-antiquites.fr\\\/\"},{\"@type\":\"ListItem\",\"position\":2,\"name\":\"Categories\",\"item\":\"https:\\\/\\\/www.ponvianne-antiquites.fr\\\/nos-categories\\\/\"},{\"@type\":\"ListItem\",\"position\":3,\"name\":\"The Abduction Of Europa, Pompeian Allegory\"}]},{\"@type\":\"WebSite\",\"@id\":\"https:\\\/\\\/www.ponvianne-antiquites.fr\\\/#website\",\"url\":\"https:\\\/\\\/www.ponvianne-antiquites.fr\\\/\",\"name\":\"Ponvianne Antiquit\u00e9s - Antiquaire\",\"description\":\"Ponvianne Antiquit\u00e9s - Antiquaire\",\"potentialAction\":[{\"@type\":\"SearchAction\",\"target\":{\"@type\":\"EntryPoint\",\"urlTemplate\":\"https:\\\/\\\/www.ponvianne-antiquites.fr\\\/?s={search_term_string}\"},\"query-input\":{\"@type\":\"PropertyValueSpecification\",\"valueRequired\":true,\"valueName\":\"search_term_string\"}}],\"inLanguage\":\"en-US\"}]}<\/script>\n<!-- \/ Yoast SEO plugin. -->","yoast_head_json":{"title":"The Abduction Of Europa, Pompeian Allegory - Ponvianne Antiquit\u00e9s - Antiquaire","robots":{"index":"index","follow":"follow","max-snippet":"max-snippet:-1","max-image-preview":"max-image-preview:large","max-video-preview":"max-video-preview:-1"},"canonical":"https:\/\/www.ponvianne-antiquites.fr\/en\/produit\/the-abduction-of-europa-pompeian-allegory\/","og_locale":"en_US","og_type":"article","og_title":"The Abduction Of Europa, Pompeian Allegory - Ponvianne Antiquit\u00e9s - Antiquaire","og_description":"L&#8217;enl\u00e9vement d&#8217;Europe, allegory in the style of the woodwork in Marie-Antoinette&#8217;s silver boudoir at the Ch\u00e2teau de Fontainebleau. These woodwork paintings were themselves inspired by Pompeian frescoes. Unsigned oil on canvas framed under glass from the 19th century. Later gilded frame. Note : wear to canvas visible in photos. Two other allegories of the same [&hellip;]","og_url":"https:\/\/www.ponvianne-antiquites.fr\/en\/produit\/the-abduction-of-europa-pompeian-allegory\/","og_site_name":"Ponvianne Antiquit\u00e9s - Antiquaire","article_modified_time":"2026-04-27T19:51:48+00:00","og_image":[{"width":2560,"height":2560,"url":"https:\/\/www.ponvianne-antiquites.fr\/wp-content\/uploads\/2026\/04\/Ponvianne-Antiquites-Allegorie-Europe-1.jpg","type":"image\/jpeg"}],"twitter_card":"summary_large_image","twitter_misc":{"Est. reading time":"2 minutes"},"schema":{"@context":"https:\/\/schema.org","@graph":[{"@type":"WebPage","@id":"https:\/\/www.ponvianne-antiquites.fr\/en\/produit\/the-abduction-of-europa-pompeian-allegory\/","url":"https:\/\/www.ponvianne-antiquites.fr\/en\/produit\/the-abduction-of-europa-pompeian-allegory\/","name":"The Abduction Of Europa, Pompeian Allegory - Ponvianne Antiquit\u00e9s - Antiquaire","isPartOf":{"@id":"https:\/\/www.ponvianne-antiquites.fr\/#website"},"primaryImageOfPage":{"@id":"https:\/\/www.ponvianne-antiquites.fr\/en\/produit\/the-abduction-of-europa-pompeian-allegory\/#primaryimage"},"image":{"@id":"https:\/\/www.ponvianne-antiquites.fr\/en\/produit\/the-abduction-of-europa-pompeian-allegory\/#primaryimage"},"thumbnailUrl":"https:\/\/www.ponvianne-antiquites.fr\/wp-content\/uploads\/2026\/04\/Ponvianne-Antiquites-Allegorie-Europe-1.jpg","datePublished":"2026-04-27T19:51:13+00:00","dateModified":"2026-04-27T19:51:48+00:00","breadcrumb":{"@id":"https:\/\/www.ponvianne-antiquites.fr\/en\/produit\/the-abduction-of-europa-pompeian-allegory\/#breadcrumb"},"inLanguage":"en-US","potentialAction":[{"@type":"ReadAction","target":["https:\/\/www.ponvianne-antiquites.fr\/en\/produit\/the-abduction-of-europa-pompeian-allegory\/"]}]},{"@type":"ImageObject","inLanguage":"en-US","@id":"https:\/\/www.ponvianne-antiquites.fr\/en\/produit\/the-abduction-of-europa-pompeian-allegory\/#primaryimage","url":"https:\/\/www.ponvianne-antiquites.fr\/wp-content\/uploads\/2026\/04\/Ponvianne-Antiquites-Allegorie-Europe-1.jpg","contentUrl":"https:\/\/www.ponvianne-antiquites.fr\/wp-content\/uploads\/2026\/04\/Ponvianne-Antiquites-Allegorie-Europe-1.jpg","width":2560,"height":2560},{"@type":"BreadcrumbList","@id":"https:\/\/www.ponvianne-antiquites.fr\/en\/produit\/the-abduction-of-europa-pompeian-allegory\/#breadcrumb","itemListElement":[{"@type":"ListItem","position":1,"name":"Accueil","item":"https:\/\/www.ponvianne-antiquites.fr\/"},{"@type":"ListItem","position":2,"name":"Categories","item":"https:\/\/www.ponvianne-antiquites.fr\/nos-categories\/"},{"@type":"ListItem","position":3,"name":"The Abduction Of Europa, Pompeian Allegory"}]},{"@type":"WebSite","@id":"https:\/\/www.ponvianne-antiquites.fr\/#website","url":"https:\/\/www.ponvianne-antiquites.fr\/","name":"Ponvianne Antiquit\u00e9s - Antiquaire","description":"Ponvianne Antiquit\u00e9s - Antiquaire","potentialAction":[{"@type":"SearchAction","target":{"@type":"EntryPoint","urlTemplate":"https:\/\/www.ponvianne-antiquites.fr\/?s={search_term_string}"},"query-input":{"@type":"PropertyValueSpecification","valueRequired":true,"valueName":"search_term_string"}}],"inLanguage":"en-US"}]}},"_links":{"self":[{"href":"https:\/\/www.ponvianne-antiquites.fr\/en\/wp-json\/wp\/v2\/product\/89313","targetHints":{"allow":["GET"]}}],"collection":[{"href":"https:\/\/www.ponvianne-antiquites.fr\/en\/wp-json\/wp\/v2\/product"}],"about":[{"href":"https:\/\/www.ponvianne-antiquites.fr\/en\/wp-json\/wp\/v2\/types\/product"}],"wp:featuredmedia":[{"embeddable":true,"href":"https:\/\/www.ponvianne-antiquites.fr\/en\/wp-json\/wp\/v2\/media\/89298"}],"wp:attachment":[{"href":"https:\/\/www.ponvianne-antiquites.fr\/en\/wp-json\/wp\/v2\/media?parent=89313"}],"wp:term":[{"taxonomy":"product_brand","embeddable":true,"href":"https:\/\/www.ponvianne-antiquites.fr\/en\/wp-json\/wp\/v2\/product_brand?post=89313"},{"taxonomy":"product_cat","embeddable":true,"href":"https:\/\/www.ponvianne-antiquites.fr\/en\/wp-json\/wp\/v2\/product_cat?post=89313"},{"taxonomy":"product_tag","embeddable":true,"href":"https:\/\/www.ponvianne-antiquites.fr\/en\/wp-json\/wp\/v2\/product_tag?post=89313"},{"taxonomy":"product_epoque","embeddable":true,"href":"https:\/\/www.ponvianne-antiquites.fr\/en\/wp-json\/wp\/v2\/product_epoque?post=89313"}],"curies":[{"name":"wp","href":"https:\/\/api.w.org\/{rel}","templated":true}]}}