{"id":88728,"date":"2026-04-12T21:29:59","date_gmt":"2026-04-12T19:29:59","guid":{"rendered":"https:\/\/www.ponvianne-antiquites.fr\/?post_type=product&#038;p=88728"},"modified":"2026-04-12T21:30:29","modified_gmt":"2026-04-12T19:30:29","slug":"six-18th-century-engravings-from-recueil-dantiquites-romaines-ou-voyage-ditalie","status":"publish","type":"product","link":"https:\/\/www.ponvianne-antiquites.fr\/en\/produit\/six-18th-century-engravings-from-recueil-dantiquites-romaines-ou-voyage-ditalie\/","title":{"rendered":"Six 18th Century Engravings From : &#8220;recueil d&#8217;Antiquit\u00e9s Romaines Ou Voyage d&#8217;Italie&#8221;"},"content":{"rendered":"<p>Suite of six XVIIIth century engravings from : &#8220;Recueil d&#8217;Antiquit\u00e9s Romaines ou Voyage d&#8217;Italie&#8221;.<br \/>\n&#8220;Dans lequel on trouve divers Vases, Autels, Trepieds, Arabesques et autres Sujets grav\u00e9s d&#8217;apr\u00e8s les Dessins que diff\u00e9rens Artistes ont fait pendant leur s\u00e9jour en Italie, les qui jusqu&#8217;\u00e0 pr\u00e9sent n&#8217;ont pas encore \u00e9t\u00e9 grav\u00e9s.&#8221;<br \/>\nLater gilded frame.<\/p>\n<p>Dimensions with frame: 31 cm x 37.5 cm<br \/>\nDimensions &#8220;at sight&#8221;: 17 cm x 24.5 cm<\/p>\n<p>Possibility of dispatch: France \/ International<br \/>\n<em>As an indication, we systematically reply to all requests for information by e-mail<br \/>\nThank you for remembering to check your spam<\/em><\/p>\n","protected":false},"excerpt":{"rendered":"<p>Suite of six XVIIIth century engravings from : &#8220;Recueil d&#8217;Antiquit\u00e9s Romaines ou Voyage d&#8217;Italie&#8221;. &#8220;Dans lequel on trouve divers Vases, Autels, Trepieds, Arabesques et autres Sujets grav\u00e9s d&#8217;apr\u00e8s les Dessins que diff\u00e9rens Artistes ont fait pendant leur s\u00e9jour en Italie, les qui jusqu&#8217;\u00e0 pr\u00e9sent n&#8217;ont pas encore \u00e9t\u00e9 grav\u00e9s.&#8221; Later gilded frame. Dimensions with frame: [&hellip;]<\/p>\n","protected":false},"featured_media":88711,"template":"","meta":{"_acf_changed":false},"product_brand":[],"product_cat":[137],"product_tag":[],"product_epoque":[71],"class_list":{"0":"post-88728","1":"product","2":"type-product","3":"status-publish","4":"has-post-thumbnail","6":"product_cat-others","7":"product_epoque-18eme-siecle-en","9":"first","10":"instock","11":"shipping-taxable","12":"purchasable","13":"product-type-simple"},"acf":[],"yoast_head":"<!-- This site is optimized with the Yoast SEO plugin v27.3 - https:\/\/yoast.com\/product\/yoast-seo-wordpress\/ -->\n<title>Six 18th Century Engravings From : &quot;recueil d&#039;Antiquit\u00e9s Romaines Ou Voyage d&#039;Italie&quot; - Ponvianne Antiquit\u00e9s - Antiquaire<\/title>\n<meta name=\"robots\" content=\"index, follow, max-snippet:-1, max-image-preview:large, max-video-preview:-1\" \/>\n<link rel=\"canonical\" href=\"https:\/\/www.ponvianne-antiquites.fr\/en\/produit\/six-18th-century-engravings-from-recueil-dantiquites-romaines-ou-voyage-ditalie\/\" \/>\n<meta property=\"og:locale\" content=\"en_US\" \/>\n<meta property=\"og:type\" content=\"article\" \/>\n<meta property=\"og:title\" content=\"Six 18th Century Engravings From : &quot;recueil d&#039;Antiquit\u00e9s Romaines Ou Voyage d&#039;Italie&quot; - Ponvianne Antiquit\u00e9s - Antiquaire\" \/>\n<meta property=\"og:description\" content=\"Suite of six XVIIIth century engravings from : &#8220;Recueil d&#8217;Antiquit\u00e9s Romaines ou Voyage d&#8217;Italie&#8221;. &#8220;Dans lequel on trouve divers Vases, Autels, Trepieds, Arabesques et autres Sujets grav\u00e9s d&#8217;apr\u00e8s les Dessins que diff\u00e9rens Artistes ont fait pendant leur s\u00e9jour en Italie, les qui jusqu&#8217;\u00e0 pr\u00e9sent n&#8217;ont pas encore \u00e9t\u00e9 grav\u00e9s.&#8221; Later gilded frame. Dimensions with frame: [&hellip;]\" \/>\n<meta property=\"og:url\" content=\"https:\/\/www.ponvianne-antiquites.fr\/en\/produit\/six-18th-century-engravings-from-recueil-dantiquites-romaines-ou-voyage-ditalie\/\" \/>\n<meta property=\"og:site_name\" content=\"Ponvianne Antiquit\u00e9s - Antiquaire\" \/>\n<meta property=\"article:modified_time\" content=\"2026-04-12T19:30:29+00:00\" \/>\n<meta property=\"og:image\" content=\"https:\/\/www.ponvianne-antiquites.fr\/wp-content\/uploads\/2026\/04\/Ponvianne-Antiquites-gravures-vases-1.jpg\" \/>\n\t<meta property=\"og:image:width\" content=\"2560\" \/>\n\t<meta property=\"og:image:height\" content=\"2560\" \/>\n\t<meta property=\"og:image:type\" content=\"image\/jpeg\" \/>\n<meta name=\"twitter:card\" content=\"summary_large_image\" \/>\n<meta name=\"twitter:label1\" content=\"Est. reading time\" \/>\n\t<meta name=\"twitter:data1\" content=\"1 minute\" \/>\n<script type=\"application\/ld+json\" class=\"yoast-schema-graph\">{\"@context\":\"https:\\\/\\\/schema.org\",\"@graph\":[{\"@type\":\"WebPage\",\"@id\":\"https:\\\/\\\/www.ponvianne-antiquites.fr\\\/en\\\/produit\\\/six-18th-century-engravings-from-recueil-dantiquites-romaines-ou-voyage-ditalie\\\/\",\"url\":\"https:\\\/\\\/www.ponvianne-antiquites.fr\\\/en\\\/produit\\\/six-18th-century-engravings-from-recueil-dantiquites-romaines-ou-voyage-ditalie\\\/\",\"name\":\"Six 18th Century Engravings From : \\\"recueil d'Antiquit\u00e9s Romaines Ou Voyage d'Italie\\\" - Ponvianne Antiquit\u00e9s - Antiquaire\",\"isPartOf\":{\"@id\":\"https:\\\/\\\/www.ponvianne-antiquites.fr\\\/#website\"},\"primaryImageOfPage\":{\"@id\":\"https:\\\/\\\/www.ponvianne-antiquites.fr\\\/en\\\/produit\\\/six-18th-century-engravings-from-recueil-dantiquites-romaines-ou-voyage-ditalie\\\/#primaryimage\"},\"image\":{\"@id\":\"https:\\\/\\\/www.ponvianne-antiquites.fr\\\/en\\\/produit\\\/six-18th-century-engravings-from-recueil-dantiquites-romaines-ou-voyage-ditalie\\\/#primaryimage\"},\"thumbnailUrl\":\"https:\\\/\\\/www.ponvianne-antiquites.fr\\\/wp-content\\\/uploads\\\/2026\\\/04\\\/Ponvianne-Antiquites-gravures-vases-1.jpg\",\"datePublished\":\"2026-04-12T19:29:59+00:00\",\"dateModified\":\"2026-04-12T19:30:29+00:00\",\"breadcrumb\":{\"@id\":\"https:\\\/\\\/www.ponvianne-antiquites.fr\\\/en\\\/produit\\\/six-18th-century-engravings-from-recueil-dantiquites-romaines-ou-voyage-ditalie\\\/#breadcrumb\"},\"inLanguage\":\"en-US\",\"potentialAction\":[{\"@type\":\"ReadAction\",\"target\":[\"https:\\\/\\\/www.ponvianne-antiquites.fr\\\/en\\\/produit\\\/six-18th-century-engravings-from-recueil-dantiquites-romaines-ou-voyage-ditalie\\\/\"]}]},{\"@type\":\"ImageObject\",\"inLanguage\":\"en-US\",\"@id\":\"https:\\\/\\\/www.ponvianne-antiquites.fr\\\/en\\\/produit\\\/six-18th-century-engravings-from-recueil-dantiquites-romaines-ou-voyage-ditalie\\\/#primaryimage\",\"url\":\"https:\\\/\\\/www.ponvianne-antiquites.fr\\\/wp-content\\\/uploads\\\/2026\\\/04\\\/Ponvianne-Antiquites-gravures-vases-1.jpg\",\"contentUrl\":\"https:\\\/\\\/www.ponvianne-antiquites.fr\\\/wp-content\\\/uploads\\\/2026\\\/04\\\/Ponvianne-Antiquites-gravures-vases-1.jpg\",\"width\":2560,\"height\":2560},{\"@type\":\"BreadcrumbList\",\"@id\":\"https:\\\/\\\/www.ponvianne-antiquites.fr\\\/en\\\/produit\\\/six-18th-century-engravings-from-recueil-dantiquites-romaines-ou-voyage-ditalie\\\/#breadcrumb\",\"itemListElement\":[{\"@type\":\"ListItem\",\"position\":1,\"name\":\"Accueil\",\"item\":\"https:\\\/\\\/www.ponvianne-antiquites.fr\\\/\"},{\"@type\":\"ListItem\",\"position\":2,\"name\":\"Categories\",\"item\":\"https:\\\/\\\/www.ponvianne-antiquites.fr\\\/nos-categories\\\/\"},{\"@type\":\"ListItem\",\"position\":3,\"name\":\"Six 18th Century Engravings From : \u00ab\u00a0recueil d&rsquo;Antiquit\u00e9s Romaines Ou Voyage d&rsquo;Italie\u00a0\u00bb\"}]},{\"@type\":\"WebSite\",\"@id\":\"https:\\\/\\\/www.ponvianne-antiquites.fr\\\/#website\",\"url\":\"https:\\\/\\\/www.ponvianne-antiquites.fr\\\/\",\"name\":\"Ponvianne Antiquit\u00e9s - Antiquaire\",\"description\":\"Ponvianne Antiquit\u00e9s - Antiquaire\",\"potentialAction\":[{\"@type\":\"SearchAction\",\"target\":{\"@type\":\"EntryPoint\",\"urlTemplate\":\"https:\\\/\\\/www.ponvianne-antiquites.fr\\\/?s={search_term_string}\"},\"query-input\":{\"@type\":\"PropertyValueSpecification\",\"valueRequired\":true,\"valueName\":\"search_term_string\"}}],\"inLanguage\":\"en-US\"}]}<\/script>\n<!-- \/ Yoast SEO plugin. -->","yoast_head_json":{"title":"Six 18th Century Engravings From : \"recueil d'Antiquit\u00e9s Romaines Ou Voyage d'Italie\" - Ponvianne Antiquit\u00e9s - Antiquaire","robots":{"index":"index","follow":"follow","max-snippet":"max-snippet:-1","max-image-preview":"max-image-preview:large","max-video-preview":"max-video-preview:-1"},"canonical":"https:\/\/www.ponvianne-antiquites.fr\/en\/produit\/six-18th-century-engravings-from-recueil-dantiquites-romaines-ou-voyage-ditalie\/","og_locale":"en_US","og_type":"article","og_title":"Six 18th Century Engravings From : \"recueil d'Antiquit\u00e9s Romaines Ou Voyage d'Italie\" - Ponvianne Antiquit\u00e9s - Antiquaire","og_description":"Suite of six XVIIIth century engravings from : &#8220;Recueil d&#8217;Antiquit\u00e9s Romaines ou Voyage d&#8217;Italie&#8221;. &#8220;Dans lequel on trouve divers Vases, Autels, Trepieds, Arabesques et autres Sujets grav\u00e9s d&#8217;apr\u00e8s les Dessins que diff\u00e9rens Artistes ont fait pendant leur s\u00e9jour en Italie, les qui jusqu&#8217;\u00e0 pr\u00e9sent n&#8217;ont pas encore \u00e9t\u00e9 grav\u00e9s.&#8221; Later gilded frame. Dimensions with frame: [&hellip;]","og_url":"https:\/\/www.ponvianne-antiquites.fr\/en\/produit\/six-18th-century-engravings-from-recueil-dantiquites-romaines-ou-voyage-ditalie\/","og_site_name":"Ponvianne Antiquit\u00e9s - Antiquaire","article_modified_time":"2026-04-12T19:30:29+00:00","og_image":[{"width":2560,"height":2560,"url":"https:\/\/www.ponvianne-antiquites.fr\/wp-content\/uploads\/2026\/04\/Ponvianne-Antiquites-gravures-vases-1.jpg","type":"image\/jpeg"}],"twitter_card":"summary_large_image","twitter_misc":{"Est. reading time":"1 minute"},"schema":{"@context":"https:\/\/schema.org","@graph":[{"@type":"WebPage","@id":"https:\/\/www.ponvianne-antiquites.fr\/en\/produit\/six-18th-century-engravings-from-recueil-dantiquites-romaines-ou-voyage-ditalie\/","url":"https:\/\/www.ponvianne-antiquites.fr\/en\/produit\/six-18th-century-engravings-from-recueil-dantiquites-romaines-ou-voyage-ditalie\/","name":"Six 18th Century Engravings From : \"recueil d'Antiquit\u00e9s Romaines Ou Voyage d'Italie\" - Ponvianne Antiquit\u00e9s - Antiquaire","isPartOf":{"@id":"https:\/\/www.ponvianne-antiquites.fr\/#website"},"primaryImageOfPage":{"@id":"https:\/\/www.ponvianne-antiquites.fr\/en\/produit\/six-18th-century-engravings-from-recueil-dantiquites-romaines-ou-voyage-ditalie\/#primaryimage"},"image":{"@id":"https:\/\/www.ponvianne-antiquites.fr\/en\/produit\/six-18th-century-engravings-from-recueil-dantiquites-romaines-ou-voyage-ditalie\/#primaryimage"},"thumbnailUrl":"https:\/\/www.ponvianne-antiquites.fr\/wp-content\/uploads\/2026\/04\/Ponvianne-Antiquites-gravures-vases-1.jpg","datePublished":"2026-04-12T19:29:59+00:00","dateModified":"2026-04-12T19:30:29+00:00","breadcrumb":{"@id":"https:\/\/www.ponvianne-antiquites.fr\/en\/produit\/six-18th-century-engravings-from-recueil-dantiquites-romaines-ou-voyage-ditalie\/#breadcrumb"},"inLanguage":"en-US","potentialAction":[{"@type":"ReadAction","target":["https:\/\/www.ponvianne-antiquites.fr\/en\/produit\/six-18th-century-engravings-from-recueil-dantiquites-romaines-ou-voyage-ditalie\/"]}]},{"@type":"ImageObject","inLanguage":"en-US","@id":"https:\/\/www.ponvianne-antiquites.fr\/en\/produit\/six-18th-century-engravings-from-recueil-dantiquites-romaines-ou-voyage-ditalie\/#primaryimage","url":"https:\/\/www.ponvianne-antiquites.fr\/wp-content\/uploads\/2026\/04\/Ponvianne-Antiquites-gravures-vases-1.jpg","contentUrl":"https:\/\/www.ponvianne-antiquites.fr\/wp-content\/uploads\/2026\/04\/Ponvianne-Antiquites-gravures-vases-1.jpg","width":2560,"height":2560},{"@type":"BreadcrumbList","@id":"https:\/\/www.ponvianne-antiquites.fr\/en\/produit\/six-18th-century-engravings-from-recueil-dantiquites-romaines-ou-voyage-ditalie\/#breadcrumb","itemListElement":[{"@type":"ListItem","position":1,"name":"Accueil","item":"https:\/\/www.ponvianne-antiquites.fr\/"},{"@type":"ListItem","position":2,"name":"Categories","item":"https:\/\/www.ponvianne-antiquites.fr\/nos-categories\/"},{"@type":"ListItem","position":3,"name":"Six 18th Century Engravings From : \u00ab\u00a0recueil d&rsquo;Antiquit\u00e9s Romaines Ou Voyage d&rsquo;Italie\u00a0\u00bb"}]},{"@type":"WebSite","@id":"https:\/\/www.ponvianne-antiquites.fr\/#website","url":"https:\/\/www.ponvianne-antiquites.fr\/","name":"Ponvianne Antiquit\u00e9s - Antiquaire","description":"Ponvianne Antiquit\u00e9s - Antiquaire","potentialAction":[{"@type":"SearchAction","target":{"@type":"EntryPoint","urlTemplate":"https:\/\/www.ponvianne-antiquites.fr\/?s={search_term_string}"},"query-input":{"@type":"PropertyValueSpecification","valueRequired":true,"valueName":"search_term_string"}}],"inLanguage":"en-US"}]}},"_links":{"self":[{"href":"https:\/\/www.ponvianne-antiquites.fr\/en\/wp-json\/wp\/v2\/product\/88728","targetHints":{"allow":["GET"]}}],"collection":[{"href":"https:\/\/www.ponvianne-antiquites.fr\/en\/wp-json\/wp\/v2\/product"}],"about":[{"href":"https:\/\/www.ponvianne-antiquites.fr\/en\/wp-json\/wp\/v2\/types\/product"}],"wp:featuredmedia":[{"embeddable":true,"href":"https:\/\/www.ponvianne-antiquites.fr\/en\/wp-json\/wp\/v2\/media\/88711"}],"wp:attachment":[{"href":"https:\/\/www.ponvianne-antiquites.fr\/en\/wp-json\/wp\/v2\/media?parent=88728"}],"wp:term":[{"taxonomy":"product_brand","embeddable":true,"href":"https:\/\/www.ponvianne-antiquites.fr\/en\/wp-json\/wp\/v2\/product_brand?post=88728"},{"taxonomy":"product_cat","embeddable":true,"href":"https:\/\/www.ponvianne-antiquites.fr\/en\/wp-json\/wp\/v2\/product_cat?post=88728"},{"taxonomy":"product_tag","embeddable":true,"href":"https:\/\/www.ponvianne-antiquites.fr\/en\/wp-json\/wp\/v2\/product_tag?post=88728"},{"taxonomy":"product_epoque","embeddable":true,"href":"https:\/\/www.ponvianne-antiquites.fr\/en\/wp-json\/wp\/v2\/product_epoque?post=88728"}],"curies":[{"name":"wp","href":"https:\/\/api.w.org\/{rel}","templated":true}]}}