{"id":88631,"date":"2026-04-08T22:19:30","date_gmt":"2026-04-08T20:19:30","guid":{"rendered":"https:\/\/www.ponvianne-antiquites.fr\/?post_type=product&#038;p=88631"},"modified":"2026-04-08T22:31:49","modified_gmt":"2026-04-08T20:31:49","slug":"madeira-wren-by-pancrace-bessa-watercolor-of-bird-19th-century","status":"publish","type":"product","link":"https:\/\/www.ponvianne-antiquites.fr\/en\/produit\/madeira-wren-by-pancrace-bessa-watercolor-of-bird-19th-century\/","title":{"rendered":"Madeira Wren By Pancrace Bessa, Watercolor Of Bird 19th Century"},"content":{"rendered":"<p>Roitelet de Made\u00e8re by Pancrace Bessa (1772 &#8211; 1835 or 1846).<br \/>\nWatercolor on paper signed lower right, first half of the 19th century.<br \/>\nGold leaf frame and original bubble glass.<\/p>\n<p>Pancrace Bessa served in the Dutch campaign under Charles Pichegru. It was there that his vocation was born; he discovered the beauty of flowers and became interested in the representation of nature through painting. He studied botany and zoology and became a pupil of G\u00e9rard van Spaendonck (1746-1822), then of Pierre Joseph Redout\u00e9 (1759-1840), with whom he later collaborated.<br \/>\nHe specialized in the art of depicting flowers, fruit and birds. From 1806 to 1831, he exhibited regularly at the Paris Salon. In 1810, he published his first issue of the Herbier g\u00e9n\u00e9ral de l&#8217;amateur, for which he was the sole illustrator until 1827.<br \/>\nIn 1816, the Duchess of Berry, to whom he gave watercolor lessons, took him under her protection. He collaborated with Redout\u00e9 and Ad\u00e8le Richer on the illustration of Michaux&#8217;s Histoire des arbres forestiers d&#8217;Am\u00e9rique septentrionnale. In 1821, he published a Histoire des Tulipes and, later, a Histoire des Roses. In 1823, he succeeded Henri-Joseph Redout\u00e9 as painter at the Mus\u00e9um d&#8217;histoire naturelle.<br \/>\nSource : Wikipedia, Benezit, Les Peintre d&#8217;Ecouen&#8230;<\/p>\n<p>Dimensions with frame : 21 cm x 26.5 cm<br \/>\nDimensions &#8220;A vue&#8221; : 10.3 cm x 15 cm<\/p>\n<p>Possibility of shipment: France \/ International<br \/>\n<em>For information, we systematically reply to all requests for information by e-mail<br \/>\nThank you for remembering to check your spam<\/em>.<\/p>\n","protected":false},"excerpt":{"rendered":"<p>Roitelet de Made\u00e8re by Pancrace Bessa (1772 &#8211; 1835 or 1846). Watercolor on paper signed lower right, first half of the 19th century. Gold leaf frame and original bubble glass. Pancrace Bessa served in the Dutch campaign under Charles Pichegru. It was there that his vocation was born; he discovered the beauty of flowers and [&hellip;]<\/p>\n","protected":false},"featured_media":88612,"template":"","meta":{"_acf_changed":false},"product_brand":[],"product_cat":[137],"product_tag":[],"product_epoque":[72],"class_list":{"0":"post-88631","1":"product","2":"type-product","3":"status-publish","4":"has-post-thumbnail","6":"product_cat-others","7":"product_epoque-19eme-siecle-en","9":"first","10":"instock","11":"shipping-taxable","12":"purchasable","13":"product-type-simple"},"acf":[],"yoast_head":"<!-- This site is optimized with the Yoast SEO plugin v27.3 - https:\/\/yoast.com\/product\/yoast-seo-wordpress\/ -->\n<title>Madeira Wren By Pancrace Bessa, Watercolor Of Bird 19th Century - Ponvianne Antiquit\u00e9s - Antiquaire<\/title>\n<meta name=\"robots\" content=\"index, follow, max-snippet:-1, max-image-preview:large, max-video-preview:-1\" \/>\n<link rel=\"canonical\" href=\"https:\/\/www.ponvianne-antiquites.fr\/en\/produit\/madeira-wren-by-pancrace-bessa-watercolor-of-bird-19th-century\/\" \/>\n<meta property=\"og:locale\" content=\"en_US\" \/>\n<meta property=\"og:type\" content=\"article\" \/>\n<meta property=\"og:title\" content=\"Madeira Wren By Pancrace Bessa, Watercolor Of Bird 19th Century - Ponvianne Antiquit\u00e9s - Antiquaire\" \/>\n<meta property=\"og:description\" content=\"Roitelet de Made\u00e8re by Pancrace Bessa (1772 &#8211; 1835 or 1846). Watercolor on paper signed lower right, first half of the 19th century. Gold leaf frame and original bubble glass. Pancrace Bessa served in the Dutch campaign under Charles Pichegru. It was there that his vocation was born; he discovered the beauty of flowers and [&hellip;]\" \/>\n<meta property=\"og:url\" content=\"https:\/\/www.ponvianne-antiquites.fr\/en\/produit\/madeira-wren-by-pancrace-bessa-watercolor-of-bird-19th-century\/\" \/>\n<meta property=\"og:site_name\" content=\"Ponvianne Antiquit\u00e9s - Antiquaire\" \/>\n<meta property=\"article:modified_time\" content=\"2026-04-08T20:31:49+00:00\" \/>\n<meta property=\"og:image\" content=\"https:\/\/www.ponvianne-antiquites.fr\/wp-content\/uploads\/2026\/04\/Ponvianne-Antiquites-aquarelle-oiseau-Bessa-1.jpg\" \/>\n\t<meta property=\"og:image:width\" content=\"2560\" \/>\n\t<meta property=\"og:image:height\" content=\"2560\" \/>\n\t<meta property=\"og:image:type\" content=\"image\/jpeg\" \/>\n<meta name=\"twitter:card\" content=\"summary_large_image\" \/>\n<script type=\"application\/ld+json\" class=\"yoast-schema-graph\">{\"@context\":\"https:\\\/\\\/schema.org\",\"@graph\":[{\"@type\":\"WebPage\",\"@id\":\"https:\\\/\\\/www.ponvianne-antiquites.fr\\\/en\\\/produit\\\/madeira-wren-by-pancrace-bessa-watercolor-of-bird-19th-century\\\/\",\"url\":\"https:\\\/\\\/www.ponvianne-antiquites.fr\\\/en\\\/produit\\\/madeira-wren-by-pancrace-bessa-watercolor-of-bird-19th-century\\\/\",\"name\":\"Madeira Wren By Pancrace Bessa, Watercolor Of Bird 19th Century - Ponvianne Antiquit\u00e9s - Antiquaire\",\"isPartOf\":{\"@id\":\"https:\\\/\\\/www.ponvianne-antiquites.fr\\\/#website\"},\"primaryImageOfPage\":{\"@id\":\"https:\\\/\\\/www.ponvianne-antiquites.fr\\\/en\\\/produit\\\/madeira-wren-by-pancrace-bessa-watercolor-of-bird-19th-century\\\/#primaryimage\"},\"image\":{\"@id\":\"https:\\\/\\\/www.ponvianne-antiquites.fr\\\/en\\\/produit\\\/madeira-wren-by-pancrace-bessa-watercolor-of-bird-19th-century\\\/#primaryimage\"},\"thumbnailUrl\":\"https:\\\/\\\/www.ponvianne-antiquites.fr\\\/wp-content\\\/uploads\\\/2026\\\/04\\\/Ponvianne-Antiquites-aquarelle-oiseau-Bessa-1.jpg\",\"datePublished\":\"2026-04-08T20:19:30+00:00\",\"dateModified\":\"2026-04-08T20:31:49+00:00\",\"breadcrumb\":{\"@id\":\"https:\\\/\\\/www.ponvianne-antiquites.fr\\\/en\\\/produit\\\/madeira-wren-by-pancrace-bessa-watercolor-of-bird-19th-century\\\/#breadcrumb\"},\"inLanguage\":\"en-US\",\"potentialAction\":[{\"@type\":\"ReadAction\",\"target\":[\"https:\\\/\\\/www.ponvianne-antiquites.fr\\\/en\\\/produit\\\/madeira-wren-by-pancrace-bessa-watercolor-of-bird-19th-century\\\/\"]}]},{\"@type\":\"ImageObject\",\"inLanguage\":\"en-US\",\"@id\":\"https:\\\/\\\/www.ponvianne-antiquites.fr\\\/en\\\/produit\\\/madeira-wren-by-pancrace-bessa-watercolor-of-bird-19th-century\\\/#primaryimage\",\"url\":\"https:\\\/\\\/www.ponvianne-antiquites.fr\\\/wp-content\\\/uploads\\\/2026\\\/04\\\/Ponvianne-Antiquites-aquarelle-oiseau-Bessa-1.jpg\",\"contentUrl\":\"https:\\\/\\\/www.ponvianne-antiquites.fr\\\/wp-content\\\/uploads\\\/2026\\\/04\\\/Ponvianne-Antiquites-aquarelle-oiseau-Bessa-1.jpg\",\"width\":2560,\"height\":2560},{\"@type\":\"BreadcrumbList\",\"@id\":\"https:\\\/\\\/www.ponvianne-antiquites.fr\\\/en\\\/produit\\\/madeira-wren-by-pancrace-bessa-watercolor-of-bird-19th-century\\\/#breadcrumb\",\"itemListElement\":[{\"@type\":\"ListItem\",\"position\":1,\"name\":\"Accueil\",\"item\":\"https:\\\/\\\/www.ponvianne-antiquites.fr\\\/\"},{\"@type\":\"ListItem\",\"position\":2,\"name\":\"Categories\",\"item\":\"https:\\\/\\\/www.ponvianne-antiquites.fr\\\/nos-categories\\\/\"},{\"@type\":\"ListItem\",\"position\":3,\"name\":\"Madeira Wren By Pancrace Bessa, Watercolor Of Bird 19th Century\"}]},{\"@type\":\"WebSite\",\"@id\":\"https:\\\/\\\/www.ponvianne-antiquites.fr\\\/#website\",\"url\":\"https:\\\/\\\/www.ponvianne-antiquites.fr\\\/\",\"name\":\"Ponvianne Antiquit\u00e9s - Antiquaire\",\"description\":\"Ponvianne Antiquit\u00e9s - Antiquaire\",\"potentialAction\":[{\"@type\":\"SearchAction\",\"target\":{\"@type\":\"EntryPoint\",\"urlTemplate\":\"https:\\\/\\\/www.ponvianne-antiquites.fr\\\/?s={search_term_string}\"},\"query-input\":{\"@type\":\"PropertyValueSpecification\",\"valueRequired\":true,\"valueName\":\"search_term_string\"}}],\"inLanguage\":\"en-US\"}]}<\/script>\n<!-- \/ Yoast SEO plugin. -->","yoast_head_json":{"title":"Madeira Wren By Pancrace Bessa, Watercolor Of Bird 19th Century - Ponvianne Antiquit\u00e9s - Antiquaire","robots":{"index":"index","follow":"follow","max-snippet":"max-snippet:-1","max-image-preview":"max-image-preview:large","max-video-preview":"max-video-preview:-1"},"canonical":"https:\/\/www.ponvianne-antiquites.fr\/en\/produit\/madeira-wren-by-pancrace-bessa-watercolor-of-bird-19th-century\/","og_locale":"en_US","og_type":"article","og_title":"Madeira Wren By Pancrace Bessa, Watercolor Of Bird 19th Century - Ponvianne Antiquit\u00e9s - Antiquaire","og_description":"Roitelet de Made\u00e8re by Pancrace Bessa (1772 &#8211; 1835 or 1846). Watercolor on paper signed lower right, first half of the 19th century. Gold leaf frame and original bubble glass. Pancrace Bessa served in the Dutch campaign under Charles Pichegru. It was there that his vocation was born; he discovered the beauty of flowers and [&hellip;]","og_url":"https:\/\/www.ponvianne-antiquites.fr\/en\/produit\/madeira-wren-by-pancrace-bessa-watercolor-of-bird-19th-century\/","og_site_name":"Ponvianne Antiquit\u00e9s - Antiquaire","article_modified_time":"2026-04-08T20:31:49+00:00","og_image":[{"width":2560,"height":2560,"url":"https:\/\/www.ponvianne-antiquites.fr\/wp-content\/uploads\/2026\/04\/Ponvianne-Antiquites-aquarelle-oiseau-Bessa-1.jpg","type":"image\/jpeg"}],"twitter_card":"summary_large_image","schema":{"@context":"https:\/\/schema.org","@graph":[{"@type":"WebPage","@id":"https:\/\/www.ponvianne-antiquites.fr\/en\/produit\/madeira-wren-by-pancrace-bessa-watercolor-of-bird-19th-century\/","url":"https:\/\/www.ponvianne-antiquites.fr\/en\/produit\/madeira-wren-by-pancrace-bessa-watercolor-of-bird-19th-century\/","name":"Madeira Wren By Pancrace Bessa, Watercolor Of Bird 19th Century - Ponvianne Antiquit\u00e9s - Antiquaire","isPartOf":{"@id":"https:\/\/www.ponvianne-antiquites.fr\/#website"},"primaryImageOfPage":{"@id":"https:\/\/www.ponvianne-antiquites.fr\/en\/produit\/madeira-wren-by-pancrace-bessa-watercolor-of-bird-19th-century\/#primaryimage"},"image":{"@id":"https:\/\/www.ponvianne-antiquites.fr\/en\/produit\/madeira-wren-by-pancrace-bessa-watercolor-of-bird-19th-century\/#primaryimage"},"thumbnailUrl":"https:\/\/www.ponvianne-antiquites.fr\/wp-content\/uploads\/2026\/04\/Ponvianne-Antiquites-aquarelle-oiseau-Bessa-1.jpg","datePublished":"2026-04-08T20:19:30+00:00","dateModified":"2026-04-08T20:31:49+00:00","breadcrumb":{"@id":"https:\/\/www.ponvianne-antiquites.fr\/en\/produit\/madeira-wren-by-pancrace-bessa-watercolor-of-bird-19th-century\/#breadcrumb"},"inLanguage":"en-US","potentialAction":[{"@type":"ReadAction","target":["https:\/\/www.ponvianne-antiquites.fr\/en\/produit\/madeira-wren-by-pancrace-bessa-watercolor-of-bird-19th-century\/"]}]},{"@type":"ImageObject","inLanguage":"en-US","@id":"https:\/\/www.ponvianne-antiquites.fr\/en\/produit\/madeira-wren-by-pancrace-bessa-watercolor-of-bird-19th-century\/#primaryimage","url":"https:\/\/www.ponvianne-antiquites.fr\/wp-content\/uploads\/2026\/04\/Ponvianne-Antiquites-aquarelle-oiseau-Bessa-1.jpg","contentUrl":"https:\/\/www.ponvianne-antiquites.fr\/wp-content\/uploads\/2026\/04\/Ponvianne-Antiquites-aquarelle-oiseau-Bessa-1.jpg","width":2560,"height":2560},{"@type":"BreadcrumbList","@id":"https:\/\/www.ponvianne-antiquites.fr\/en\/produit\/madeira-wren-by-pancrace-bessa-watercolor-of-bird-19th-century\/#breadcrumb","itemListElement":[{"@type":"ListItem","position":1,"name":"Accueil","item":"https:\/\/www.ponvianne-antiquites.fr\/"},{"@type":"ListItem","position":2,"name":"Categories","item":"https:\/\/www.ponvianne-antiquites.fr\/nos-categories\/"},{"@type":"ListItem","position":3,"name":"Madeira Wren By Pancrace Bessa, Watercolor Of Bird 19th Century"}]},{"@type":"WebSite","@id":"https:\/\/www.ponvianne-antiquites.fr\/#website","url":"https:\/\/www.ponvianne-antiquites.fr\/","name":"Ponvianne Antiquit\u00e9s - Antiquaire","description":"Ponvianne Antiquit\u00e9s - Antiquaire","potentialAction":[{"@type":"SearchAction","target":{"@type":"EntryPoint","urlTemplate":"https:\/\/www.ponvianne-antiquites.fr\/?s={search_term_string}"},"query-input":{"@type":"PropertyValueSpecification","valueRequired":true,"valueName":"search_term_string"}}],"inLanguage":"en-US"}]}},"_links":{"self":[{"href":"https:\/\/www.ponvianne-antiquites.fr\/en\/wp-json\/wp\/v2\/product\/88631","targetHints":{"allow":["GET"]}}],"collection":[{"href":"https:\/\/www.ponvianne-antiquites.fr\/en\/wp-json\/wp\/v2\/product"}],"about":[{"href":"https:\/\/www.ponvianne-antiquites.fr\/en\/wp-json\/wp\/v2\/types\/product"}],"wp:featuredmedia":[{"embeddable":true,"href":"https:\/\/www.ponvianne-antiquites.fr\/en\/wp-json\/wp\/v2\/media\/88612"}],"wp:attachment":[{"href":"https:\/\/www.ponvianne-antiquites.fr\/en\/wp-json\/wp\/v2\/media?parent=88631"}],"wp:term":[{"taxonomy":"product_brand","embeddable":true,"href":"https:\/\/www.ponvianne-antiquites.fr\/en\/wp-json\/wp\/v2\/product_brand?post=88631"},{"taxonomy":"product_cat","embeddable":true,"href":"https:\/\/www.ponvianne-antiquites.fr\/en\/wp-json\/wp\/v2\/product_cat?post=88631"},{"taxonomy":"product_tag","embeddable":true,"href":"https:\/\/www.ponvianne-antiquites.fr\/en\/wp-json\/wp\/v2\/product_tag?post=88631"},{"taxonomy":"product_epoque","embeddable":true,"href":"https:\/\/www.ponvianne-antiquites.fr\/en\/wp-json\/wp\/v2\/product_epoque?post=88631"}],"curies":[{"name":"wp","href":"https:\/\/api.w.org\/{rel}","templated":true}]}}