{"id":88580,"date":"2026-04-08T10:13:20","date_gmt":"2026-04-08T08:13:20","guid":{"rendered":"https:\/\/www.ponvianne-antiquites.fr\/?post_type=product&#038;p=88580"},"modified":"2026-04-08T10:14:18","modified_gmt":"2026-04-08T08:14:18","slug":"pair-of-lithographs-la-lecon-de-piano-forte-et-de-harpe-restoration-period","status":"publish","type":"product","link":"https:\/\/www.ponvianne-antiquites.fr\/en\/produit\/pair-of-lithographs-la-lecon-de-piano-forte-et-de-harpe-restoration-period\/","title":{"rendered":"Pair Of Lithographs : La Le\u00e7on De Piano-forte Et De Harpe, Restoration Period"},"content":{"rendered":"<p>La le\u00e7on de Piano-forte et de Harpe, Restoration period (circa 1830).<br \/>\nUnsigned lithographs on paper.<br \/>\nOriginal leaf gilt framing.<br \/>\nNote : slight foxing on paper.<\/p>\n<p>Dimensions with frame :<br \/>\nHarp : 58.5 cm x 50 cm<br \/>\nPiano-forte : 56.5 x 48 cm<\/p>\n<p>Dimensions &#8220;on view&#8221; :<br \/>\nHarp : 33 cm x 26 cm<br \/>\nPiano-forte : 33 cm x 26 cm<\/p>\n<p>Possibility of shipment: France \/ International<br \/>\n<em>As an indication, we systematically reply to all requests for information by e-mail<br \/>\nThank you for thinking about checking your spam.<\/em><\/p>\n","protected":false},"excerpt":{"rendered":"<p>La le\u00e7on de Piano-forte et de Harpe, Restoration period (circa 1830). Unsigned lithographs on paper. Original leaf gilt framing. Note : slight foxing on paper. Dimensions with frame : Harp : 58.5 cm x 50 cm Piano-forte : 56.5 x 48 cm Dimensions &#8220;on view&#8221; : Harp : 33 cm x 26 cm Piano-forte : [&hellip;]<\/p>\n","protected":false},"featured_media":88556,"template":"","meta":{"_acf_changed":false},"product_brand":[],"product_cat":[137],"product_tag":[],"product_epoque":[72],"class_list":{"0":"post-88580","1":"product","2":"type-product","3":"status-publish","4":"has-post-thumbnail","6":"product_cat-others","7":"product_epoque-19eme-siecle-en","9":"first","10":"instock","11":"shipping-taxable","12":"purchasable","13":"product-type-simple"},"acf":[],"yoast_head":"<!-- This site is optimized with the Yoast SEO plugin v27.3 - https:\/\/yoast.com\/product\/yoast-seo-wordpress\/ -->\n<title>Pair Of Lithographs : La Le\u00e7on De Piano-forte Et De Harpe, Restoration Period - Ponvianne Antiquit\u00e9s - Antiquaire<\/title>\n<meta name=\"robots\" content=\"index, follow, max-snippet:-1, max-image-preview:large, max-video-preview:-1\" \/>\n<link rel=\"canonical\" href=\"https:\/\/www.ponvianne-antiquites.fr\/en\/produit\/pair-of-lithographs-la-lecon-de-piano-forte-et-de-harpe-restoration-period\/\" \/>\n<meta property=\"og:locale\" content=\"en_US\" \/>\n<meta property=\"og:type\" content=\"article\" \/>\n<meta property=\"og:title\" content=\"Pair Of Lithographs : La Le\u00e7on De Piano-forte Et De Harpe, Restoration Period - Ponvianne Antiquit\u00e9s - Antiquaire\" \/>\n<meta property=\"og:description\" content=\"La le\u00e7on de Piano-forte et de Harpe, Restoration period (circa 1830). Unsigned lithographs on paper. Original leaf gilt framing. Note : slight foxing on paper. Dimensions with frame : Harp : 58.5 cm x 50 cm Piano-forte : 56.5 x 48 cm Dimensions &#8220;on view&#8221; : Harp : 33 cm x 26 cm Piano-forte : [&hellip;]\" \/>\n<meta property=\"og:url\" content=\"https:\/\/www.ponvianne-antiquites.fr\/en\/produit\/pair-of-lithographs-la-lecon-de-piano-forte-et-de-harpe-restoration-period\/\" \/>\n<meta property=\"og:site_name\" content=\"Ponvianne Antiquit\u00e9s - Antiquaire\" \/>\n<meta property=\"article:modified_time\" content=\"2026-04-08T08:14:18+00:00\" \/>\n<meta property=\"og:image\" content=\"https:\/\/www.ponvianne-antiquites.fr\/wp-content\/uploads\/2026\/04\/Ponvianne-Antiquites-paire-litho-Restauration-1.jpg\" \/>\n\t<meta property=\"og:image:width\" content=\"2560\" \/>\n\t<meta property=\"og:image:height\" content=\"2560\" \/>\n\t<meta property=\"og:image:type\" content=\"image\/jpeg\" \/>\n<meta name=\"twitter:card\" content=\"summary_large_image\" \/>\n<meta name=\"twitter:label1\" content=\"Est. reading time\" \/>\n\t<meta name=\"twitter:data1\" content=\"1 minute\" \/>\n<script type=\"application\/ld+json\" class=\"yoast-schema-graph\">{\"@context\":\"https:\\\/\\\/schema.org\",\"@graph\":[{\"@type\":\"WebPage\",\"@id\":\"https:\\\/\\\/www.ponvianne-antiquites.fr\\\/en\\\/produit\\\/pair-of-lithographs-la-lecon-de-piano-forte-et-de-harpe-restoration-period\\\/\",\"url\":\"https:\\\/\\\/www.ponvianne-antiquites.fr\\\/en\\\/produit\\\/pair-of-lithographs-la-lecon-de-piano-forte-et-de-harpe-restoration-period\\\/\",\"name\":\"Pair Of Lithographs : La Le\u00e7on De Piano-forte Et De Harpe, Restoration Period - Ponvianne Antiquit\u00e9s - Antiquaire\",\"isPartOf\":{\"@id\":\"https:\\\/\\\/www.ponvianne-antiquites.fr\\\/#website\"},\"primaryImageOfPage\":{\"@id\":\"https:\\\/\\\/www.ponvianne-antiquites.fr\\\/en\\\/produit\\\/pair-of-lithographs-la-lecon-de-piano-forte-et-de-harpe-restoration-period\\\/#primaryimage\"},\"image\":{\"@id\":\"https:\\\/\\\/www.ponvianne-antiquites.fr\\\/en\\\/produit\\\/pair-of-lithographs-la-lecon-de-piano-forte-et-de-harpe-restoration-period\\\/#primaryimage\"},\"thumbnailUrl\":\"https:\\\/\\\/www.ponvianne-antiquites.fr\\\/wp-content\\\/uploads\\\/2026\\\/04\\\/Ponvianne-Antiquites-paire-litho-Restauration-1.jpg\",\"datePublished\":\"2026-04-08T08:13:20+00:00\",\"dateModified\":\"2026-04-08T08:14:18+00:00\",\"breadcrumb\":{\"@id\":\"https:\\\/\\\/www.ponvianne-antiquites.fr\\\/en\\\/produit\\\/pair-of-lithographs-la-lecon-de-piano-forte-et-de-harpe-restoration-period\\\/#breadcrumb\"},\"inLanguage\":\"en-US\",\"potentialAction\":[{\"@type\":\"ReadAction\",\"target\":[\"https:\\\/\\\/www.ponvianne-antiquites.fr\\\/en\\\/produit\\\/pair-of-lithographs-la-lecon-de-piano-forte-et-de-harpe-restoration-period\\\/\"]}]},{\"@type\":\"ImageObject\",\"inLanguage\":\"en-US\",\"@id\":\"https:\\\/\\\/www.ponvianne-antiquites.fr\\\/en\\\/produit\\\/pair-of-lithographs-la-lecon-de-piano-forte-et-de-harpe-restoration-period\\\/#primaryimage\",\"url\":\"https:\\\/\\\/www.ponvianne-antiquites.fr\\\/wp-content\\\/uploads\\\/2026\\\/04\\\/Ponvianne-Antiquites-paire-litho-Restauration-1.jpg\",\"contentUrl\":\"https:\\\/\\\/www.ponvianne-antiquites.fr\\\/wp-content\\\/uploads\\\/2026\\\/04\\\/Ponvianne-Antiquites-paire-litho-Restauration-1.jpg\",\"width\":2560,\"height\":2560},{\"@type\":\"BreadcrumbList\",\"@id\":\"https:\\\/\\\/www.ponvianne-antiquites.fr\\\/en\\\/produit\\\/pair-of-lithographs-la-lecon-de-piano-forte-et-de-harpe-restoration-period\\\/#breadcrumb\",\"itemListElement\":[{\"@type\":\"ListItem\",\"position\":1,\"name\":\"Accueil\",\"item\":\"https:\\\/\\\/www.ponvianne-antiquites.fr\\\/\"},{\"@type\":\"ListItem\",\"position\":2,\"name\":\"Categories\",\"item\":\"https:\\\/\\\/www.ponvianne-antiquites.fr\\\/nos-categories\\\/\"},{\"@type\":\"ListItem\",\"position\":3,\"name\":\"Pair Of Lithographs : La Le\u00e7on De Piano-forte Et De Harpe, Restoration Period\"}]},{\"@type\":\"WebSite\",\"@id\":\"https:\\\/\\\/www.ponvianne-antiquites.fr\\\/#website\",\"url\":\"https:\\\/\\\/www.ponvianne-antiquites.fr\\\/\",\"name\":\"Ponvianne Antiquit\u00e9s - Antiquaire\",\"description\":\"Ponvianne Antiquit\u00e9s - Antiquaire\",\"potentialAction\":[{\"@type\":\"SearchAction\",\"target\":{\"@type\":\"EntryPoint\",\"urlTemplate\":\"https:\\\/\\\/www.ponvianne-antiquites.fr\\\/?s={search_term_string}\"},\"query-input\":{\"@type\":\"PropertyValueSpecification\",\"valueRequired\":true,\"valueName\":\"search_term_string\"}}],\"inLanguage\":\"en-US\"}]}<\/script>\n<!-- \/ Yoast SEO plugin. -->","yoast_head_json":{"title":"Pair Of Lithographs : La Le\u00e7on De Piano-forte Et De Harpe, Restoration Period - Ponvianne Antiquit\u00e9s - Antiquaire","robots":{"index":"index","follow":"follow","max-snippet":"max-snippet:-1","max-image-preview":"max-image-preview:large","max-video-preview":"max-video-preview:-1"},"canonical":"https:\/\/www.ponvianne-antiquites.fr\/en\/produit\/pair-of-lithographs-la-lecon-de-piano-forte-et-de-harpe-restoration-period\/","og_locale":"en_US","og_type":"article","og_title":"Pair Of Lithographs : La Le\u00e7on De Piano-forte Et De Harpe, Restoration Period - Ponvianne Antiquit\u00e9s - Antiquaire","og_description":"La le\u00e7on de Piano-forte et de Harpe, Restoration period (circa 1830). Unsigned lithographs on paper. Original leaf gilt framing. Note : slight foxing on paper. Dimensions with frame : Harp : 58.5 cm x 50 cm Piano-forte : 56.5 x 48 cm Dimensions &#8220;on view&#8221; : Harp : 33 cm x 26 cm Piano-forte : [&hellip;]","og_url":"https:\/\/www.ponvianne-antiquites.fr\/en\/produit\/pair-of-lithographs-la-lecon-de-piano-forte-et-de-harpe-restoration-period\/","og_site_name":"Ponvianne Antiquit\u00e9s - Antiquaire","article_modified_time":"2026-04-08T08:14:18+00:00","og_image":[{"width":2560,"height":2560,"url":"https:\/\/www.ponvianne-antiquites.fr\/wp-content\/uploads\/2026\/04\/Ponvianne-Antiquites-paire-litho-Restauration-1.jpg","type":"image\/jpeg"}],"twitter_card":"summary_large_image","twitter_misc":{"Est. reading time":"1 minute"},"schema":{"@context":"https:\/\/schema.org","@graph":[{"@type":"WebPage","@id":"https:\/\/www.ponvianne-antiquites.fr\/en\/produit\/pair-of-lithographs-la-lecon-de-piano-forte-et-de-harpe-restoration-period\/","url":"https:\/\/www.ponvianne-antiquites.fr\/en\/produit\/pair-of-lithographs-la-lecon-de-piano-forte-et-de-harpe-restoration-period\/","name":"Pair Of Lithographs : La Le\u00e7on De Piano-forte Et De Harpe, Restoration Period - Ponvianne Antiquit\u00e9s - Antiquaire","isPartOf":{"@id":"https:\/\/www.ponvianne-antiquites.fr\/#website"},"primaryImageOfPage":{"@id":"https:\/\/www.ponvianne-antiquites.fr\/en\/produit\/pair-of-lithographs-la-lecon-de-piano-forte-et-de-harpe-restoration-period\/#primaryimage"},"image":{"@id":"https:\/\/www.ponvianne-antiquites.fr\/en\/produit\/pair-of-lithographs-la-lecon-de-piano-forte-et-de-harpe-restoration-period\/#primaryimage"},"thumbnailUrl":"https:\/\/www.ponvianne-antiquites.fr\/wp-content\/uploads\/2026\/04\/Ponvianne-Antiquites-paire-litho-Restauration-1.jpg","datePublished":"2026-04-08T08:13:20+00:00","dateModified":"2026-04-08T08:14:18+00:00","breadcrumb":{"@id":"https:\/\/www.ponvianne-antiquites.fr\/en\/produit\/pair-of-lithographs-la-lecon-de-piano-forte-et-de-harpe-restoration-period\/#breadcrumb"},"inLanguage":"en-US","potentialAction":[{"@type":"ReadAction","target":["https:\/\/www.ponvianne-antiquites.fr\/en\/produit\/pair-of-lithographs-la-lecon-de-piano-forte-et-de-harpe-restoration-period\/"]}]},{"@type":"ImageObject","inLanguage":"en-US","@id":"https:\/\/www.ponvianne-antiquites.fr\/en\/produit\/pair-of-lithographs-la-lecon-de-piano-forte-et-de-harpe-restoration-period\/#primaryimage","url":"https:\/\/www.ponvianne-antiquites.fr\/wp-content\/uploads\/2026\/04\/Ponvianne-Antiquites-paire-litho-Restauration-1.jpg","contentUrl":"https:\/\/www.ponvianne-antiquites.fr\/wp-content\/uploads\/2026\/04\/Ponvianne-Antiquites-paire-litho-Restauration-1.jpg","width":2560,"height":2560},{"@type":"BreadcrumbList","@id":"https:\/\/www.ponvianne-antiquites.fr\/en\/produit\/pair-of-lithographs-la-lecon-de-piano-forte-et-de-harpe-restoration-period\/#breadcrumb","itemListElement":[{"@type":"ListItem","position":1,"name":"Accueil","item":"https:\/\/www.ponvianne-antiquites.fr\/"},{"@type":"ListItem","position":2,"name":"Categories","item":"https:\/\/www.ponvianne-antiquites.fr\/nos-categories\/"},{"@type":"ListItem","position":3,"name":"Pair Of Lithographs : La Le\u00e7on De Piano-forte Et De Harpe, Restoration Period"}]},{"@type":"WebSite","@id":"https:\/\/www.ponvianne-antiquites.fr\/#website","url":"https:\/\/www.ponvianne-antiquites.fr\/","name":"Ponvianne Antiquit\u00e9s - Antiquaire","description":"Ponvianne Antiquit\u00e9s - Antiquaire","potentialAction":[{"@type":"SearchAction","target":{"@type":"EntryPoint","urlTemplate":"https:\/\/www.ponvianne-antiquites.fr\/?s={search_term_string}"},"query-input":{"@type":"PropertyValueSpecification","valueRequired":true,"valueName":"search_term_string"}}],"inLanguage":"en-US"}]}},"_links":{"self":[{"href":"https:\/\/www.ponvianne-antiquites.fr\/en\/wp-json\/wp\/v2\/product\/88580","targetHints":{"allow":["GET"]}}],"collection":[{"href":"https:\/\/www.ponvianne-antiquites.fr\/en\/wp-json\/wp\/v2\/product"}],"about":[{"href":"https:\/\/www.ponvianne-antiquites.fr\/en\/wp-json\/wp\/v2\/types\/product"}],"wp:featuredmedia":[{"embeddable":true,"href":"https:\/\/www.ponvianne-antiquites.fr\/en\/wp-json\/wp\/v2\/media\/88556"}],"wp:attachment":[{"href":"https:\/\/www.ponvianne-antiquites.fr\/en\/wp-json\/wp\/v2\/media?parent=88580"}],"wp:term":[{"taxonomy":"product_brand","embeddable":true,"href":"https:\/\/www.ponvianne-antiquites.fr\/en\/wp-json\/wp\/v2\/product_brand?post=88580"},{"taxonomy":"product_cat","embeddable":true,"href":"https:\/\/www.ponvianne-antiquites.fr\/en\/wp-json\/wp\/v2\/product_cat?post=88580"},{"taxonomy":"product_tag","embeddable":true,"href":"https:\/\/www.ponvianne-antiquites.fr\/en\/wp-json\/wp\/v2\/product_tag?post=88580"},{"taxonomy":"product_epoque","embeddable":true,"href":"https:\/\/www.ponvianne-antiquites.fr\/en\/wp-json\/wp\/v2\/product_epoque?post=88580"}],"curies":[{"name":"wp","href":"https:\/\/api.w.org\/{rel}","templated":true}]}}