{"id":87133,"date":"2026-02-16T22:53:44","date_gmt":"2026-02-16T21:53:44","guid":{"rendered":"https:\/\/www.ponvianne-antiquites.fr\/?post_type=product&#038;p=87133"},"modified":"2026-02-16T22:55:18","modified_gmt":"2026-02-16T21:55:18","slug":"the-bridge-an-important-oil-on-canvas-by-cecile-bougourd-19th-century","status":"publish","type":"product","link":"https:\/\/www.ponvianne-antiquites.fr\/en\/produit\/the-bridge-an-important-oil-on-canvas-by-cecile-bougourd-19th-century\/","title":{"rendered":"The Bridge, An Important Oil On Canvas By C\u00e9cile Bougourd, 19th Century"},"content":{"rendered":"<p>An important Norman landscape by C\u00e9cile Bougourd. In the foreground, a Medicis vase filled with flowers rests on a low wall covered with roses and ivy.<br \/>\nA stone staircase leads down to a small stream below.<br \/>\nIn the background, a small village is revealed, likely near Pont-Audemer, the painter&#8217;s birthplace.<\/p>\n<p>C\u00e9cile Bougourd (1857\u20131941) was the daughter and pupil of Auguste Bougourd, a member of the Soci\u00e9t\u00e9 des Artistes Fran\u00e7ais. Her first known participation in a salon dates back to 1886 in \u00c9vreux, alongside her father, with Primroses from China, which earned her praise. The same was true in 1888 for Hollyhocks. That same year, she appeared in the catalogue of the Paris Salon with A Saut\u00e9 of Flowers. It is still listed there in 1889 and 1890. She specialized in the depiction of flowers. Her works are now particularly sought after by collectors. Their quality can be judged at the Mus\u00e9e Canel in Pont-Audemer, which possesses a beautiful bouquet of Lavatera.<br \/>\nSource: Benezit, Akoun&#8230;<\/p>\n<p>Oil on canvas, signed lower right, 19th century.<br \/>\nOriginal gilt frame.<\/p>\n<p>Dimensions with frame : 123 cm x 155.5 cm<br \/>\nDimensions of the canvas : 114.5 cm x 146.5 cm<\/p>\n<p>As a guide, we systematically respond to all information requests by email.<br \/>\nPlease remember to check your spam folder.<\/p>\n","protected":false},"excerpt":{"rendered":"<p>An important Norman landscape by C\u00e9cile Bougourd. In the foreground, a Medicis vase filled with flowers rests on a low wall covered with roses and ivy. A stone staircase leads down to a small stream below. In the background, a small village is revealed, likely near Pont-Audemer, the painter&#8217;s birthplace. C\u00e9cile Bougourd (1857\u20131941) was the [&hellip;]<\/p>\n","protected":false},"featured_media":87110,"template":"","meta":{"_acf_changed":false},"product_brand":[],"product_cat":[139],"product_tag":[],"product_epoque":[72],"class_list":{"0":"post-87133","1":"product","2":"type-product","3":"status-publish","4":"has-post-thumbnail","6":"product_cat-paysages-en","7":"product_epoque-19eme-siecle-en","9":"first","10":"instock","11":"shipping-taxable","12":"purchasable","13":"product-type-simple"},"acf":[],"yoast_head":"<!-- This site is optimized with the Yoast SEO plugin v27.3 - https:\/\/yoast.com\/product\/yoast-seo-wordpress\/ -->\n<title>The Bridge, An Important Oil On Canvas By C\u00e9cile Bougourd, 19th Century - Ponvianne Antiquit\u00e9s - Antiquaire<\/title>\n<meta name=\"robots\" content=\"index, follow, max-snippet:-1, max-image-preview:large, max-video-preview:-1\" \/>\n<link rel=\"canonical\" href=\"https:\/\/www.ponvianne-antiquites.fr\/en\/produit\/the-bridge-an-important-oil-on-canvas-by-cecile-bougourd-19th-century\/\" \/>\n<meta property=\"og:locale\" content=\"en_US\" \/>\n<meta property=\"og:type\" content=\"article\" \/>\n<meta property=\"og:title\" content=\"The Bridge, An Important Oil On Canvas By C\u00e9cile Bougourd, 19th Century - Ponvianne Antiquit\u00e9s - Antiquaire\" \/>\n<meta property=\"og:description\" content=\"An important Norman landscape by C\u00e9cile Bougourd. In the foreground, a Medicis vase filled with flowers rests on a low wall covered with roses and ivy. A stone staircase leads down to a small stream below. In the background, a small village is revealed, likely near Pont-Audemer, the painter&#8217;s birthplace. C\u00e9cile Bougourd (1857\u20131941) was the [&hellip;]\" \/>\n<meta property=\"og:url\" content=\"https:\/\/www.ponvianne-antiquites.fr\/en\/produit\/the-bridge-an-important-oil-on-canvas-by-cecile-bougourd-19th-century\/\" \/>\n<meta property=\"og:site_name\" content=\"Ponvianne Antiquit\u00e9s - Antiquaire\" \/>\n<meta property=\"article:modified_time\" content=\"2026-02-16T21:55:18+00:00\" \/>\n<meta property=\"og:image\" content=\"https:\/\/www.ponvianne-antiquites.fr\/wp-content\/uploads\/2026\/02\/Ponvianne-Antiquites-paysage-normandie-Bougourd-1.jpg\" \/>\n\t<meta property=\"og:image:width\" content=\"2560\" \/>\n\t<meta property=\"og:image:height\" content=\"2560\" \/>\n\t<meta property=\"og:image:type\" content=\"image\/jpeg\" \/>\n<meta name=\"twitter:card\" content=\"summary_large_image\" \/>\n<meta name=\"twitter:label1\" content=\"Est. reading time\" \/>\n\t<meta name=\"twitter:data1\" content=\"2 minutes\" \/>\n<script type=\"application\/ld+json\" class=\"yoast-schema-graph\">{\"@context\":\"https:\\\/\\\/schema.org\",\"@graph\":[{\"@type\":\"WebPage\",\"@id\":\"https:\\\/\\\/www.ponvianne-antiquites.fr\\\/en\\\/produit\\\/the-bridge-an-important-oil-on-canvas-by-cecile-bougourd-19th-century\\\/\",\"url\":\"https:\\\/\\\/www.ponvianne-antiquites.fr\\\/en\\\/produit\\\/the-bridge-an-important-oil-on-canvas-by-cecile-bougourd-19th-century\\\/\",\"name\":\"The Bridge, An Important Oil On Canvas By C\u00e9cile Bougourd, 19th Century - Ponvianne Antiquit\u00e9s - Antiquaire\",\"isPartOf\":{\"@id\":\"https:\\\/\\\/www.ponvianne-antiquites.fr\\\/#website\"},\"primaryImageOfPage\":{\"@id\":\"https:\\\/\\\/www.ponvianne-antiquites.fr\\\/en\\\/produit\\\/the-bridge-an-important-oil-on-canvas-by-cecile-bougourd-19th-century\\\/#primaryimage\"},\"image\":{\"@id\":\"https:\\\/\\\/www.ponvianne-antiquites.fr\\\/en\\\/produit\\\/the-bridge-an-important-oil-on-canvas-by-cecile-bougourd-19th-century\\\/#primaryimage\"},\"thumbnailUrl\":\"https:\\\/\\\/www.ponvianne-antiquites.fr\\\/wp-content\\\/uploads\\\/2026\\\/02\\\/Ponvianne-Antiquites-paysage-normandie-Bougourd-1.jpg\",\"datePublished\":\"2026-02-16T21:53:44+00:00\",\"dateModified\":\"2026-02-16T21:55:18+00:00\",\"breadcrumb\":{\"@id\":\"https:\\\/\\\/www.ponvianne-antiquites.fr\\\/en\\\/produit\\\/the-bridge-an-important-oil-on-canvas-by-cecile-bougourd-19th-century\\\/#breadcrumb\"},\"inLanguage\":\"en-US\",\"potentialAction\":[{\"@type\":\"ReadAction\",\"target\":[\"https:\\\/\\\/www.ponvianne-antiquites.fr\\\/en\\\/produit\\\/the-bridge-an-important-oil-on-canvas-by-cecile-bougourd-19th-century\\\/\"]}]},{\"@type\":\"ImageObject\",\"inLanguage\":\"en-US\",\"@id\":\"https:\\\/\\\/www.ponvianne-antiquites.fr\\\/en\\\/produit\\\/the-bridge-an-important-oil-on-canvas-by-cecile-bougourd-19th-century\\\/#primaryimage\",\"url\":\"https:\\\/\\\/www.ponvianne-antiquites.fr\\\/wp-content\\\/uploads\\\/2026\\\/02\\\/Ponvianne-Antiquites-paysage-normandie-Bougourd-1.jpg\",\"contentUrl\":\"https:\\\/\\\/www.ponvianne-antiquites.fr\\\/wp-content\\\/uploads\\\/2026\\\/02\\\/Ponvianne-Antiquites-paysage-normandie-Bougourd-1.jpg\",\"width\":2560,\"height\":2560},{\"@type\":\"BreadcrumbList\",\"@id\":\"https:\\\/\\\/www.ponvianne-antiquites.fr\\\/en\\\/produit\\\/the-bridge-an-important-oil-on-canvas-by-cecile-bougourd-19th-century\\\/#breadcrumb\",\"itemListElement\":[{\"@type\":\"ListItem\",\"position\":1,\"name\":\"Accueil\",\"item\":\"https:\\\/\\\/www.ponvianne-antiquites.fr\\\/\"},{\"@type\":\"ListItem\",\"position\":2,\"name\":\"Categories\",\"item\":\"https:\\\/\\\/www.ponvianne-antiquites.fr\\\/nos-categories\\\/\"},{\"@type\":\"ListItem\",\"position\":3,\"name\":\"The Bridge, An Important Oil On Canvas By C\u00e9cile Bougourd, 19th Century\"}]},{\"@type\":\"WebSite\",\"@id\":\"https:\\\/\\\/www.ponvianne-antiquites.fr\\\/#website\",\"url\":\"https:\\\/\\\/www.ponvianne-antiquites.fr\\\/\",\"name\":\"Ponvianne Antiquit\u00e9s - Antiquaire\",\"description\":\"Ponvianne Antiquit\u00e9s - Antiquaire\",\"potentialAction\":[{\"@type\":\"SearchAction\",\"target\":{\"@type\":\"EntryPoint\",\"urlTemplate\":\"https:\\\/\\\/www.ponvianne-antiquites.fr\\\/?s={search_term_string}\"},\"query-input\":{\"@type\":\"PropertyValueSpecification\",\"valueRequired\":true,\"valueName\":\"search_term_string\"}}],\"inLanguage\":\"en-US\"}]}<\/script>\n<!-- \/ Yoast SEO plugin. -->","yoast_head_json":{"title":"The Bridge, An Important Oil On Canvas By C\u00e9cile Bougourd, 19th Century - Ponvianne Antiquit\u00e9s - Antiquaire","robots":{"index":"index","follow":"follow","max-snippet":"max-snippet:-1","max-image-preview":"max-image-preview:large","max-video-preview":"max-video-preview:-1"},"canonical":"https:\/\/www.ponvianne-antiquites.fr\/en\/produit\/the-bridge-an-important-oil-on-canvas-by-cecile-bougourd-19th-century\/","og_locale":"en_US","og_type":"article","og_title":"The Bridge, An Important Oil On Canvas By C\u00e9cile Bougourd, 19th Century - Ponvianne Antiquit\u00e9s - Antiquaire","og_description":"An important Norman landscape by C\u00e9cile Bougourd. In the foreground, a Medicis vase filled with flowers rests on a low wall covered with roses and ivy. A stone staircase leads down to a small stream below. In the background, a small village is revealed, likely near Pont-Audemer, the painter&#8217;s birthplace. C\u00e9cile Bougourd (1857\u20131941) was the [&hellip;]","og_url":"https:\/\/www.ponvianne-antiquites.fr\/en\/produit\/the-bridge-an-important-oil-on-canvas-by-cecile-bougourd-19th-century\/","og_site_name":"Ponvianne Antiquit\u00e9s - Antiquaire","article_modified_time":"2026-02-16T21:55:18+00:00","og_image":[{"width":2560,"height":2560,"url":"https:\/\/www.ponvianne-antiquites.fr\/wp-content\/uploads\/2026\/02\/Ponvianne-Antiquites-paysage-normandie-Bougourd-1.jpg","type":"image\/jpeg"}],"twitter_card":"summary_large_image","twitter_misc":{"Est. reading time":"2 minutes"},"schema":{"@context":"https:\/\/schema.org","@graph":[{"@type":"WebPage","@id":"https:\/\/www.ponvianne-antiquites.fr\/en\/produit\/the-bridge-an-important-oil-on-canvas-by-cecile-bougourd-19th-century\/","url":"https:\/\/www.ponvianne-antiquites.fr\/en\/produit\/the-bridge-an-important-oil-on-canvas-by-cecile-bougourd-19th-century\/","name":"The Bridge, An Important Oil On Canvas By C\u00e9cile Bougourd, 19th Century - Ponvianne Antiquit\u00e9s - Antiquaire","isPartOf":{"@id":"https:\/\/www.ponvianne-antiquites.fr\/#website"},"primaryImageOfPage":{"@id":"https:\/\/www.ponvianne-antiquites.fr\/en\/produit\/the-bridge-an-important-oil-on-canvas-by-cecile-bougourd-19th-century\/#primaryimage"},"image":{"@id":"https:\/\/www.ponvianne-antiquites.fr\/en\/produit\/the-bridge-an-important-oil-on-canvas-by-cecile-bougourd-19th-century\/#primaryimage"},"thumbnailUrl":"https:\/\/www.ponvianne-antiquites.fr\/wp-content\/uploads\/2026\/02\/Ponvianne-Antiquites-paysage-normandie-Bougourd-1.jpg","datePublished":"2026-02-16T21:53:44+00:00","dateModified":"2026-02-16T21:55:18+00:00","breadcrumb":{"@id":"https:\/\/www.ponvianne-antiquites.fr\/en\/produit\/the-bridge-an-important-oil-on-canvas-by-cecile-bougourd-19th-century\/#breadcrumb"},"inLanguage":"en-US","potentialAction":[{"@type":"ReadAction","target":["https:\/\/www.ponvianne-antiquites.fr\/en\/produit\/the-bridge-an-important-oil-on-canvas-by-cecile-bougourd-19th-century\/"]}]},{"@type":"ImageObject","inLanguage":"en-US","@id":"https:\/\/www.ponvianne-antiquites.fr\/en\/produit\/the-bridge-an-important-oil-on-canvas-by-cecile-bougourd-19th-century\/#primaryimage","url":"https:\/\/www.ponvianne-antiquites.fr\/wp-content\/uploads\/2026\/02\/Ponvianne-Antiquites-paysage-normandie-Bougourd-1.jpg","contentUrl":"https:\/\/www.ponvianne-antiquites.fr\/wp-content\/uploads\/2026\/02\/Ponvianne-Antiquites-paysage-normandie-Bougourd-1.jpg","width":2560,"height":2560},{"@type":"BreadcrumbList","@id":"https:\/\/www.ponvianne-antiquites.fr\/en\/produit\/the-bridge-an-important-oil-on-canvas-by-cecile-bougourd-19th-century\/#breadcrumb","itemListElement":[{"@type":"ListItem","position":1,"name":"Accueil","item":"https:\/\/www.ponvianne-antiquites.fr\/"},{"@type":"ListItem","position":2,"name":"Categories","item":"https:\/\/www.ponvianne-antiquites.fr\/nos-categories\/"},{"@type":"ListItem","position":3,"name":"The Bridge, An Important Oil On Canvas By C\u00e9cile Bougourd, 19th Century"}]},{"@type":"WebSite","@id":"https:\/\/www.ponvianne-antiquites.fr\/#website","url":"https:\/\/www.ponvianne-antiquites.fr\/","name":"Ponvianne Antiquit\u00e9s - Antiquaire","description":"Ponvianne Antiquit\u00e9s - Antiquaire","potentialAction":[{"@type":"SearchAction","target":{"@type":"EntryPoint","urlTemplate":"https:\/\/www.ponvianne-antiquites.fr\/?s={search_term_string}"},"query-input":{"@type":"PropertyValueSpecification","valueRequired":true,"valueName":"search_term_string"}}],"inLanguage":"en-US"}]}},"_links":{"self":[{"href":"https:\/\/www.ponvianne-antiquites.fr\/en\/wp-json\/wp\/v2\/product\/87133","targetHints":{"allow":["GET"]}}],"collection":[{"href":"https:\/\/www.ponvianne-antiquites.fr\/en\/wp-json\/wp\/v2\/product"}],"about":[{"href":"https:\/\/www.ponvianne-antiquites.fr\/en\/wp-json\/wp\/v2\/types\/product"}],"wp:featuredmedia":[{"embeddable":true,"href":"https:\/\/www.ponvianne-antiquites.fr\/en\/wp-json\/wp\/v2\/media\/87110"}],"wp:attachment":[{"href":"https:\/\/www.ponvianne-antiquites.fr\/en\/wp-json\/wp\/v2\/media?parent=87133"}],"wp:term":[{"taxonomy":"product_brand","embeddable":true,"href":"https:\/\/www.ponvianne-antiquites.fr\/en\/wp-json\/wp\/v2\/product_brand?post=87133"},{"taxonomy":"product_cat","embeddable":true,"href":"https:\/\/www.ponvianne-antiquites.fr\/en\/wp-json\/wp\/v2\/product_cat?post=87133"},{"taxonomy":"product_tag","embeddable":true,"href":"https:\/\/www.ponvianne-antiquites.fr\/en\/wp-json\/wp\/v2\/product_tag?post=87133"},{"taxonomy":"product_epoque","embeddable":true,"href":"https:\/\/www.ponvianne-antiquites.fr\/en\/wp-json\/wp\/v2\/product_epoque?post=87133"}],"curies":[{"name":"wp","href":"https:\/\/api.w.org\/{rel}","templated":true}]}}