{"id":81453,"date":"2025-07-29T22:26:19","date_gmt":"2025-07-29T20:26:19","guid":{"rendered":"https:\/\/www.ponvianne-antiquites.fr\/?post_type=product&#038;p=81453"},"modified":"2025-07-29T22:26:43","modified_gmt":"2025-07-29T20:26:43","slug":"portrait-of-a-lady-by-sophie-clemence-de-lacazette-dated-1846","status":"publish","type":"product","link":"https:\/\/www.ponvianne-antiquites.fr\/en\/produit\/portrait-of-a-lady-by-sophie-clemence-de-lacazette-dated-1846\/","title":{"rendered":"Portrait Of A Lady By Sophie-cl\u00e9mence De Lacazette Dated 1846"},"content":{"rendered":"<p>Portrait of Mrs. Lemoigne by Sophie-Cl\u00e9mence De Lacazette.<br \/>\nEnhanced drawing signed Sophie-Cl\u00e9mence De Lacazette and dated 1846.<br \/>\nFrame gilded with gold leaf and original bubble glass. Sophie-Cl\u00e9mence De Lacazette: Painter of miniatures, born in Lyon in September 1774, died in Paris on October 27, 1854. Student of Regnault and Augustin. She exhibited portraits and miniatures in Paris from 1806 to 1838. She is represented in the Louvre and the Museum of Lyon by miniatures (portraits of women). Ref Benezit&#8230;<\/p>\n<p>Dimensions with frame : 42.5 cm x 37 cm<br \/>\nDimensions\u00a0 &#8220;on view&#8221; : 23 cm x 19.5 cm<\/p>\n<p>Possibility of sending : France \/ International<br \/>\nFor information, we systematically respond to all requests for information by email<br \/>\nPlease remember to check your spam<\/p>\n","protected":false},"excerpt":{"rendered":"<p>Portrait of Mrs. Lemoigne by Sophie-Cl\u00e9mence De Lacazette. Enhanced drawing signed Sophie-Cl\u00e9mence De Lacazette and dated 1846. Frame gilded with gold leaf and original bubble glass. Sophie-Cl\u00e9mence De Lacazette: Painter of miniatures, born in Lyon in September 1774, died in Paris on October 27, 1854. Student of Regnault and Augustin. She exhibited portraits and miniatures [&hellip;]<\/p>\n","protected":false},"featured_media":81435,"template":"","meta":{"_acf_changed":false},"product_brand":[],"product_cat":[141],"product_tag":[],"product_epoque":[72],"class_list":{"0":"post-81453","1":"product","2":"type-product","3":"status-publish","4":"has-post-thumbnail","6":"product_cat-portraits-en","7":"product_epoque-19eme-siecle-en","9":"first","10":"instock","11":"shipping-taxable","12":"purchasable","13":"product-type-simple"},"acf":[],"yoast_head":"<!-- This site is optimized with the Yoast SEO plugin v27.3 - https:\/\/yoast.com\/product\/yoast-seo-wordpress\/ -->\n<title>Portrait Of A Lady By Sophie-cl\u00e9mence De Lacazette Dated 1846 - Ponvianne Antiquit\u00e9s - Antiquaire<\/title>\n<meta name=\"robots\" content=\"index, follow, max-snippet:-1, max-image-preview:large, max-video-preview:-1\" \/>\n<link rel=\"canonical\" href=\"https:\/\/www.ponvianne-antiquites.fr\/en\/produit\/portrait-of-a-lady-by-sophie-clemence-de-lacazette-dated-1846\/\" \/>\n<meta property=\"og:locale\" content=\"en_US\" \/>\n<meta property=\"og:type\" content=\"article\" \/>\n<meta property=\"og:title\" content=\"Portrait Of A Lady By Sophie-cl\u00e9mence De Lacazette Dated 1846 - Ponvianne Antiquit\u00e9s - Antiquaire\" \/>\n<meta property=\"og:description\" content=\"Portrait of Mrs. Lemoigne by Sophie-Cl\u00e9mence De Lacazette. Enhanced drawing signed Sophie-Cl\u00e9mence De Lacazette and dated 1846. Frame gilded with gold leaf and original bubble glass. Sophie-Cl\u00e9mence De Lacazette: Painter of miniatures, born in Lyon in September 1774, died in Paris on October 27, 1854. Student of Regnault and Augustin. She exhibited portraits and miniatures [&hellip;]\" \/>\n<meta property=\"og:url\" content=\"https:\/\/www.ponvianne-antiquites.fr\/en\/produit\/portrait-of-a-lady-by-sophie-clemence-de-lacazette-dated-1846\/\" \/>\n<meta property=\"og:site_name\" content=\"Ponvianne Antiquit\u00e9s - Antiquaire\" \/>\n<meta property=\"article:modified_time\" content=\"2025-07-29T20:26:43+00:00\" \/>\n<meta property=\"og:image\" content=\"https:\/\/www.ponvianne-antiquites.fr\/wp-content\/uploads\/2025\/07\/Ponvianne-Antiquites-portrait-dame-De-Lacazette-1.jpg\" \/>\n\t<meta property=\"og:image:width\" content=\"2560\" \/>\n\t<meta property=\"og:image:height\" content=\"2560\" \/>\n\t<meta property=\"og:image:type\" content=\"image\/jpeg\" \/>\n<meta name=\"twitter:card\" content=\"summary_large_image\" \/>\n<meta name=\"twitter:label1\" content=\"Est. reading time\" \/>\n\t<meta name=\"twitter:data1\" content=\"1 minute\" \/>\n<script type=\"application\/ld+json\" class=\"yoast-schema-graph\">{\"@context\":\"https:\\\/\\\/schema.org\",\"@graph\":[{\"@type\":\"WebPage\",\"@id\":\"https:\\\/\\\/www.ponvianne-antiquites.fr\\\/en\\\/produit\\\/portrait-of-a-lady-by-sophie-clemence-de-lacazette-dated-1846\\\/\",\"url\":\"https:\\\/\\\/www.ponvianne-antiquites.fr\\\/en\\\/produit\\\/portrait-of-a-lady-by-sophie-clemence-de-lacazette-dated-1846\\\/\",\"name\":\"Portrait Of A Lady By Sophie-cl\u00e9mence De Lacazette Dated 1846 - Ponvianne Antiquit\u00e9s - Antiquaire\",\"isPartOf\":{\"@id\":\"https:\\\/\\\/www.ponvianne-antiquites.fr\\\/#website\"},\"primaryImageOfPage\":{\"@id\":\"https:\\\/\\\/www.ponvianne-antiquites.fr\\\/en\\\/produit\\\/portrait-of-a-lady-by-sophie-clemence-de-lacazette-dated-1846\\\/#primaryimage\"},\"image\":{\"@id\":\"https:\\\/\\\/www.ponvianne-antiquites.fr\\\/en\\\/produit\\\/portrait-of-a-lady-by-sophie-clemence-de-lacazette-dated-1846\\\/#primaryimage\"},\"thumbnailUrl\":\"https:\\\/\\\/www.ponvianne-antiquites.fr\\\/wp-content\\\/uploads\\\/2025\\\/07\\\/Ponvianne-Antiquites-portrait-dame-De-Lacazette-1.jpg\",\"datePublished\":\"2025-07-29T20:26:19+00:00\",\"dateModified\":\"2025-07-29T20:26:43+00:00\",\"breadcrumb\":{\"@id\":\"https:\\\/\\\/www.ponvianne-antiquites.fr\\\/en\\\/produit\\\/portrait-of-a-lady-by-sophie-clemence-de-lacazette-dated-1846\\\/#breadcrumb\"},\"inLanguage\":\"en-US\",\"potentialAction\":[{\"@type\":\"ReadAction\",\"target\":[\"https:\\\/\\\/www.ponvianne-antiquites.fr\\\/en\\\/produit\\\/portrait-of-a-lady-by-sophie-clemence-de-lacazette-dated-1846\\\/\"]}]},{\"@type\":\"ImageObject\",\"inLanguage\":\"en-US\",\"@id\":\"https:\\\/\\\/www.ponvianne-antiquites.fr\\\/en\\\/produit\\\/portrait-of-a-lady-by-sophie-clemence-de-lacazette-dated-1846\\\/#primaryimage\",\"url\":\"https:\\\/\\\/www.ponvianne-antiquites.fr\\\/wp-content\\\/uploads\\\/2025\\\/07\\\/Ponvianne-Antiquites-portrait-dame-De-Lacazette-1.jpg\",\"contentUrl\":\"https:\\\/\\\/www.ponvianne-antiquites.fr\\\/wp-content\\\/uploads\\\/2025\\\/07\\\/Ponvianne-Antiquites-portrait-dame-De-Lacazette-1.jpg\",\"width\":2560,\"height\":2560},{\"@type\":\"BreadcrumbList\",\"@id\":\"https:\\\/\\\/www.ponvianne-antiquites.fr\\\/en\\\/produit\\\/portrait-of-a-lady-by-sophie-clemence-de-lacazette-dated-1846\\\/#breadcrumb\",\"itemListElement\":[{\"@type\":\"ListItem\",\"position\":1,\"name\":\"Accueil\",\"item\":\"https:\\\/\\\/www.ponvianne-antiquites.fr\\\/\"},{\"@type\":\"ListItem\",\"position\":2,\"name\":\"Categories\",\"item\":\"https:\\\/\\\/www.ponvianne-antiquites.fr\\\/nos-categories\\\/\"},{\"@type\":\"ListItem\",\"position\":3,\"name\":\"Portrait Of A Lady By Sophie-cl\u00e9mence De Lacazette Dated 1846\"}]},{\"@type\":\"WebSite\",\"@id\":\"https:\\\/\\\/www.ponvianne-antiquites.fr\\\/#website\",\"url\":\"https:\\\/\\\/www.ponvianne-antiquites.fr\\\/\",\"name\":\"Ponvianne Antiquit\u00e9s - Antiquaire\",\"description\":\"Ponvianne Antiquit\u00e9s - Antiquaire\",\"potentialAction\":[{\"@type\":\"SearchAction\",\"target\":{\"@type\":\"EntryPoint\",\"urlTemplate\":\"https:\\\/\\\/www.ponvianne-antiquites.fr\\\/?s={search_term_string}\"},\"query-input\":{\"@type\":\"PropertyValueSpecification\",\"valueRequired\":true,\"valueName\":\"search_term_string\"}}],\"inLanguage\":\"en-US\"}]}<\/script>\n<!-- \/ Yoast SEO plugin. -->","yoast_head_json":{"title":"Portrait Of A Lady By Sophie-cl\u00e9mence De Lacazette Dated 1846 - Ponvianne Antiquit\u00e9s - Antiquaire","robots":{"index":"index","follow":"follow","max-snippet":"max-snippet:-1","max-image-preview":"max-image-preview:large","max-video-preview":"max-video-preview:-1"},"canonical":"https:\/\/www.ponvianne-antiquites.fr\/en\/produit\/portrait-of-a-lady-by-sophie-clemence-de-lacazette-dated-1846\/","og_locale":"en_US","og_type":"article","og_title":"Portrait Of A Lady By Sophie-cl\u00e9mence De Lacazette Dated 1846 - Ponvianne Antiquit\u00e9s - Antiquaire","og_description":"Portrait of Mrs. Lemoigne by Sophie-Cl\u00e9mence De Lacazette. Enhanced drawing signed Sophie-Cl\u00e9mence De Lacazette and dated 1846. Frame gilded with gold leaf and original bubble glass. Sophie-Cl\u00e9mence De Lacazette: Painter of miniatures, born in Lyon in September 1774, died in Paris on October 27, 1854. Student of Regnault and Augustin. She exhibited portraits and miniatures [&hellip;]","og_url":"https:\/\/www.ponvianne-antiquites.fr\/en\/produit\/portrait-of-a-lady-by-sophie-clemence-de-lacazette-dated-1846\/","og_site_name":"Ponvianne Antiquit\u00e9s - Antiquaire","article_modified_time":"2025-07-29T20:26:43+00:00","og_image":[{"width":2560,"height":2560,"url":"https:\/\/www.ponvianne-antiquites.fr\/wp-content\/uploads\/2025\/07\/Ponvianne-Antiquites-portrait-dame-De-Lacazette-1.jpg","type":"image\/jpeg"}],"twitter_card":"summary_large_image","twitter_misc":{"Est. reading time":"1 minute"},"schema":{"@context":"https:\/\/schema.org","@graph":[{"@type":"WebPage","@id":"https:\/\/www.ponvianne-antiquites.fr\/en\/produit\/portrait-of-a-lady-by-sophie-clemence-de-lacazette-dated-1846\/","url":"https:\/\/www.ponvianne-antiquites.fr\/en\/produit\/portrait-of-a-lady-by-sophie-clemence-de-lacazette-dated-1846\/","name":"Portrait Of A Lady By Sophie-cl\u00e9mence De Lacazette Dated 1846 - Ponvianne Antiquit\u00e9s - Antiquaire","isPartOf":{"@id":"https:\/\/www.ponvianne-antiquites.fr\/#website"},"primaryImageOfPage":{"@id":"https:\/\/www.ponvianne-antiquites.fr\/en\/produit\/portrait-of-a-lady-by-sophie-clemence-de-lacazette-dated-1846\/#primaryimage"},"image":{"@id":"https:\/\/www.ponvianne-antiquites.fr\/en\/produit\/portrait-of-a-lady-by-sophie-clemence-de-lacazette-dated-1846\/#primaryimage"},"thumbnailUrl":"https:\/\/www.ponvianne-antiquites.fr\/wp-content\/uploads\/2025\/07\/Ponvianne-Antiquites-portrait-dame-De-Lacazette-1.jpg","datePublished":"2025-07-29T20:26:19+00:00","dateModified":"2025-07-29T20:26:43+00:00","breadcrumb":{"@id":"https:\/\/www.ponvianne-antiquites.fr\/en\/produit\/portrait-of-a-lady-by-sophie-clemence-de-lacazette-dated-1846\/#breadcrumb"},"inLanguage":"en-US","potentialAction":[{"@type":"ReadAction","target":["https:\/\/www.ponvianne-antiquites.fr\/en\/produit\/portrait-of-a-lady-by-sophie-clemence-de-lacazette-dated-1846\/"]}]},{"@type":"ImageObject","inLanguage":"en-US","@id":"https:\/\/www.ponvianne-antiquites.fr\/en\/produit\/portrait-of-a-lady-by-sophie-clemence-de-lacazette-dated-1846\/#primaryimage","url":"https:\/\/www.ponvianne-antiquites.fr\/wp-content\/uploads\/2025\/07\/Ponvianne-Antiquites-portrait-dame-De-Lacazette-1.jpg","contentUrl":"https:\/\/www.ponvianne-antiquites.fr\/wp-content\/uploads\/2025\/07\/Ponvianne-Antiquites-portrait-dame-De-Lacazette-1.jpg","width":2560,"height":2560},{"@type":"BreadcrumbList","@id":"https:\/\/www.ponvianne-antiquites.fr\/en\/produit\/portrait-of-a-lady-by-sophie-clemence-de-lacazette-dated-1846\/#breadcrumb","itemListElement":[{"@type":"ListItem","position":1,"name":"Accueil","item":"https:\/\/www.ponvianne-antiquites.fr\/"},{"@type":"ListItem","position":2,"name":"Categories","item":"https:\/\/www.ponvianne-antiquites.fr\/nos-categories\/"},{"@type":"ListItem","position":3,"name":"Portrait Of A Lady By Sophie-cl\u00e9mence De Lacazette Dated 1846"}]},{"@type":"WebSite","@id":"https:\/\/www.ponvianne-antiquites.fr\/#website","url":"https:\/\/www.ponvianne-antiquites.fr\/","name":"Ponvianne Antiquit\u00e9s - Antiquaire","description":"Ponvianne Antiquit\u00e9s - Antiquaire","potentialAction":[{"@type":"SearchAction","target":{"@type":"EntryPoint","urlTemplate":"https:\/\/www.ponvianne-antiquites.fr\/?s={search_term_string}"},"query-input":{"@type":"PropertyValueSpecification","valueRequired":true,"valueName":"search_term_string"}}],"inLanguage":"en-US"}]}},"_links":{"self":[{"href":"https:\/\/www.ponvianne-antiquites.fr\/en\/wp-json\/wp\/v2\/product\/81453","targetHints":{"allow":["GET"]}}],"collection":[{"href":"https:\/\/www.ponvianne-antiquites.fr\/en\/wp-json\/wp\/v2\/product"}],"about":[{"href":"https:\/\/www.ponvianne-antiquites.fr\/en\/wp-json\/wp\/v2\/types\/product"}],"wp:featuredmedia":[{"embeddable":true,"href":"https:\/\/www.ponvianne-antiquites.fr\/en\/wp-json\/wp\/v2\/media\/81435"}],"wp:attachment":[{"href":"https:\/\/www.ponvianne-antiquites.fr\/en\/wp-json\/wp\/v2\/media?parent=81453"}],"wp:term":[{"taxonomy":"product_brand","embeddable":true,"href":"https:\/\/www.ponvianne-antiquites.fr\/en\/wp-json\/wp\/v2\/product_brand?post=81453"},{"taxonomy":"product_cat","embeddable":true,"href":"https:\/\/www.ponvianne-antiquites.fr\/en\/wp-json\/wp\/v2\/product_cat?post=81453"},{"taxonomy":"product_tag","embeddable":true,"href":"https:\/\/www.ponvianne-antiquites.fr\/en\/wp-json\/wp\/v2\/product_tag?post=81453"},{"taxonomy":"product_epoque","embeddable":true,"href":"https:\/\/www.ponvianne-antiquites.fr\/en\/wp-json\/wp\/v2\/product_epoque?post=81453"}],"curies":[{"name":"wp","href":"https:\/\/api.w.org\/{rel}","templated":true}]}}