{"id":80315,"date":"2025-06-28T10:17:39","date_gmt":"2025-06-28T08:17:39","guid":{"rendered":"https:\/\/www.ponvianne-antiquites.fr\/?post_type=product&#038;p=80315"},"modified":"2025-06-28T10:18:18","modified_gmt":"2025-06-28T08:18:18","slug":"series-of-four-guignol-puppets","status":"publish","type":"product","link":"https:\/\/www.ponvianne-antiquites.fr\/en\/produit\/series-of-four-guignol-puppets\/","title":{"rendered":"Series Of Four Guignol Puppets"},"content":{"rendered":"<p>Set of four Guignol puppets in papier-m\u00e2ch\u00e9 from the late 19th and early 20th centuries.<br \/>\nOriginal clothes.<br \/>\nThey rest on blackened turned wooden displays.<br \/>\nNote : the gendarme&#8217;s hands are missing.<br \/>\nGood general condition.<\/p>\n<p>Guignol is a French glove puppet created in Lyon around 1808 by Laurent Mourguet. The term also refers to the comic puppet theater in which Guignol is the main character, forming with Gnafron and Madelon the recurring trio of pieces from the classical repertoire.<\/p>\n<p>Height : approximately 30 cm<\/p>\n<p>Possibility of sending : France \/ International<br \/>\nAs an indication, we systematically respond to all requests for information by email.<br \/>\nPlease remember to check your SPAM.<\/p>\n","protected":false},"excerpt":{"rendered":"<p>Set of four Guignol puppets in papier-m\u00e2ch\u00e9 from the late 19th and early 20th centuries. Original clothes. They rest on blackened turned wooden displays. Note : the gendarme&#8217;s hands are missing. Good general condition. Guignol is a French glove puppet created in Lyon around 1808 by Laurent Mourguet. The term also refers to the comic [&hellip;]<\/p>\n","protected":false},"featured_media":80296,"template":"","meta":{"_acf_changed":false},"product_brand":[],"product_cat":[],"product_tag":[],"product_epoque":[72],"class_list":{"0":"post-80315","1":"product","2":"type-product","3":"status-publish","4":"has-post-thumbnail","6":"product_epoque-19eme-siecle-en","8":"first","9":"instock","10":"shipping-taxable","11":"purchasable","12":"product-type-simple"},"acf":[],"yoast_head":"<!-- This site is optimized with the Yoast SEO plugin v27.4 - https:\/\/yoast.com\/product\/yoast-seo-wordpress\/ -->\n<title>Series Of Four Guignol Puppets - Ponvianne Antiquit\u00e9s - Antiquaire<\/title>\n<meta name=\"robots\" content=\"index, follow, max-snippet:-1, max-image-preview:large, max-video-preview:-1\" \/>\n<link rel=\"canonical\" href=\"https:\/\/www.ponvianne-antiquites.fr\/en\/produit\/series-of-four-guignol-puppets\/\" \/>\n<meta property=\"og:locale\" content=\"en_US\" \/>\n<meta property=\"og:type\" content=\"article\" \/>\n<meta property=\"og:title\" content=\"Series Of Four Guignol Puppets - Ponvianne Antiquit\u00e9s - Antiquaire\" \/>\n<meta property=\"og:description\" content=\"Set of four Guignol puppets in papier-m\u00e2ch\u00e9 from the late 19th and early 20th centuries. Original clothes. They rest on blackened turned wooden displays. Note : the gendarme&#8217;s hands are missing. Good general condition. Guignol is a French glove puppet created in Lyon around 1808 by Laurent Mourguet. The term also refers to the comic [&hellip;]\" \/>\n<meta property=\"og:url\" content=\"https:\/\/www.ponvianne-antiquites.fr\/en\/produit\/series-of-four-guignol-puppets\/\" \/>\n<meta property=\"og:site_name\" content=\"Ponvianne Antiquit\u00e9s - Antiquaire\" \/>\n<meta property=\"article:modified_time\" content=\"2025-06-28T08:18:18+00:00\" \/>\n<meta property=\"og:image\" content=\"https:\/\/www.ponvianne-antiquites.fr\/wp-content\/uploads\/2025\/06\/Ponvianne-Antiquites-marionettes-Guignol-1.jpg\" \/>\n\t<meta property=\"og:image:width\" content=\"2560\" \/>\n\t<meta property=\"og:image:height\" content=\"2560\" \/>\n\t<meta property=\"og:image:type\" content=\"image\/jpeg\" \/>\n<meta name=\"twitter:card\" content=\"summary_large_image\" \/>\n<meta name=\"twitter:label1\" content=\"Est. reading time\" \/>\n\t<meta name=\"twitter:data1\" content=\"1 minute\" \/>\n<script type=\"application\/ld+json\" class=\"yoast-schema-graph\">{\"@context\":\"https:\\\/\\\/schema.org\",\"@graph\":[{\"@type\":\"WebPage\",\"@id\":\"https:\\\/\\\/www.ponvianne-antiquites.fr\\\/en\\\/produit\\\/series-of-four-guignol-puppets\\\/\",\"url\":\"https:\\\/\\\/www.ponvianne-antiquites.fr\\\/en\\\/produit\\\/series-of-four-guignol-puppets\\\/\",\"name\":\"Series Of Four Guignol Puppets - Ponvianne Antiquit\u00e9s - Antiquaire\",\"isPartOf\":{\"@id\":\"https:\\\/\\\/www.ponvianne-antiquites.fr\\\/#website\"},\"primaryImageOfPage\":{\"@id\":\"https:\\\/\\\/www.ponvianne-antiquites.fr\\\/en\\\/produit\\\/series-of-four-guignol-puppets\\\/#primaryimage\"},\"image\":{\"@id\":\"https:\\\/\\\/www.ponvianne-antiquites.fr\\\/en\\\/produit\\\/series-of-four-guignol-puppets\\\/#primaryimage\"},\"thumbnailUrl\":\"https:\\\/\\\/www.ponvianne-antiquites.fr\\\/wp-content\\\/uploads\\\/2025\\\/06\\\/Ponvianne-Antiquites-marionettes-Guignol-1.jpg\",\"datePublished\":\"2025-06-28T08:17:39+00:00\",\"dateModified\":\"2025-06-28T08:18:18+00:00\",\"breadcrumb\":{\"@id\":\"https:\\\/\\\/www.ponvianne-antiquites.fr\\\/en\\\/produit\\\/series-of-four-guignol-puppets\\\/#breadcrumb\"},\"inLanguage\":\"en-US\",\"potentialAction\":[{\"@type\":\"ReadAction\",\"target\":[\"https:\\\/\\\/www.ponvianne-antiquites.fr\\\/en\\\/produit\\\/series-of-four-guignol-puppets\\\/\"]}]},{\"@type\":\"ImageObject\",\"inLanguage\":\"en-US\",\"@id\":\"https:\\\/\\\/www.ponvianne-antiquites.fr\\\/en\\\/produit\\\/series-of-four-guignol-puppets\\\/#primaryimage\",\"url\":\"https:\\\/\\\/www.ponvianne-antiquites.fr\\\/wp-content\\\/uploads\\\/2025\\\/06\\\/Ponvianne-Antiquites-marionettes-Guignol-1.jpg\",\"contentUrl\":\"https:\\\/\\\/www.ponvianne-antiquites.fr\\\/wp-content\\\/uploads\\\/2025\\\/06\\\/Ponvianne-Antiquites-marionettes-Guignol-1.jpg\",\"width\":2560,\"height\":2560},{\"@type\":\"BreadcrumbList\",\"@id\":\"https:\\\/\\\/www.ponvianne-antiquites.fr\\\/en\\\/produit\\\/series-of-four-guignol-puppets\\\/#breadcrumb\",\"itemListElement\":[{\"@type\":\"ListItem\",\"position\":1,\"name\":\"Accueil\",\"item\":\"https:\\\/\\\/www.ponvianne-antiquites.fr\\\/\"},{\"@type\":\"ListItem\",\"position\":2,\"name\":\"Categories\",\"item\":\"https:\\\/\\\/www.ponvianne-antiquites.fr\\\/nos-categories\\\/\"},{\"@type\":\"ListItem\",\"position\":3,\"name\":\"Series Of Four Guignol Puppets\"}]},{\"@type\":\"WebSite\",\"@id\":\"https:\\\/\\\/www.ponvianne-antiquites.fr\\\/#website\",\"url\":\"https:\\\/\\\/www.ponvianne-antiquites.fr\\\/\",\"name\":\"Ponvianne Antiquit\u00e9s - Antiquaire\",\"description\":\"Ponvianne Antiquit\u00e9s - Antiquaire\",\"potentialAction\":[{\"@type\":\"SearchAction\",\"target\":{\"@type\":\"EntryPoint\",\"urlTemplate\":\"https:\\\/\\\/www.ponvianne-antiquites.fr\\\/?s={search_term_string}\"},\"query-input\":{\"@type\":\"PropertyValueSpecification\",\"valueRequired\":true,\"valueName\":\"search_term_string\"}}],\"inLanguage\":\"en-US\"}]}<\/script>\n<!-- \/ Yoast SEO plugin. -->","yoast_head_json":{"title":"Series Of Four Guignol Puppets - Ponvianne Antiquit\u00e9s - Antiquaire","robots":{"index":"index","follow":"follow","max-snippet":"max-snippet:-1","max-image-preview":"max-image-preview:large","max-video-preview":"max-video-preview:-1"},"canonical":"https:\/\/www.ponvianne-antiquites.fr\/en\/produit\/series-of-four-guignol-puppets\/","og_locale":"en_US","og_type":"article","og_title":"Series Of Four Guignol Puppets - Ponvianne Antiquit\u00e9s - Antiquaire","og_description":"Set of four Guignol puppets in papier-m\u00e2ch\u00e9 from the late 19th and early 20th centuries. Original clothes. They rest on blackened turned wooden displays. Note : the gendarme&#8217;s hands are missing. Good general condition. Guignol is a French glove puppet created in Lyon around 1808 by Laurent Mourguet. The term also refers to the comic [&hellip;]","og_url":"https:\/\/www.ponvianne-antiquites.fr\/en\/produit\/series-of-four-guignol-puppets\/","og_site_name":"Ponvianne Antiquit\u00e9s - Antiquaire","article_modified_time":"2025-06-28T08:18:18+00:00","og_image":[{"width":2560,"height":2560,"url":"https:\/\/www.ponvianne-antiquites.fr\/wp-content\/uploads\/2025\/06\/Ponvianne-Antiquites-marionettes-Guignol-1.jpg","type":"image\/jpeg"}],"twitter_card":"summary_large_image","twitter_misc":{"Est. reading time":"1 minute"},"schema":{"@context":"https:\/\/schema.org","@graph":[{"@type":"WebPage","@id":"https:\/\/www.ponvianne-antiquites.fr\/en\/produit\/series-of-four-guignol-puppets\/","url":"https:\/\/www.ponvianne-antiquites.fr\/en\/produit\/series-of-four-guignol-puppets\/","name":"Series Of Four Guignol Puppets - Ponvianne Antiquit\u00e9s - Antiquaire","isPartOf":{"@id":"https:\/\/www.ponvianne-antiquites.fr\/#website"},"primaryImageOfPage":{"@id":"https:\/\/www.ponvianne-antiquites.fr\/en\/produit\/series-of-four-guignol-puppets\/#primaryimage"},"image":{"@id":"https:\/\/www.ponvianne-antiquites.fr\/en\/produit\/series-of-four-guignol-puppets\/#primaryimage"},"thumbnailUrl":"https:\/\/www.ponvianne-antiquites.fr\/wp-content\/uploads\/2025\/06\/Ponvianne-Antiquites-marionettes-Guignol-1.jpg","datePublished":"2025-06-28T08:17:39+00:00","dateModified":"2025-06-28T08:18:18+00:00","breadcrumb":{"@id":"https:\/\/www.ponvianne-antiquites.fr\/en\/produit\/series-of-four-guignol-puppets\/#breadcrumb"},"inLanguage":"en-US","potentialAction":[{"@type":"ReadAction","target":["https:\/\/www.ponvianne-antiquites.fr\/en\/produit\/series-of-four-guignol-puppets\/"]}]},{"@type":"ImageObject","inLanguage":"en-US","@id":"https:\/\/www.ponvianne-antiquites.fr\/en\/produit\/series-of-four-guignol-puppets\/#primaryimage","url":"https:\/\/www.ponvianne-antiquites.fr\/wp-content\/uploads\/2025\/06\/Ponvianne-Antiquites-marionettes-Guignol-1.jpg","contentUrl":"https:\/\/www.ponvianne-antiquites.fr\/wp-content\/uploads\/2025\/06\/Ponvianne-Antiquites-marionettes-Guignol-1.jpg","width":2560,"height":2560},{"@type":"BreadcrumbList","@id":"https:\/\/www.ponvianne-antiquites.fr\/en\/produit\/series-of-four-guignol-puppets\/#breadcrumb","itemListElement":[{"@type":"ListItem","position":1,"name":"Accueil","item":"https:\/\/www.ponvianne-antiquites.fr\/"},{"@type":"ListItem","position":2,"name":"Categories","item":"https:\/\/www.ponvianne-antiquites.fr\/nos-categories\/"},{"@type":"ListItem","position":3,"name":"Series Of Four Guignol Puppets"}]},{"@type":"WebSite","@id":"https:\/\/www.ponvianne-antiquites.fr\/#website","url":"https:\/\/www.ponvianne-antiquites.fr\/","name":"Ponvianne Antiquit\u00e9s - Antiquaire","description":"Ponvianne Antiquit\u00e9s - Antiquaire","potentialAction":[{"@type":"SearchAction","target":{"@type":"EntryPoint","urlTemplate":"https:\/\/www.ponvianne-antiquites.fr\/?s={search_term_string}"},"query-input":{"@type":"PropertyValueSpecification","valueRequired":true,"valueName":"search_term_string"}}],"inLanguage":"en-US"}]}},"_links":{"self":[{"href":"https:\/\/www.ponvianne-antiquites.fr\/en\/wp-json\/wp\/v2\/product\/80315","targetHints":{"allow":["GET"]}}],"collection":[{"href":"https:\/\/www.ponvianne-antiquites.fr\/en\/wp-json\/wp\/v2\/product"}],"about":[{"href":"https:\/\/www.ponvianne-antiquites.fr\/en\/wp-json\/wp\/v2\/types\/product"}],"wp:featuredmedia":[{"embeddable":true,"href":"https:\/\/www.ponvianne-antiquites.fr\/en\/wp-json\/wp\/v2\/media\/80296"}],"wp:attachment":[{"href":"https:\/\/www.ponvianne-antiquites.fr\/en\/wp-json\/wp\/v2\/media?parent=80315"}],"wp:term":[{"taxonomy":"product_brand","embeddable":true,"href":"https:\/\/www.ponvianne-antiquites.fr\/en\/wp-json\/wp\/v2\/product_brand?post=80315"},{"taxonomy":"product_cat","embeddable":true,"href":"https:\/\/www.ponvianne-antiquites.fr\/en\/wp-json\/wp\/v2\/product_cat?post=80315"},{"taxonomy":"product_tag","embeddable":true,"href":"https:\/\/www.ponvianne-antiquites.fr\/en\/wp-json\/wp\/v2\/product_tag?post=80315"},{"taxonomy":"product_epoque","embeddable":true,"href":"https:\/\/www.ponvianne-antiquites.fr\/en\/wp-json\/wp\/v2\/product_epoque?post=80315"}],"curies":[{"name":"wp","href":"https:\/\/api.w.org\/{rel}","templated":true}]}}