{"id":71918,"date":"2025-02-04T22:26:20","date_gmt":"2025-02-04T21:26:45","guid":{"rendered":"https:\/\/www.ponvianne-antiquites.fr\/?post_type=product&#038;p=71918"},"modified":"2025-02-04T22:26:46","modified_gmt":"2025-02-04T21:26:46","slug":"landscape-the-path-by-rene-dubois-dated-1892","status":"publish","type":"product","link":"https:\/\/www.ponvianne-antiquites.fr\/en\/produit\/landscape-the-path-by-rene-dubois-dated-1892\/","title":{"rendered":"Landscape, The Path By Ren\u00e9 Dubois Dated 1892"},"content":{"rendered":"<p>Landscape of a country path.<br \/>\nOil on canvas signed and dated lower right Ren\u00e9 Dubois 92 (1892).<br \/>\nRen\u00e9 Dubois was a Franco-Belgian artist, born in Strasbourg in 1869 and died in Mons in 1985. He exhibited at the Salon d&#8217;Art Moderne in Charleroi in 1911 and with his Circle at the Palais des Beaux-Arts in Mons in 1956 and posthumously in 1959. His work can be found at the Mus\u00e9e de Mons (La Neige, 1934). Ren\u00e9 Dubois is mentioned in Deux si\u00e8cles de signatures d&#8217;artistes belges.<br \/>\nPosterior gilded frame.<\/p>\n<p>Dimensions with the frame : 38 cm x 39 cm<br \/>\nDimensions without the frame : 32 cm x 33 cm<\/p>\n<p>Possibility of sending : France \/ International<br \/>\nAs an indication, we systematically respond to all requests for information by email.<br \/>\nPlease remember to check your SPAM.<\/p>\n","protected":false},"excerpt":{"rendered":"<p>Landscape of a country path. Oil on canvas signed and dated lower right Ren\u00e9 Dubois 92 (1892). Ren\u00e9 Dubois was a Franco-Belgian artist, born in Strasbourg in 1869 and died in Mons in 1985. He exhibited at the Salon d&#8217;Art Moderne in Charleroi in 1911 and with his Circle at the Palais des Beaux-Arts in [&hellip;]<\/p>\n","protected":false},"featured_media":71898,"template":"","meta":{"_acf_changed":false},"product_brand":[],"product_cat":[139],"product_tag":[],"product_epoque":[72],"class_list":{"0":"post-71918","1":"product","2":"type-product","3":"status-publish","4":"has-post-thumbnail","6":"product_cat-paysages-en","7":"product_epoque-19eme-siecle-en","9":"first","10":"instock","11":"shipping-taxable","12":"purchasable","13":"product-type-simple"},"acf":[],"yoast_head":"<!-- This site is optimized with the Yoast SEO plugin v27.5 - https:\/\/yoast.com\/product\/yoast-seo-wordpress\/ -->\n<title>Landscape, The Path By Ren\u00e9 Dubois Dated 1892 - Ponvianne Antiquit\u00e9s - Antiquaire<\/title>\n<meta name=\"robots\" content=\"index, follow, max-snippet:-1, max-image-preview:large, max-video-preview:-1\" \/>\n<link rel=\"canonical\" href=\"https:\/\/www.ponvianne-antiquites.fr\/en\/produit\/landscape-the-path-by-rene-dubois-dated-1892\/\" \/>\n<meta property=\"og:locale\" content=\"en_US\" \/>\n<meta property=\"og:type\" content=\"article\" \/>\n<meta property=\"og:title\" content=\"Landscape, The Path By Ren\u00e9 Dubois Dated 1892 - Ponvianne Antiquit\u00e9s - Antiquaire\" \/>\n<meta property=\"og:description\" content=\"Landscape of a country path. Oil on canvas signed and dated lower right Ren\u00e9 Dubois 92 (1892). Ren\u00e9 Dubois was a Franco-Belgian artist, born in Strasbourg in 1869 and died in Mons in 1985. He exhibited at the Salon d&#8217;Art Moderne in Charleroi in 1911 and with his Circle at the Palais des Beaux-Arts in [&hellip;]\" \/>\n<meta property=\"og:url\" content=\"https:\/\/www.ponvianne-antiquites.fr\/en\/produit\/landscape-the-path-by-rene-dubois-dated-1892\/\" \/>\n<meta property=\"og:site_name\" content=\"Ponvianne Antiquit\u00e9s - Antiquaire\" \/>\n<meta property=\"article:modified_time\" content=\"2025-02-04T21:26:46+00:00\" \/>\n<meta property=\"og:image\" content=\"https:\/\/www.ponvianne-antiquites.fr\/wp-content\/uploads\/2025\/02\/Ponvianne-Antiquites-le-chemin-1.jpg\" \/>\n\t<meta property=\"og:image:width\" content=\"2560\" \/>\n\t<meta property=\"og:image:height\" content=\"2560\" \/>\n\t<meta property=\"og:image:type\" content=\"image\/jpeg\" \/>\n<meta name=\"twitter:card\" content=\"summary_large_image\" \/>\n<meta name=\"twitter:label1\" content=\"Est. reading time\" \/>\n\t<meta name=\"twitter:data1\" content=\"1 minute\" \/>\n<script type=\"application\/ld+json\" class=\"yoast-schema-graph\">{\"@context\":\"https:\\\/\\\/schema.org\",\"@graph\":[{\"@type\":\"WebPage\",\"@id\":\"https:\\\/\\\/www.ponvianne-antiquites.fr\\\/en\\\/produit\\\/landscape-the-path-by-rene-dubois-dated-1892\\\/\",\"url\":\"https:\\\/\\\/www.ponvianne-antiquites.fr\\\/en\\\/produit\\\/landscape-the-path-by-rene-dubois-dated-1892\\\/\",\"name\":\"Landscape, The Path By Ren\u00e9 Dubois Dated 1892 - Ponvianne Antiquit\u00e9s - Antiquaire\",\"isPartOf\":{\"@id\":\"https:\\\/\\\/www.ponvianne-antiquites.fr\\\/#website\"},\"primaryImageOfPage\":{\"@id\":\"https:\\\/\\\/www.ponvianne-antiquites.fr\\\/en\\\/produit\\\/landscape-the-path-by-rene-dubois-dated-1892\\\/#primaryimage\"},\"image\":{\"@id\":\"https:\\\/\\\/www.ponvianne-antiquites.fr\\\/en\\\/produit\\\/landscape-the-path-by-rene-dubois-dated-1892\\\/#primaryimage\"},\"thumbnailUrl\":\"https:\\\/\\\/www.ponvianne-antiquites.fr\\\/wp-content\\\/uploads\\\/2025\\\/02\\\/Ponvianne-Antiquites-le-chemin-1.jpg\",\"datePublished\":\"2025-02-04T21:26:45+00:00\",\"dateModified\":\"2025-02-04T21:26:46+00:00\",\"breadcrumb\":{\"@id\":\"https:\\\/\\\/www.ponvianne-antiquites.fr\\\/en\\\/produit\\\/landscape-the-path-by-rene-dubois-dated-1892\\\/#breadcrumb\"},\"inLanguage\":\"en-US\",\"potentialAction\":[{\"@type\":\"ReadAction\",\"target\":[\"https:\\\/\\\/www.ponvianne-antiquites.fr\\\/en\\\/produit\\\/landscape-the-path-by-rene-dubois-dated-1892\\\/\"]}]},{\"@type\":\"ImageObject\",\"inLanguage\":\"en-US\",\"@id\":\"https:\\\/\\\/www.ponvianne-antiquites.fr\\\/en\\\/produit\\\/landscape-the-path-by-rene-dubois-dated-1892\\\/#primaryimage\",\"url\":\"https:\\\/\\\/www.ponvianne-antiquites.fr\\\/wp-content\\\/uploads\\\/2025\\\/02\\\/Ponvianne-Antiquites-le-chemin-1.jpg\",\"contentUrl\":\"https:\\\/\\\/www.ponvianne-antiquites.fr\\\/wp-content\\\/uploads\\\/2025\\\/02\\\/Ponvianne-Antiquites-le-chemin-1.jpg\",\"width\":2560,\"height\":2560},{\"@type\":\"BreadcrumbList\",\"@id\":\"https:\\\/\\\/www.ponvianne-antiquites.fr\\\/en\\\/produit\\\/landscape-the-path-by-rene-dubois-dated-1892\\\/#breadcrumb\",\"itemListElement\":[{\"@type\":\"ListItem\",\"position\":1,\"name\":\"Accueil\",\"item\":\"https:\\\/\\\/www.ponvianne-antiquites.fr\\\/\"},{\"@type\":\"ListItem\",\"position\":2,\"name\":\"Categories\",\"item\":\"https:\\\/\\\/www.ponvianne-antiquites.fr\\\/nos-categories\\\/\"},{\"@type\":\"ListItem\",\"position\":3,\"name\":\"Landscape, The Path By Ren\u00e9 Dubois Dated 1892\"}]},{\"@type\":\"WebSite\",\"@id\":\"https:\\\/\\\/www.ponvianne-antiquites.fr\\\/#website\",\"url\":\"https:\\\/\\\/www.ponvianne-antiquites.fr\\\/\",\"name\":\"Ponvianne Antiquit\u00e9s - Antiquaire\",\"description\":\"Ponvianne Antiquit\u00e9s - Antiquaire\",\"potentialAction\":[{\"@type\":\"SearchAction\",\"target\":{\"@type\":\"EntryPoint\",\"urlTemplate\":\"https:\\\/\\\/www.ponvianne-antiquites.fr\\\/?s={search_term_string}\"},\"query-input\":{\"@type\":\"PropertyValueSpecification\",\"valueRequired\":true,\"valueName\":\"search_term_string\"}}],\"inLanguage\":\"en-US\"}]}<\/script>\n<!-- \/ Yoast SEO plugin. -->","yoast_head_json":{"title":"Landscape, The Path By Ren\u00e9 Dubois Dated 1892 - Ponvianne Antiquit\u00e9s - Antiquaire","robots":{"index":"index","follow":"follow","max-snippet":"max-snippet:-1","max-image-preview":"max-image-preview:large","max-video-preview":"max-video-preview:-1"},"canonical":"https:\/\/www.ponvianne-antiquites.fr\/en\/produit\/landscape-the-path-by-rene-dubois-dated-1892\/","og_locale":"en_US","og_type":"article","og_title":"Landscape, The Path By Ren\u00e9 Dubois Dated 1892 - Ponvianne Antiquit\u00e9s - Antiquaire","og_description":"Landscape of a country path. Oil on canvas signed and dated lower right Ren\u00e9 Dubois 92 (1892). Ren\u00e9 Dubois was a Franco-Belgian artist, born in Strasbourg in 1869 and died in Mons in 1985. He exhibited at the Salon d&#8217;Art Moderne in Charleroi in 1911 and with his Circle at the Palais des Beaux-Arts in [&hellip;]","og_url":"https:\/\/www.ponvianne-antiquites.fr\/en\/produit\/landscape-the-path-by-rene-dubois-dated-1892\/","og_site_name":"Ponvianne Antiquit\u00e9s - Antiquaire","article_modified_time":"2025-02-04T21:26:46+00:00","og_image":[{"width":2560,"height":2560,"url":"https:\/\/www.ponvianne-antiquites.fr\/wp-content\/uploads\/2025\/02\/Ponvianne-Antiquites-le-chemin-1.jpg","type":"image\/jpeg"}],"twitter_card":"summary_large_image","twitter_misc":{"Est. reading time":"1 minute"},"schema":{"@context":"https:\/\/schema.org","@graph":[{"@type":"WebPage","@id":"https:\/\/www.ponvianne-antiquites.fr\/en\/produit\/landscape-the-path-by-rene-dubois-dated-1892\/","url":"https:\/\/www.ponvianne-antiquites.fr\/en\/produit\/landscape-the-path-by-rene-dubois-dated-1892\/","name":"Landscape, The Path By Ren\u00e9 Dubois Dated 1892 - Ponvianne Antiquit\u00e9s - Antiquaire","isPartOf":{"@id":"https:\/\/www.ponvianne-antiquites.fr\/#website"},"primaryImageOfPage":{"@id":"https:\/\/www.ponvianne-antiquites.fr\/en\/produit\/landscape-the-path-by-rene-dubois-dated-1892\/#primaryimage"},"image":{"@id":"https:\/\/www.ponvianne-antiquites.fr\/en\/produit\/landscape-the-path-by-rene-dubois-dated-1892\/#primaryimage"},"thumbnailUrl":"https:\/\/www.ponvianne-antiquites.fr\/wp-content\/uploads\/2025\/02\/Ponvianne-Antiquites-le-chemin-1.jpg","datePublished":"2025-02-04T21:26:45+00:00","dateModified":"2025-02-04T21:26:46+00:00","breadcrumb":{"@id":"https:\/\/www.ponvianne-antiquites.fr\/en\/produit\/landscape-the-path-by-rene-dubois-dated-1892\/#breadcrumb"},"inLanguage":"en-US","potentialAction":[{"@type":"ReadAction","target":["https:\/\/www.ponvianne-antiquites.fr\/en\/produit\/landscape-the-path-by-rene-dubois-dated-1892\/"]}]},{"@type":"ImageObject","inLanguage":"en-US","@id":"https:\/\/www.ponvianne-antiquites.fr\/en\/produit\/landscape-the-path-by-rene-dubois-dated-1892\/#primaryimage","url":"https:\/\/www.ponvianne-antiquites.fr\/wp-content\/uploads\/2025\/02\/Ponvianne-Antiquites-le-chemin-1.jpg","contentUrl":"https:\/\/www.ponvianne-antiquites.fr\/wp-content\/uploads\/2025\/02\/Ponvianne-Antiquites-le-chemin-1.jpg","width":2560,"height":2560},{"@type":"BreadcrumbList","@id":"https:\/\/www.ponvianne-antiquites.fr\/en\/produit\/landscape-the-path-by-rene-dubois-dated-1892\/#breadcrumb","itemListElement":[{"@type":"ListItem","position":1,"name":"Accueil","item":"https:\/\/www.ponvianne-antiquites.fr\/"},{"@type":"ListItem","position":2,"name":"Categories","item":"https:\/\/www.ponvianne-antiquites.fr\/nos-categories\/"},{"@type":"ListItem","position":3,"name":"Landscape, The Path By Ren\u00e9 Dubois Dated 1892"}]},{"@type":"WebSite","@id":"https:\/\/www.ponvianne-antiquites.fr\/#website","url":"https:\/\/www.ponvianne-antiquites.fr\/","name":"Ponvianne Antiquit\u00e9s - Antiquaire","description":"Ponvianne Antiquit\u00e9s - Antiquaire","potentialAction":[{"@type":"SearchAction","target":{"@type":"EntryPoint","urlTemplate":"https:\/\/www.ponvianne-antiquites.fr\/?s={search_term_string}"},"query-input":{"@type":"PropertyValueSpecification","valueRequired":true,"valueName":"search_term_string"}}],"inLanguage":"en-US"}]}},"_links":{"self":[{"href":"https:\/\/www.ponvianne-antiquites.fr\/en\/wp-json\/wp\/v2\/product\/71918","targetHints":{"allow":["GET"]}}],"collection":[{"href":"https:\/\/www.ponvianne-antiquites.fr\/en\/wp-json\/wp\/v2\/product"}],"about":[{"href":"https:\/\/www.ponvianne-antiquites.fr\/en\/wp-json\/wp\/v2\/types\/product"}],"wp:featuredmedia":[{"embeddable":true,"href":"https:\/\/www.ponvianne-antiquites.fr\/en\/wp-json\/wp\/v2\/media\/71898"}],"wp:attachment":[{"href":"https:\/\/www.ponvianne-antiquites.fr\/en\/wp-json\/wp\/v2\/media?parent=71918"}],"wp:term":[{"taxonomy":"product_brand","embeddable":true,"href":"https:\/\/www.ponvianne-antiquites.fr\/en\/wp-json\/wp\/v2\/product_brand?post=71918"},{"taxonomy":"product_cat","embeddable":true,"href":"https:\/\/www.ponvianne-antiquites.fr\/en\/wp-json\/wp\/v2\/product_cat?post=71918"},{"taxonomy":"product_tag","embeddable":true,"href":"https:\/\/www.ponvianne-antiquites.fr\/en\/wp-json\/wp\/v2\/product_tag?post=71918"},{"taxonomy":"product_epoque","embeddable":true,"href":"https:\/\/www.ponvianne-antiquites.fr\/en\/wp-json\/wp\/v2\/product_epoque?post=71918"}],"curies":[{"name":"wp","href":"https:\/\/api.w.org\/{rel}","templated":true}]}}