{"id":18219,"date":"2021-06-07T19:39:03","date_gmt":"2021-06-07T17:39:03","guid":{"rendered":"https:\/\/www.ponvianne-antiquites.fr\/?post_type=product&#038;p=18219"},"modified":"2023-01-20T14:55:18","modified_gmt":"2023-01-20T13:55:18","slug":"the-child-with-the-apple-by-b-molin-nineteenth-portrait","status":"publish","type":"product","link":"https:\/\/www.ponvianne-antiquites.fr\/en\/produit\/the-child-with-the-apple-by-b-molin-nineteenth-portrait\/","title":{"rendered":"The Child With The Apple By B.molin, Nineteenth Portrait"},"content":{"rendered":"<p>XIXth portrait &#8220;the child with the apple&#8221; by Beno\u00eet-Hermogaste MOLIN 1810-1894, Savoyard painter of portraits and history.<br \/>\nB\u00e9n\u00e9zit and Wikipedia reference.<br \/>\nOil on canvas.<br \/>\nOriginal golden frame.<br \/>\nBrass plaque with the title of the painting on the frame at the bottom.<br \/>\nDimensions with the frame: 60.5X52.5<br \/>\nDimensions without the frame: 41.5X33.5<\/p>\n","protected":false},"excerpt":{"rendered":"<p>XIXth portrait &#8220;the child with the apple&#8221; by Beno\u00eet-Hermogaste MOLIN 1810-1894, Savoyard painter of portraits and history. B\u00e9n\u00e9zit and Wikipedia reference. Oil on canvas. Original golden frame. Brass plaque with the title of the painting on the frame at the bottom. Dimensions with the frame: 60.5X52.5 Dimensions without the frame: 41.5X33.5<\/p>\n","protected":false},"featured_media":18198,"template":"","meta":{"_acf_changed":false},"product_brand":[],"product_cat":[113,141],"product_tag":[],"product_epoque":[72],"class_list":{"0":"post-18219","1":"product","2":"type-product","3":"status-publish","4":"has-post-thumbnail","6":"product_cat-tableaux-en","7":"product_cat-portraits-en","8":"product_epoque-19eme-siecle-en","10":"first","11":"instock","12":"shipping-taxable","13":"purchasable","14":"product-type-simple"},"acf":[],"yoast_head":"<!-- This site is optimized with the Yoast SEO plugin v27.3 - https:\/\/yoast.com\/product\/yoast-seo-wordpress\/ -->\n<title>The Child With The Apple By B.molin, Nineteenth Portrait - Ponvianne Antiquit\u00e9s - Antiquaire<\/title>\n<meta name=\"robots\" content=\"index, follow, max-snippet:-1, max-image-preview:large, max-video-preview:-1\" \/>\n<link rel=\"canonical\" href=\"https:\/\/www.ponvianne-antiquites.fr\/en\/produit\/the-child-with-the-apple-by-b-molin-nineteenth-portrait\/\" \/>\n<meta property=\"og:locale\" content=\"en_US\" \/>\n<meta property=\"og:type\" content=\"article\" \/>\n<meta property=\"og:title\" content=\"The Child With The Apple By B.molin, Nineteenth Portrait - Ponvianne Antiquit\u00e9s - Antiquaire\" \/>\n<meta property=\"og:description\" content=\"XIXth portrait &#8220;the child with the apple&#8221; by Beno\u00eet-Hermogaste MOLIN 1810-1894, Savoyard painter of portraits and history. B\u00e9n\u00e9zit and Wikipedia reference. Oil on canvas. Original golden frame. Brass plaque with the title of the painting on the frame at the bottom. Dimensions with the frame: 60.5X52.5 Dimensions without the frame: 41.5X33.5\" \/>\n<meta property=\"og:url\" content=\"https:\/\/www.ponvianne-antiquites.fr\/en\/produit\/the-child-with-the-apple-by-b-molin-nineteenth-portrait\/\" \/>\n<meta property=\"og:site_name\" content=\"Ponvianne Antiquit\u00e9s - Antiquaire\" \/>\n<meta property=\"article:modified_time\" content=\"2023-01-20T13:55:18+00:00\" \/>\n<meta property=\"og:image\" content=\"https:\/\/www.ponvianne-antiquites.fr\/wp-content\/uploads\/2021\/06\/3CFE332E-5A72-47CE-A245-660CDD9CFCB3_1_201_a-scaled.jpeg\" \/>\n\t<meta property=\"og:image:width\" content=\"2560\" \/>\n\t<meta property=\"og:image:height\" content=\"2560\" \/>\n\t<meta property=\"og:image:type\" content=\"image\/jpeg\" \/>\n<meta name=\"twitter:card\" content=\"summary_large_image\" \/>\n<script type=\"application\/ld+json\" class=\"yoast-schema-graph\">{\"@context\":\"https:\\\/\\\/schema.org\",\"@graph\":[{\"@type\":\"WebPage\",\"@id\":\"https:\\\/\\\/www.ponvianne-antiquites.fr\\\/en\\\/produit\\\/the-child-with-the-apple-by-b-molin-nineteenth-portrait\\\/\",\"url\":\"https:\\\/\\\/www.ponvianne-antiquites.fr\\\/en\\\/produit\\\/the-child-with-the-apple-by-b-molin-nineteenth-portrait\\\/\",\"name\":\"The Child With The Apple By B.molin, Nineteenth Portrait - Ponvianne Antiquit\u00e9s - Antiquaire\",\"isPartOf\":{\"@id\":\"https:\\\/\\\/www.ponvianne-antiquites.fr\\\/#website\"},\"primaryImageOfPage\":{\"@id\":\"https:\\\/\\\/www.ponvianne-antiquites.fr\\\/en\\\/produit\\\/the-child-with-the-apple-by-b-molin-nineteenth-portrait\\\/#primaryimage\"},\"image\":{\"@id\":\"https:\\\/\\\/www.ponvianne-antiquites.fr\\\/en\\\/produit\\\/the-child-with-the-apple-by-b-molin-nineteenth-portrait\\\/#primaryimage\"},\"thumbnailUrl\":\"https:\\\/\\\/www.ponvianne-antiquites.fr\\\/wp-content\\\/uploads\\\/2021\\\/06\\\/3CFE332E-5A72-47CE-A245-660CDD9CFCB3_1_201_a-scaled.jpeg\",\"datePublished\":\"2021-06-07T17:39:03+00:00\",\"dateModified\":\"2023-01-20T13:55:18+00:00\",\"breadcrumb\":{\"@id\":\"https:\\\/\\\/www.ponvianne-antiquites.fr\\\/en\\\/produit\\\/the-child-with-the-apple-by-b-molin-nineteenth-portrait\\\/#breadcrumb\"},\"inLanguage\":\"en-US\",\"potentialAction\":[{\"@type\":\"ReadAction\",\"target\":[\"https:\\\/\\\/www.ponvianne-antiquites.fr\\\/en\\\/produit\\\/the-child-with-the-apple-by-b-molin-nineteenth-portrait\\\/\"]}]},{\"@type\":\"ImageObject\",\"inLanguage\":\"en-US\",\"@id\":\"https:\\\/\\\/www.ponvianne-antiquites.fr\\\/en\\\/produit\\\/the-child-with-the-apple-by-b-molin-nineteenth-portrait\\\/#primaryimage\",\"url\":\"https:\\\/\\\/www.ponvianne-antiquites.fr\\\/wp-content\\\/uploads\\\/2021\\\/06\\\/3CFE332E-5A72-47CE-A245-660CDD9CFCB3_1_201_a-scaled.jpeg\",\"contentUrl\":\"https:\\\/\\\/www.ponvianne-antiquites.fr\\\/wp-content\\\/uploads\\\/2021\\\/06\\\/3CFE332E-5A72-47CE-A245-660CDD9CFCB3_1_201_a-scaled.jpeg\",\"width\":2560,\"height\":2560},{\"@type\":\"BreadcrumbList\",\"@id\":\"https:\\\/\\\/www.ponvianne-antiquites.fr\\\/en\\\/produit\\\/the-child-with-the-apple-by-b-molin-nineteenth-portrait\\\/#breadcrumb\",\"itemListElement\":[{\"@type\":\"ListItem\",\"position\":1,\"name\":\"Accueil\",\"item\":\"https:\\\/\\\/www.ponvianne-antiquites.fr\\\/\"},{\"@type\":\"ListItem\",\"position\":2,\"name\":\"Categories\",\"item\":\"https:\\\/\\\/www.ponvianne-antiquites.fr\\\/nos-categories\\\/\"},{\"@type\":\"ListItem\",\"position\":3,\"name\":\"The Child With The Apple By B.molin, Nineteenth Portrait\"}]},{\"@type\":\"WebSite\",\"@id\":\"https:\\\/\\\/www.ponvianne-antiquites.fr\\\/#website\",\"url\":\"https:\\\/\\\/www.ponvianne-antiquites.fr\\\/\",\"name\":\"Ponvianne Antiquit\u00e9s - Antiquaire\",\"description\":\"Ponvianne Antiquit\u00e9s - Antiquaire\",\"potentialAction\":[{\"@type\":\"SearchAction\",\"target\":{\"@type\":\"EntryPoint\",\"urlTemplate\":\"https:\\\/\\\/www.ponvianne-antiquites.fr\\\/?s={search_term_string}\"},\"query-input\":{\"@type\":\"PropertyValueSpecification\",\"valueRequired\":true,\"valueName\":\"search_term_string\"}}],\"inLanguage\":\"en-US\"}]}<\/script>\n<!-- \/ Yoast SEO plugin. -->","yoast_head_json":{"title":"The Child With The Apple By B.molin, Nineteenth Portrait - Ponvianne Antiquit\u00e9s - Antiquaire","robots":{"index":"index","follow":"follow","max-snippet":"max-snippet:-1","max-image-preview":"max-image-preview:large","max-video-preview":"max-video-preview:-1"},"canonical":"https:\/\/www.ponvianne-antiquites.fr\/en\/produit\/the-child-with-the-apple-by-b-molin-nineteenth-portrait\/","og_locale":"en_US","og_type":"article","og_title":"The Child With The Apple By B.molin, Nineteenth Portrait - Ponvianne Antiquit\u00e9s - Antiquaire","og_description":"XIXth portrait &#8220;the child with the apple&#8221; by Beno\u00eet-Hermogaste MOLIN 1810-1894, Savoyard painter of portraits and history. B\u00e9n\u00e9zit and Wikipedia reference. Oil on canvas. Original golden frame. Brass plaque with the title of the painting on the frame at the bottom. Dimensions with the frame: 60.5X52.5 Dimensions without the frame: 41.5X33.5","og_url":"https:\/\/www.ponvianne-antiquites.fr\/en\/produit\/the-child-with-the-apple-by-b-molin-nineteenth-portrait\/","og_site_name":"Ponvianne Antiquit\u00e9s - Antiquaire","article_modified_time":"2023-01-20T13:55:18+00:00","og_image":[{"width":2560,"height":2560,"url":"https:\/\/www.ponvianne-antiquites.fr\/wp-content\/uploads\/2021\/06\/3CFE332E-5A72-47CE-A245-660CDD9CFCB3_1_201_a-scaled.jpeg","type":"image\/jpeg"}],"twitter_card":"summary_large_image","schema":{"@context":"https:\/\/schema.org","@graph":[{"@type":"WebPage","@id":"https:\/\/www.ponvianne-antiquites.fr\/en\/produit\/the-child-with-the-apple-by-b-molin-nineteenth-portrait\/","url":"https:\/\/www.ponvianne-antiquites.fr\/en\/produit\/the-child-with-the-apple-by-b-molin-nineteenth-portrait\/","name":"The Child With The Apple By B.molin, Nineteenth Portrait - Ponvianne Antiquit\u00e9s - Antiquaire","isPartOf":{"@id":"https:\/\/www.ponvianne-antiquites.fr\/#website"},"primaryImageOfPage":{"@id":"https:\/\/www.ponvianne-antiquites.fr\/en\/produit\/the-child-with-the-apple-by-b-molin-nineteenth-portrait\/#primaryimage"},"image":{"@id":"https:\/\/www.ponvianne-antiquites.fr\/en\/produit\/the-child-with-the-apple-by-b-molin-nineteenth-portrait\/#primaryimage"},"thumbnailUrl":"https:\/\/www.ponvianne-antiquites.fr\/wp-content\/uploads\/2021\/06\/3CFE332E-5A72-47CE-A245-660CDD9CFCB3_1_201_a-scaled.jpeg","datePublished":"2021-06-07T17:39:03+00:00","dateModified":"2023-01-20T13:55:18+00:00","breadcrumb":{"@id":"https:\/\/www.ponvianne-antiquites.fr\/en\/produit\/the-child-with-the-apple-by-b-molin-nineteenth-portrait\/#breadcrumb"},"inLanguage":"en-US","potentialAction":[{"@type":"ReadAction","target":["https:\/\/www.ponvianne-antiquites.fr\/en\/produit\/the-child-with-the-apple-by-b-molin-nineteenth-portrait\/"]}]},{"@type":"ImageObject","inLanguage":"en-US","@id":"https:\/\/www.ponvianne-antiquites.fr\/en\/produit\/the-child-with-the-apple-by-b-molin-nineteenth-portrait\/#primaryimage","url":"https:\/\/www.ponvianne-antiquites.fr\/wp-content\/uploads\/2021\/06\/3CFE332E-5A72-47CE-A245-660CDD9CFCB3_1_201_a-scaled.jpeg","contentUrl":"https:\/\/www.ponvianne-antiquites.fr\/wp-content\/uploads\/2021\/06\/3CFE332E-5A72-47CE-A245-660CDD9CFCB3_1_201_a-scaled.jpeg","width":2560,"height":2560},{"@type":"BreadcrumbList","@id":"https:\/\/www.ponvianne-antiquites.fr\/en\/produit\/the-child-with-the-apple-by-b-molin-nineteenth-portrait\/#breadcrumb","itemListElement":[{"@type":"ListItem","position":1,"name":"Accueil","item":"https:\/\/www.ponvianne-antiquites.fr\/"},{"@type":"ListItem","position":2,"name":"Categories","item":"https:\/\/www.ponvianne-antiquites.fr\/nos-categories\/"},{"@type":"ListItem","position":3,"name":"The Child With The Apple By B.molin, Nineteenth Portrait"}]},{"@type":"WebSite","@id":"https:\/\/www.ponvianne-antiquites.fr\/#website","url":"https:\/\/www.ponvianne-antiquites.fr\/","name":"Ponvianne Antiquit\u00e9s - Antiquaire","description":"Ponvianne Antiquit\u00e9s - Antiquaire","potentialAction":[{"@type":"SearchAction","target":{"@type":"EntryPoint","urlTemplate":"https:\/\/www.ponvianne-antiquites.fr\/?s={search_term_string}"},"query-input":{"@type":"PropertyValueSpecification","valueRequired":true,"valueName":"search_term_string"}}],"inLanguage":"en-US"}]}},"_links":{"self":[{"href":"https:\/\/www.ponvianne-antiquites.fr\/en\/wp-json\/wp\/v2\/product\/18219","targetHints":{"allow":["GET"]}}],"collection":[{"href":"https:\/\/www.ponvianne-antiquites.fr\/en\/wp-json\/wp\/v2\/product"}],"about":[{"href":"https:\/\/www.ponvianne-antiquites.fr\/en\/wp-json\/wp\/v2\/types\/product"}],"wp:featuredmedia":[{"embeddable":true,"href":"https:\/\/www.ponvianne-antiquites.fr\/en\/wp-json\/wp\/v2\/media\/18198"}],"wp:attachment":[{"href":"https:\/\/www.ponvianne-antiquites.fr\/en\/wp-json\/wp\/v2\/media?parent=18219"}],"wp:term":[{"taxonomy":"product_brand","embeddable":true,"href":"https:\/\/www.ponvianne-antiquites.fr\/en\/wp-json\/wp\/v2\/product_brand?post=18219"},{"taxonomy":"product_cat","embeddable":true,"href":"https:\/\/www.ponvianne-antiquites.fr\/en\/wp-json\/wp\/v2\/product_cat?post=18219"},{"taxonomy":"product_tag","embeddable":true,"href":"https:\/\/www.ponvianne-antiquites.fr\/en\/wp-json\/wp\/v2\/product_tag?post=18219"},{"taxonomy":"product_epoque","embeddable":true,"href":"https:\/\/www.ponvianne-antiquites.fr\/en\/wp-json\/wp\/v2\/product_epoque?post=18219"}],"curies":[{"name":"wp","href":"https:\/\/api.w.org\/{rel}","templated":true}]}}