{"id":88053,"date":"2026-03-25T11:04:34","date_gmt":"2026-03-25T10:04:34","guid":{"rendered":"https:\/\/www.ponvianne-antiquites.fr\/?page_id=88053"},"modified":"2026-03-25T11:04:34","modified_gmt":"2026-03-25T10:04:34","slug":"cookie-policy","status":"publish","type":"page","link":"https:\/\/www.ponvianne-antiquites.fr\/en\/cookie-policy\/","title":{"rendered":"Cookie Policy"},"content":{"rendered":"<h1 data-section-id=\"eui1o4\" data-start=\"69\" data-end=\"87\">Cookie Policy<\/h1>\n<h2 data-section-id=\"xgfogq\" data-start=\"89\" data-end=\"107\">1. Introduction<\/h2>\n<p data-start=\"109\" data-end=\"228\">The website <strong data-start=\"121\" data-end=\"148\">ponvianne-antiquites.fr<\/strong> uses cookies to ensure proper functionality and to improve the user experience.<\/p>\n<p data-start=\"230\" data-end=\"333\">During your first visit, a cookie banner allows you to accept, refuse, or customize the use of cookies.<\/p>\n<hr data-start=\"335\" data-end=\"338\" \/>\n<h2 data-section-id=\"e031g3\" data-start=\"340\" data-end=\"363\">2. What is a cookie?<\/h2>\n<p data-start=\"365\" data-end=\"476\">A cookie is a small text file stored on your device (computer, tablet, or smartphone) when you visit a website.<\/p>\n<p data-start=\"478\" data-end=\"558\">It allows the site to remember certain information about your browsing activity.<\/p>\n<hr data-start=\"560\" data-end=\"563\" \/>\n<h2 data-section-id=\"kkpcyy\" data-start=\"565\" data-end=\"592\">3. Types of cookies used<\/h2>\n<h3 data-section-id=\"py91zq\" data-start=\"594\" data-end=\"617\">Necessary cookies<\/h3>\n<p data-start=\"618\" data-end=\"711\">These cookies are essential for the proper functioning of the website and cannot be disabled.<\/p>\n<p data-start=\"713\" data-end=\"739\">They allow, in particular:<\/p>\n<ul data-start=\"741\" data-end=\"827\">\n<li data-section-id=\"1wroywl\" data-start=\"741\" data-end=\"766\">access to the website<\/li>\n<li data-section-id=\"1n126mk\" data-start=\"767\" data-end=\"806\">proper functioning of contact forms<\/li>\n<li data-section-id=\"1u2ifut\" data-start=\"807\" data-end=\"827\">website security<\/li>\n<\/ul>\n<hr data-start=\"829\" data-end=\"832\" \/>\n<h3 data-section-id=\"13vg72f\" data-start=\"834\" data-end=\"857\">Analytics cookies<\/h3>\n<p data-start=\"858\" data-end=\"966\">These cookies help us understand how visitors interact with the website in order to improve its performance.<\/p>\n<p data-start=\"968\" data-end=\"1011\">They collect anonymous information such as:<\/p>\n<ul data-start=\"1013\" data-end=\"1080\">\n<li data-section-id=\"17j6yzh\" data-start=\"1013\" data-end=\"1035\">number of visitors<\/li>\n<li data-section-id=\"1ltoxbs\" data-start=\"1036\" data-end=\"1053\">pages visited<\/li>\n<li data-section-id=\"1n2isr6\" data-start=\"1054\" data-end=\"1080\">time spent on the site<\/li>\n<\/ul>\n<p data-start=\"1082\" data-end=\"1149\">\ud83d\udc49 Example: Google Analytics (adapt depending on your actual tools)<\/p>\n<hr data-start=\"1151\" data-end=\"1154\" \/>\n<h3 data-section-id=\"qh2ntq\" data-start=\"1156\" data-end=\"1180\">Functional cookies<\/h3>\n<p data-start=\"1181\" data-end=\"1308\">These cookies allow the website to remember your preferences (such as language or display settings) to enhance your experience.<\/p>\n<hr data-start=\"1310\" data-end=\"1313\" \/>\n<h2 data-section-id=\"14eaoep\" data-start=\"1315\" data-end=\"1328\">4. Consent<\/h2>\n<p data-start=\"1330\" data-end=\"1363\">During your first visit, you can:<\/p>\n<ul data-start=\"1365\" data-end=\"1451\">\n<li data-section-id=\"u13cri\" data-start=\"1365\" data-end=\"1387\">accept all cookies<\/li>\n<li data-section-id=\"1fru72p\" data-start=\"1388\" data-end=\"1420\">refuse non-essential cookies<\/li>\n<li data-section-id=\"1ciphpw\" data-start=\"1421\" data-end=\"1451\">customize your preferences<\/li>\n<\/ul>\n<p data-start=\"1453\" data-end=\"1510\">No non-essential cookies are placed without your consent.<\/p>\n<p data-start=\"1512\" data-end=\"1603\">You can change your preferences at any time via the cookie banner or your browser settings.<\/p>\n<hr data-start=\"1605\" data-end=\"1608\" \/>\n<h2 data-section-id=\"11316m2\" data-start=\"1610\" data-end=\"1630\">5. Data retention<\/h2>\n<p data-start=\"1632\" data-end=\"1734\">Cookies are stored for a maximum period of <strong data-start=\"1675\" data-end=\"1688\">13 months<\/strong> from the time they are placed on your device.<\/p>\n<hr data-start=\"1736\" data-end=\"1739\" \/>\n<h2 data-section-id=\"3njc6m\" data-start=\"1741\" data-end=\"1763\">6. Managing cookies<\/h2>\n<p data-start=\"1765\" data-end=\"1833\">You can configure your browser to accept, refuse, or delete cookies:<\/p>\n<ul data-start=\"1835\" data-end=\"1902\">\n<li data-section-id=\"zjiu4f\" data-start=\"1835\" data-end=\"1852\">Google Chrome<\/li>\n<li data-section-id=\"4mrvch\" data-start=\"1853\" data-end=\"1872\">Mozilla Firefox<\/li>\n<li data-section-id=\"bcdque\" data-start=\"1873\" data-end=\"1883\">Safari<\/li>\n<li data-section-id=\"1wlcinz\" data-start=\"1884\" data-end=\"1902\">Microsoft Edge<\/li>\n<\/ul>\n<hr data-start=\"1904\" data-end=\"1907\" \/>\n<h2 data-section-id=\"fxohry\" data-start=\"1909\" data-end=\"1922\">7. Updates<\/h2>\n<p data-start=\"1924\" data-end=\"2012\">This policy may be updated at any time to ensure compliance with applicable regulations.<\/p>\n","protected":false},"excerpt":{"rendered":"<p>Cookie Policy 1. Introduction The website ponvianne-antiquites.fr uses cookies to ensure proper functionality and to improve the user experience. During your first visit, a cookie banner allows you to accept, refuse, or customize the use of cookies. 2. What is a cookie? A cookie is a small text file stored on your device (computer, tablet, [&hellip;]<\/p>\n","protected":false},"author":3,"featured_media":0,"parent":0,"menu_order":0,"comment_status":"closed","ping_status":"closed","template":"","meta":{"_acf_changed":false,"footnotes":""},"class_list":["post-88053","page","type-page","status-publish","hentry"],"acf":[],"yoast_head":"<!-- This site is optimized with the Yoast SEO plugin v27.5 - https:\/\/yoast.com\/product\/yoast-seo-wordpress\/ -->\n<title>Cookie Policy - Ponvianne Antiquit\u00e9s - Antiquaire<\/title>\n<meta name=\"description\" content=\"Fille d\u2019antiquaire lyonnais, sp\u00e9cialis\u00e9 dans les tableaux anciens, Fabienne Ponvianne a d\u00e9couvert tr\u00e8s t\u00f4t le go\u00fbt de chiner, restaurer et vendre. D\u2019abord au c\u00f4t\u00e9 de ses parents \u00e0 la brocante de Stalingrad \u00e0 Lyon Villeurbanne puis \u00e0 partir de 1990 au sein de la Cit\u00e9 des Antiquaires.\" \/>\n<meta name=\"robots\" content=\"index, follow, max-snippet:-1, max-image-preview:large, max-video-preview:-1\" \/>\n<link rel=\"canonical\" href=\"https:\/\/www.ponvianne-antiquites.fr\/en\/cookie-policy\/\" \/>\n<meta property=\"og:locale\" content=\"en_US\" \/>\n<meta property=\"og:type\" content=\"article\" \/>\n<meta property=\"og:title\" content=\"Cookie Policy - Ponvianne Antiquit\u00e9s - Antiquaire\" \/>\n<meta property=\"og:description\" content=\"Fille d\u2019antiquaire lyonnais, sp\u00e9cialis\u00e9 dans les tableaux anciens, Fabienne Ponvianne a d\u00e9couvert tr\u00e8s t\u00f4t le go\u00fbt de chiner, restaurer et vendre. D\u2019abord au c\u00f4t\u00e9 de ses parents \u00e0 la brocante de Stalingrad \u00e0 Lyon Villeurbanne puis \u00e0 partir de 1990 au sein de la Cit\u00e9 des Antiquaires.\" \/>\n<meta property=\"og:url\" content=\"https:\/\/www.ponvianne-antiquites.fr\/en\/cookie-policy\/\" \/>\n<meta property=\"og:site_name\" content=\"Ponvianne Antiquit\u00e9s - Antiquaire\" \/>\n<meta name=\"twitter:card\" content=\"summary_large_image\" \/>\n<meta name=\"twitter:label1\" content=\"Est. reading time\" \/>\n\t<meta name=\"twitter:data1\" content=\"2 minutes\" \/>\n<script type=\"application\/ld+json\" class=\"yoast-schema-graph\">{\"@context\":\"https:\\\/\\\/schema.org\",\"@graph\":[{\"@type\":\"WebPage\",\"@id\":\"https:\\\/\\\/www.ponvianne-antiquites.fr\\\/en\\\/cookie-policy\\\/\",\"url\":\"https:\\\/\\\/www.ponvianne-antiquites.fr\\\/en\\\/cookie-policy\\\/\",\"name\":\"Cookie Policy - Ponvianne Antiquit\u00e9s - Antiquaire\",\"isPartOf\":{\"@id\":\"https:\\\/\\\/www.ponvianne-antiquites.fr\\\/#website\"},\"datePublished\":\"2026-03-25T10:04:34+00:00\",\"description\":\"Fille d\u2019antiquaire lyonnais, sp\u00e9cialis\u00e9 dans les tableaux anciens, Fabienne Ponvianne a d\u00e9couvert tr\u00e8s t\u00f4t le go\u00fbt de chiner, restaurer et vendre. D\u2019abord au c\u00f4t\u00e9 de ses parents \u00e0 la brocante de Stalingrad \u00e0 Lyon Villeurbanne puis \u00e0 partir de 1990 au sein de la Cit\u00e9 des Antiquaires.\",\"breadcrumb\":{\"@id\":\"https:\\\/\\\/www.ponvianne-antiquites.fr\\\/en\\\/cookie-policy\\\/#breadcrumb\"},\"inLanguage\":\"en-US\",\"potentialAction\":[{\"@type\":\"ReadAction\",\"target\":[\"https:\\\/\\\/www.ponvianne-antiquites.fr\\\/en\\\/cookie-policy\\\/\"]}]},{\"@type\":\"BreadcrumbList\",\"@id\":\"https:\\\/\\\/www.ponvianne-antiquites.fr\\\/en\\\/cookie-policy\\\/#breadcrumb\",\"itemListElement\":[{\"@type\":\"ListItem\",\"position\":1,\"name\":\"Accueil\",\"item\":\"https:\\\/\\\/www.ponvianne-antiquites.fr\\\/\"},{\"@type\":\"ListItem\",\"position\":2,\"name\":\"Cookie Policy\"}]},{\"@type\":\"WebSite\",\"@id\":\"https:\\\/\\\/www.ponvianne-antiquites.fr\\\/#website\",\"url\":\"https:\\\/\\\/www.ponvianne-antiquites.fr\\\/\",\"name\":\"Ponvianne Antiquit\u00e9s - Antiquaire\",\"description\":\"Ponvianne Antiquit\u00e9s - Antiquaire\",\"potentialAction\":[{\"@type\":\"SearchAction\",\"target\":{\"@type\":\"EntryPoint\",\"urlTemplate\":\"https:\\\/\\\/www.ponvianne-antiquites.fr\\\/?s={search_term_string}\"},\"query-input\":{\"@type\":\"PropertyValueSpecification\",\"valueRequired\":true,\"valueName\":\"search_term_string\"}}],\"inLanguage\":\"en-US\"}]}<\/script>\n<!-- \/ Yoast SEO plugin. -->","yoast_head_json":{"title":"Cookie Policy - Ponvianne Antiquit\u00e9s - Antiquaire","description":"Fille d\u2019antiquaire lyonnais, sp\u00e9cialis\u00e9 dans les tableaux anciens, Fabienne Ponvianne a d\u00e9couvert tr\u00e8s t\u00f4t le go\u00fbt de chiner, restaurer et vendre. D\u2019abord au c\u00f4t\u00e9 de ses parents \u00e0 la brocante de Stalingrad \u00e0 Lyon Villeurbanne puis \u00e0 partir de 1990 au sein de la Cit\u00e9 des Antiquaires.","robots":{"index":"index","follow":"follow","max-snippet":"max-snippet:-1","max-image-preview":"max-image-preview:large","max-video-preview":"max-video-preview:-1"},"canonical":"https:\/\/www.ponvianne-antiquites.fr\/en\/cookie-policy\/","og_locale":"en_US","og_type":"article","og_title":"Cookie Policy - Ponvianne Antiquit\u00e9s - Antiquaire","og_description":"Fille d\u2019antiquaire lyonnais, sp\u00e9cialis\u00e9 dans les tableaux anciens, Fabienne Ponvianne a d\u00e9couvert tr\u00e8s t\u00f4t le go\u00fbt de chiner, restaurer et vendre. D\u2019abord au c\u00f4t\u00e9 de ses parents \u00e0 la brocante de Stalingrad \u00e0 Lyon Villeurbanne puis \u00e0 partir de 1990 au sein de la Cit\u00e9 des Antiquaires.","og_url":"https:\/\/www.ponvianne-antiquites.fr\/en\/cookie-policy\/","og_site_name":"Ponvianne Antiquit\u00e9s - Antiquaire","twitter_card":"summary_large_image","twitter_misc":{"Est. reading time":"2 minutes"},"schema":{"@context":"https:\/\/schema.org","@graph":[{"@type":"WebPage","@id":"https:\/\/www.ponvianne-antiquites.fr\/en\/cookie-policy\/","url":"https:\/\/www.ponvianne-antiquites.fr\/en\/cookie-policy\/","name":"Cookie Policy - Ponvianne Antiquit\u00e9s - Antiquaire","isPartOf":{"@id":"https:\/\/www.ponvianne-antiquites.fr\/#website"},"datePublished":"2026-03-25T10:04:34+00:00","description":"Fille d\u2019antiquaire lyonnais, sp\u00e9cialis\u00e9 dans les tableaux anciens, Fabienne Ponvianne a d\u00e9couvert tr\u00e8s t\u00f4t le go\u00fbt de chiner, restaurer et vendre. D\u2019abord au c\u00f4t\u00e9 de ses parents \u00e0 la brocante de Stalingrad \u00e0 Lyon Villeurbanne puis \u00e0 partir de 1990 au sein de la Cit\u00e9 des Antiquaires.","breadcrumb":{"@id":"https:\/\/www.ponvianne-antiquites.fr\/en\/cookie-policy\/#breadcrumb"},"inLanguage":"en-US","potentialAction":[{"@type":"ReadAction","target":["https:\/\/www.ponvianne-antiquites.fr\/en\/cookie-policy\/"]}]},{"@type":"BreadcrumbList","@id":"https:\/\/www.ponvianne-antiquites.fr\/en\/cookie-policy\/#breadcrumb","itemListElement":[{"@type":"ListItem","position":1,"name":"Accueil","item":"https:\/\/www.ponvianne-antiquites.fr\/"},{"@type":"ListItem","position":2,"name":"Cookie Policy"}]},{"@type":"WebSite","@id":"https:\/\/www.ponvianne-antiquites.fr\/#website","url":"https:\/\/www.ponvianne-antiquites.fr\/","name":"Ponvianne Antiquit\u00e9s - Antiquaire","description":"Ponvianne Antiquit\u00e9s - Antiquaire","potentialAction":[{"@type":"SearchAction","target":{"@type":"EntryPoint","urlTemplate":"https:\/\/www.ponvianne-antiquites.fr\/?s={search_term_string}"},"query-input":{"@type":"PropertyValueSpecification","valueRequired":true,"valueName":"search_term_string"}}],"inLanguage":"en-US"}]}},"_links":{"self":[{"href":"https:\/\/www.ponvianne-antiquites.fr\/en\/wp-json\/wp\/v2\/pages\/88053","targetHints":{"allow":["GET"]}}],"collection":[{"href":"https:\/\/www.ponvianne-antiquites.fr\/en\/wp-json\/wp\/v2\/pages"}],"about":[{"href":"https:\/\/www.ponvianne-antiquites.fr\/en\/wp-json\/wp\/v2\/types\/page"}],"author":[{"embeddable":true,"href":"https:\/\/www.ponvianne-antiquites.fr\/en\/wp-json\/wp\/v2\/users\/3"}],"replies":[{"embeddable":true,"href":"https:\/\/www.ponvianne-antiquites.fr\/en\/wp-json\/wp\/v2\/comments?post=88053"}],"version-history":[{"count":1,"href":"https:\/\/www.ponvianne-antiquites.fr\/en\/wp-json\/wp\/v2\/pages\/88053\/revisions"}],"predecessor-version":[{"id":88054,"href":"https:\/\/www.ponvianne-antiquites.fr\/en\/wp-json\/wp\/v2\/pages\/88053\/revisions\/88054"}],"wp:attachment":[{"href":"https:\/\/www.ponvianne-antiquites.fr\/en\/wp-json\/wp\/v2\/media?parent=88053"}],"curies":[{"name":"wp","href":"https:\/\/api.w.org\/{rel}","templated":true}]}}