{"id":88047,"date":"2026-03-25T10:57:51","date_gmt":"2026-03-25T09:57:51","guid":{"rendered":"https:\/\/www.ponvianne-antiquites.fr\/?page_id=88047"},"modified":"2026-03-25T11:04:52","modified_gmt":"2026-03-25T10:04:52","slug":"88047-2","status":"publish","type":"page","link":"https:\/\/www.ponvianne-antiquites.fr\/en\/88047-2\/","title":{"rendered":"Privacy Policy"},"content":{"rendered":"<h1 data-section-id=\"1dp7kw\" data-start=\"72\" data-end=\"88\">Privacy Policy<\/h1>\n<h2 data-section-id=\"xgfogq\" data-start=\"90\" data-end=\"108\">1. Introduction<\/h2>\n<p data-start=\"110\" data-end=\"258\">This privacy policy aims to inform users of the website <strong data-start=\"166\" data-end=\"193\">ponvianne-antiquites.fr<\/strong> about how their personal data is collected, used, and protected.<\/p>\n<p data-start=\"260\" data-end=\"431\">As part of its activities, <strong data-start=\"287\" data-end=\"311\">Ponvianne Antiquit\u00e9s<\/strong> is committed to complying with applicable regulations, in particular the <strong data-start=\"385\" data-end=\"430\">General Data Protection Regulation (GDPR)<\/strong>.<\/p>\n<p data-start=\"433\" data-end=\"555\">Users are invited to regularly consult this page, which may be updated in accordance with legal or technical developments.<\/p>\n<hr data-start=\"557\" data-end=\"560\" \/>\n<h2 data-section-id=\"dopo51\" data-start=\"562\" data-end=\"583\">2. Data Controller<\/h2>\n<p data-start=\"585\" data-end=\"615\">Personal data is collected by:<\/p>\n<p data-start=\"617\" data-end=\"748\"><strong data-start=\"617\" data-end=\"637\">Colibri Pictures<\/strong><br data-start=\"637\" data-end=\"640\" \/>Address: 26 ch de la Chanterie, 69260 Charbonni\u00e8res-les-Bains, France<br data-start=\"709\" data-end=\"712\" \/>Email: <a class=\"decorated-link cursor-pointer\" rel=\"noopener\" data-start=\"719\" data-end=\"746\">contact@colibripictrues.com<\/a><\/p>\n<hr data-start=\"750\" data-end=\"753\" \/>\n<h2 data-section-id=\"1gmjk47\" data-start=\"755\" data-end=\"775\">3. Data Collected<\/h2>\n<p data-start=\"777\" data-end=\"811\">We may collect the following data:<\/p>\n<ul data-start=\"813\" data-end=\"950\">\n<li data-section-id=\"izaz90\" data-start=\"813\" data-end=\"836\">First and last name<\/li>\n<li data-section-id=\"wk4jiq\" data-start=\"837\" data-end=\"854\">Email address<\/li>\n<li data-section-id=\"1tzdck7\" data-start=\"855\" data-end=\"871\">Phone number<\/li>\n<li data-section-id=\"1fzs44d\" data-start=\"872\" data-end=\"906\">Message content (contact form)<\/li>\n<li data-section-id=\"2hip7q\" data-start=\"907\" data-end=\"950\">Browsing data (cookies, IP address, etc.)<\/li>\n<\/ul>\n<p data-start=\"952\" data-end=\"989\">This data is collected only when you:<\/p>\n<ul data-start=\"991\" data-end=\"1082\">\n<li data-section-id=\"7bqnlw\" data-start=\"991\" data-end=\"1015\">use the contact form<\/li>\n<li data-section-id=\"rila7o\" data-start=\"1016\" data-end=\"1038\">browse the website<\/li>\n<li data-section-id=\"1mh5542\" data-start=\"1039\" data-end=\"1082\">make an inquiry or request an appraisal<\/li>\n<\/ul>\n<hr data-start=\"1084\" data-end=\"1087\" \/>\n<h2 data-section-id=\"bve8b2\" data-start=\"1089\" data-end=\"1121\">4. Purpose of Data Collection<\/h2>\n<p data-start=\"1123\" data-end=\"1168\">Data is collected for the following purposes:<\/p>\n<ul data-start=\"1170\" data-end=\"1324\">\n<li data-section-id=\"1tsc5j4\" data-start=\"1170\" data-end=\"1204\">responding to contact requests<\/li>\n<li data-section-id=\"1lr1qr5\" data-start=\"1205\" data-end=\"1236\">managing customer follow-up<\/li>\n<li data-section-id=\"1uibxdd\" data-start=\"1237\" data-end=\"1282\">improving the website and user experience<\/li>\n<li data-section-id=\"2ev6dx\" data-start=\"1283\" data-end=\"1324\">generating website traffic statistics<\/li>\n<\/ul>\n<p data-start=\"1326\" data-end=\"1415\">In accordance with the GDPR, data must be collected for specific and legitimate purposes.<\/p>\n<hr data-start=\"1417\" data-end=\"1420\" \/>\n<h2 data-section-id=\"usau3b\" data-start=\"1422\" data-end=\"1439\">5. Legal Basis<\/h2>\n<p data-start=\"1441\" data-end=\"1469\">Data processing is based on:<\/p>\n<ul data-start=\"1471\" data-end=\"1599\">\n<li data-section-id=\"4yg5dw\" data-start=\"1471\" data-end=\"1493\">the user\u2019s consent<\/li>\n<li data-section-id=\"a374kk\" data-start=\"1494\" data-end=\"1561\">the performance of a pre-contractual or commercial relationship<\/li>\n<li data-section-id=\"11i6bxx\" data-start=\"1562\" data-end=\"1599\">compliance with legal obligations<\/li>\n<\/ul>\n<hr data-start=\"1601\" data-end=\"1604\" \/>\n<h2 data-section-id=\"3xvt5o\" data-start=\"1606\" data-end=\"1633\">6. Data Retention Period<\/h2>\n<p data-start=\"1635\" data-end=\"1673\">Data is retained for a limited period:<\/p>\n<ul data-start=\"1675\" data-end=\"1735\">\n<li data-section-id=\"60vymr\" data-start=\"1675\" data-end=\"1706\">Contact data: up to 3 years<\/li>\n<li data-section-id=\"e0jd3u\" data-start=\"1707\" data-end=\"1735\">Cookies: up to 13 months<\/li>\n<\/ul>\n<p data-start=\"1737\" data-end=\"1789\">Beyond these periods, data is deleted or anonymized.<\/p>\n<hr data-start=\"1791\" data-end=\"1794\" \/>\n<h2 data-section-id=\"1mzxi4k\" data-start=\"1796\" data-end=\"1817\">7. Data Recipients<\/h2>\n<p data-start=\"1819\" data-end=\"1861\">The collected data is intended solely for:<\/p>\n<ul data-start=\"1863\" data-end=\"1941\">\n<li data-section-id=\"v5um9z\" data-start=\"1863\" data-end=\"1887\"><strong data-start=\"1865\" data-end=\"1885\">Colibri Pictures<\/strong><\/li>\n<li data-section-id=\"ea78mf\" data-start=\"1888\" data-end=\"1941\">its technical service providers (Zab\u00e9 Informatique)<\/li>\n<\/ul>\n<p data-start=\"1943\" data-end=\"1983\">Under no circumstances is the data sold.<\/p>\n<hr data-start=\"1985\" data-end=\"1988\" \/>\n<h2 data-section-id=\"1mj8ub9\" data-start=\"1990\" data-end=\"2009\">8. Data Security<\/h2>\n<p data-start=\"2011\" data-end=\"2063\">We implement all necessary measures to protect data:<\/p>\n<ul data-start=\"2065\" data-end=\"2149\">\n<li data-section-id=\"f3vyt\" data-start=\"2065\" data-end=\"2083\">HTTPS protocol<\/li>\n<li data-section-id=\"k9cetn\" data-start=\"2084\" data-end=\"2106\">secure data access<\/li>\n<li data-section-id=\"5gqak4\" data-start=\"2107\" data-end=\"2149\">protection against unauthorized access<\/li>\n<\/ul>\n","protected":false},"excerpt":{"rendered":"<p>Privacy Policy 1. Introduction This privacy policy aims to inform users of the website ponvianne-antiquites.fr about how their personal data is collected, used, and protected. As part of its activities, Ponvianne Antiquit\u00e9s is committed to complying with applicable regulations, in particular the General Data Protection Regulation (GDPR). Users are invited to regularly consult this page, [&hellip;]<\/p>\n","protected":false},"author":3,"featured_media":0,"parent":0,"menu_order":0,"comment_status":"closed","ping_status":"closed","template":"","meta":{"_acf_changed":false,"footnotes":""},"class_list":["post-88047","page","type-page","status-publish","hentry"],"acf":[],"yoast_head":"<!-- This site is optimized with the Yoast SEO plugin v27.5 - https:\/\/yoast.com\/product\/yoast-seo-wordpress\/ -->\n<title>Privacy Policy - Ponvianne Antiquit\u00e9s - Antiquaire<\/title>\n<meta name=\"description\" content=\"Fille d\u2019antiquaire lyonnais, sp\u00e9cialis\u00e9 dans les tableaux anciens, Fabienne Ponvianne a d\u00e9couvert tr\u00e8s t\u00f4t le go\u00fbt de chiner, restaurer et vendre. D\u2019abord au c\u00f4t\u00e9 de ses parents \u00e0 la brocante de Stalingrad \u00e0 Lyon Villeurbanne puis \u00e0 partir de 1990 au sein de la Cit\u00e9 des Antiquaires.\" \/>\n<meta name=\"robots\" content=\"index, follow, max-snippet:-1, max-image-preview:large, max-video-preview:-1\" \/>\n<link rel=\"canonical\" href=\"https:\/\/www.ponvianne-antiquites.fr\/en\/88047-2\/\" \/>\n<meta property=\"og:locale\" content=\"en_US\" \/>\n<meta property=\"og:type\" content=\"article\" \/>\n<meta property=\"og:title\" content=\"Privacy Policy - Ponvianne Antiquit\u00e9s - Antiquaire\" \/>\n<meta property=\"og:description\" content=\"Fille d\u2019antiquaire lyonnais, sp\u00e9cialis\u00e9 dans les tableaux anciens, Fabienne Ponvianne a d\u00e9couvert tr\u00e8s t\u00f4t le go\u00fbt de chiner, restaurer et vendre. D\u2019abord au c\u00f4t\u00e9 de ses parents \u00e0 la brocante de Stalingrad \u00e0 Lyon Villeurbanne puis \u00e0 partir de 1990 au sein de la Cit\u00e9 des Antiquaires.\" \/>\n<meta property=\"og:url\" content=\"https:\/\/www.ponvianne-antiquites.fr\/en\/88047-2\/\" \/>\n<meta property=\"og:site_name\" content=\"Ponvianne Antiquit\u00e9s - Antiquaire\" \/>\n<meta property=\"article:modified_time\" content=\"2026-03-25T10:04:52+00:00\" \/>\n<meta name=\"twitter:card\" content=\"summary_large_image\" \/>\n<meta name=\"twitter:label1\" content=\"Est. reading time\" \/>\n\t<meta name=\"twitter:data1\" content=\"2 minutes\" \/>\n<script type=\"application\/ld+json\" class=\"yoast-schema-graph\">{\"@context\":\"https:\\\/\\\/schema.org\",\"@graph\":[{\"@type\":\"WebPage\",\"@id\":\"https:\\\/\\\/www.ponvianne-antiquites.fr\\\/en\\\/88047-2\\\/\",\"url\":\"https:\\\/\\\/www.ponvianne-antiquites.fr\\\/en\\\/88047-2\\\/\",\"name\":\"Privacy Policy - Ponvianne Antiquit\u00e9s - Antiquaire\",\"isPartOf\":{\"@id\":\"https:\\\/\\\/www.ponvianne-antiquites.fr\\\/#website\"},\"datePublished\":\"2026-03-25T09:57:51+00:00\",\"dateModified\":\"2026-03-25T10:04:52+00:00\",\"description\":\"Fille d\u2019antiquaire lyonnais, sp\u00e9cialis\u00e9 dans les tableaux anciens, Fabienne Ponvianne a d\u00e9couvert tr\u00e8s t\u00f4t le go\u00fbt de chiner, restaurer et vendre. D\u2019abord au c\u00f4t\u00e9 de ses parents \u00e0 la brocante de Stalingrad \u00e0 Lyon Villeurbanne puis \u00e0 partir de 1990 au sein de la Cit\u00e9 des Antiquaires.\",\"breadcrumb\":{\"@id\":\"https:\\\/\\\/www.ponvianne-antiquites.fr\\\/en\\\/88047-2\\\/#breadcrumb\"},\"inLanguage\":\"en-US\",\"potentialAction\":[{\"@type\":\"ReadAction\",\"target\":[\"https:\\\/\\\/www.ponvianne-antiquites.fr\\\/en\\\/88047-2\\\/\"]}]},{\"@type\":\"BreadcrumbList\",\"@id\":\"https:\\\/\\\/www.ponvianne-antiquites.fr\\\/en\\\/88047-2\\\/#breadcrumb\",\"itemListElement\":[{\"@type\":\"ListItem\",\"position\":1,\"name\":\"Accueil\",\"item\":\"https:\\\/\\\/www.ponvianne-antiquites.fr\\\/\"},{\"@type\":\"ListItem\",\"position\":2,\"name\":\"Privacy Policy\"}]},{\"@type\":\"WebSite\",\"@id\":\"https:\\\/\\\/www.ponvianne-antiquites.fr\\\/#website\",\"url\":\"https:\\\/\\\/www.ponvianne-antiquites.fr\\\/\",\"name\":\"Ponvianne Antiquit\u00e9s - Antiquaire\",\"description\":\"Ponvianne Antiquit\u00e9s - Antiquaire\",\"potentialAction\":[{\"@type\":\"SearchAction\",\"target\":{\"@type\":\"EntryPoint\",\"urlTemplate\":\"https:\\\/\\\/www.ponvianne-antiquites.fr\\\/?s={search_term_string}\"},\"query-input\":{\"@type\":\"PropertyValueSpecification\",\"valueRequired\":true,\"valueName\":\"search_term_string\"}}],\"inLanguage\":\"en-US\"}]}<\/script>\n<!-- \/ Yoast SEO plugin. -->","yoast_head_json":{"title":"Privacy Policy - Ponvianne Antiquit\u00e9s - Antiquaire","description":"Fille d\u2019antiquaire lyonnais, sp\u00e9cialis\u00e9 dans les tableaux anciens, Fabienne Ponvianne a d\u00e9couvert tr\u00e8s t\u00f4t le go\u00fbt de chiner, restaurer et vendre. D\u2019abord au c\u00f4t\u00e9 de ses parents \u00e0 la brocante de Stalingrad \u00e0 Lyon Villeurbanne puis \u00e0 partir de 1990 au sein de la Cit\u00e9 des Antiquaires.","robots":{"index":"index","follow":"follow","max-snippet":"max-snippet:-1","max-image-preview":"max-image-preview:large","max-video-preview":"max-video-preview:-1"},"canonical":"https:\/\/www.ponvianne-antiquites.fr\/en\/88047-2\/","og_locale":"en_US","og_type":"article","og_title":"Privacy Policy - Ponvianne Antiquit\u00e9s - Antiquaire","og_description":"Fille d\u2019antiquaire lyonnais, sp\u00e9cialis\u00e9 dans les tableaux anciens, Fabienne Ponvianne a d\u00e9couvert tr\u00e8s t\u00f4t le go\u00fbt de chiner, restaurer et vendre. D\u2019abord au c\u00f4t\u00e9 de ses parents \u00e0 la brocante de Stalingrad \u00e0 Lyon Villeurbanne puis \u00e0 partir de 1990 au sein de la Cit\u00e9 des Antiquaires.","og_url":"https:\/\/www.ponvianne-antiquites.fr\/en\/88047-2\/","og_site_name":"Ponvianne Antiquit\u00e9s - Antiquaire","article_modified_time":"2026-03-25T10:04:52+00:00","twitter_card":"summary_large_image","twitter_misc":{"Est. reading time":"2 minutes"},"schema":{"@context":"https:\/\/schema.org","@graph":[{"@type":"WebPage","@id":"https:\/\/www.ponvianne-antiquites.fr\/en\/88047-2\/","url":"https:\/\/www.ponvianne-antiquites.fr\/en\/88047-2\/","name":"Privacy Policy - Ponvianne Antiquit\u00e9s - Antiquaire","isPartOf":{"@id":"https:\/\/www.ponvianne-antiquites.fr\/#website"},"datePublished":"2026-03-25T09:57:51+00:00","dateModified":"2026-03-25T10:04:52+00:00","description":"Fille d\u2019antiquaire lyonnais, sp\u00e9cialis\u00e9 dans les tableaux anciens, Fabienne Ponvianne a d\u00e9couvert tr\u00e8s t\u00f4t le go\u00fbt de chiner, restaurer et vendre. D\u2019abord au c\u00f4t\u00e9 de ses parents \u00e0 la brocante de Stalingrad \u00e0 Lyon Villeurbanne puis \u00e0 partir de 1990 au sein de la Cit\u00e9 des Antiquaires.","breadcrumb":{"@id":"https:\/\/www.ponvianne-antiquites.fr\/en\/88047-2\/#breadcrumb"},"inLanguage":"en-US","potentialAction":[{"@type":"ReadAction","target":["https:\/\/www.ponvianne-antiquites.fr\/en\/88047-2\/"]}]},{"@type":"BreadcrumbList","@id":"https:\/\/www.ponvianne-antiquites.fr\/en\/88047-2\/#breadcrumb","itemListElement":[{"@type":"ListItem","position":1,"name":"Accueil","item":"https:\/\/www.ponvianne-antiquites.fr\/"},{"@type":"ListItem","position":2,"name":"Privacy Policy"}]},{"@type":"WebSite","@id":"https:\/\/www.ponvianne-antiquites.fr\/#website","url":"https:\/\/www.ponvianne-antiquites.fr\/","name":"Ponvianne Antiquit\u00e9s - Antiquaire","description":"Ponvianne Antiquit\u00e9s - Antiquaire","potentialAction":[{"@type":"SearchAction","target":{"@type":"EntryPoint","urlTemplate":"https:\/\/www.ponvianne-antiquites.fr\/?s={search_term_string}"},"query-input":{"@type":"PropertyValueSpecification","valueRequired":true,"valueName":"search_term_string"}}],"inLanguage":"en-US"}]}},"_links":{"self":[{"href":"https:\/\/www.ponvianne-antiquites.fr\/en\/wp-json\/wp\/v2\/pages\/88047","targetHints":{"allow":["GET"]}}],"collection":[{"href":"https:\/\/www.ponvianne-antiquites.fr\/en\/wp-json\/wp\/v2\/pages"}],"about":[{"href":"https:\/\/www.ponvianne-antiquites.fr\/en\/wp-json\/wp\/v2\/types\/page"}],"author":[{"embeddable":true,"href":"https:\/\/www.ponvianne-antiquites.fr\/en\/wp-json\/wp\/v2\/users\/3"}],"replies":[{"embeddable":true,"href":"https:\/\/www.ponvianne-antiquites.fr\/en\/wp-json\/wp\/v2\/comments?post=88047"}],"version-history":[{"count":2,"href":"https:\/\/www.ponvianne-antiquites.fr\/en\/wp-json\/wp\/v2\/pages\/88047\/revisions"}],"predecessor-version":[{"id":88055,"href":"https:\/\/www.ponvianne-antiquites.fr\/en\/wp-json\/wp\/v2\/pages\/88047\/revisions\/88055"}],"wp:attachment":[{"href":"https:\/\/www.ponvianne-antiquites.fr\/en\/wp-json\/wp\/v2\/media?parent=88047"}],"curies":[{"name":"wp","href":"https:\/\/api.w.org\/{rel}","templated":true}]}}