{"id":7858,"date":"2021-01-26T13:46:07","date_gmt":"2021-01-26T12:46:07","guid":{"rendered":"http:\/\/fabienne-lamberger-ponvianne.dev.zabe.fr\/showroom\/"},"modified":"2025-08-29T13:29:59","modified_gmt":"2025-08-29T11:29:59","slug":"showroom","status":"publish","type":"page","link":"https:\/\/www.ponvianne-antiquites.fr\/en\/showroom\/","title":{"rendered":"Showroom"},"content":{"rendered":"<section class=\"section--white\">\n<div class=\"container\">\n<h2>Showroom<\/h2>\n<p style=\"text-align: center;\">Passionate about antiques, we have been offering a selection of 18th and 19th century objects since 1986: paintings, lighting, and small pieces of furniture. Our business is a family affair, and I am supported by my son Antoine Ponvianne and my son-in-law Corentin Farault. We welcome you (by appointment) to our showroom in Marcy l&#8217;Etoile, a few kilometers from Lyon. Feel free to contact us at +33 6 86 49 01 13 (Fabienne) or +33 7 70 13 22 80 (Corentin), or by email (please check your spam folder), we will be happy to advise you on decorating your home.<\/p>\n<p style=\"text-align: center;\">To discover our new products and our world daily, we invite you to follow us on Instagram: @ponvianne_antiquites<\/p>\n<\/div>\n<\/section>\n<section class=\"pb60 pt30 section--white\">\n<div class=\"container\" style=\"text-align: center;\"><div id='ggpkg_container_0_7858' style='width:100%; height:600px; position: relative;'>\nLoading...\n<\/div>\n<script type='text\/javascript' src='https:\/\/www.ponvianne-antiquites.fr\/wp-content\/uploads\/2021\/02\/PONVIANNE_VISITE_360_V2\/pano2vr_player.js'><\/script>\n<script type='text\/javascript' src='https:\/\/www.ponvianne-antiquites.fr\/wp-content\/uploads\/2021\/02\/PONVIANNE_VISITE_360_V2\/skin.js'><\/script>\n<script type='text\/javascript'>\nwindow.addEventListener('load',function() {\nif  (typeof PONVIANNE_VISITE_360_V2_pano2vrPlayer != 'undefined') {\n\tpano_0_7858=new PONVIANNE_VISITE_360_V2_pano2vrPlayer('ggpkg_container_0_7858');\n} else {\n\tpano_0_7858=new pano2vrPlayer('ggpkg_container_0_7858');\n}\nif  (typeof PONVIANNE_VISITE_360_V2_pano2vrSkin != 'undefined') {\n\tskin_0_7858=new PONVIANNE_VISITE_360_V2_pano2vrSkin(pano_0_7858, 'https:\/\/www.ponvianne-antiquites.fr\/wp-content\/uploads\/2021\/02\/PONVIANNE_VISITE_360_V2\/');\n} else {\n\tskin_0_7858=new pano2vrSkin(pano_0_7858, 'https:\/\/www.ponvianne-antiquites.fr\/wp-content\/uploads\/2021\/02\/PONVIANNE_VISITE_360_V2\/');\n}\npano_0_7858.readConfigUrlAsync('https:\/\/www.ponvianne-antiquites.fr\/wp-content\/uploads\/2021\/02\/PONVIANNE_VISITE_360_V2\/pano.xml');\nvar contentOverflow = document.getElementById('content') ? document.getElementById('content').style.overflow : '';\npano_0_7858.addListener('fullscreenenter', function() {\n\tif (document.getElementById('content')) {\n\t\tdocument.getElementById('content').style.overflow = 'visible';\n\t}\n});\npano_0_7858.addListener('fullscreenexit', function() {\n\tif (document.getElementById('content')) {\n\t\tdocument.getElementById('content').style.overflow = contentOverflow;\n\t}\n});\n\n});\n<\/script>\n<\/div>\n<div><\/div>\n<\/section>\n<section class=\"pb60\">\n<div class=\"container\" style=\"text-align: center;\">\t\n\t<div class=\"flex flex--center--horizontal container pt60 pb40\">\n\t\t<svg width=\"30\" style=\"margin-right:10px;\" aria-hidden=\"true\" focusable=\"false\" data-prefix=\"fas\" data-icon=\"map-marker-alt\" role=\"img\" xmlns=\"http:\/\/www.w3.org\/2000\/svg\" viewBox=\"0 0 384 512\" class=\"svg-inline--fa fa-map-marker-alt fa-w-12 fa-9x\"><path fill=\"currentColor\" d=\"M172.268 501.67C26.97 291.031 0 269.413 0 192 0 85.961 85.961 0 192 0s192 85.961 192 192c0 77.413-26.97 99.031-172.268 309.67-9.535 13.774-29.93 13.773-39.464 0zM192 272c44.183 0 80-35.817 80-80s-35.817-80-80-80-80 35.817-80 80 35.817 80 80 80z\" class=\"\"><\/path><\/svg>\n\t\t<span style=\"font-size: 28px;\">490 chemin de grange neuve, Marcy-l'\u00c9toile 69280<\/span>\n\t<\/div>\n\t<div id=\"mapid\"><\/div>\n    <style>#mapid { height: 30vw; }<\/style>\n\t<script type=\"text\/javascript\">\n\t\t\/\/ On initialise la latitude et la longitude de Paris (centre de la carte)\n\t\tvar lat = 45.7844446;\n\t\tvar lon = 4.6978363;\n\t\tvar macarte = null;\n\t\t\/\/ Fonction d'initialisation de la carte\n\t\tfunction initMap() {\n\t\t\t\/\/ Cr\u00e9er l'objet \"macarte\" et l'ins\u00e8rer dans l'\u00e9l\u00e9ment HTML qui a l'ID \"map\"\n\t\t\tmacarte = L.map('mapid').setView([lat, lon], 14);\n\t\t\t\/\/ Leaflet ne r\u00e9cup\u00e8re pas les cartes (tiles) sur un serveur par d\u00e9faut. Nous devons lui pr\u00e9ciser o\u00f9 nous souhaitons les r\u00e9cup\u00e9rer. Ici, openstreetmap.fr\n\t\t\tL.tileLayer('https:\/\/{s}.tile.openstreetmap.fr\/osmfr\/{z}\/{x}\/{y}.png', {\n\t\t\t\t\/\/ Il est toujours bien de laisser le lien vers la source des donn\u00e9es\n\t\t\t\tattribution: 'donn\u00e9es \u00a9 <a href=\"\/\/osm.org\/copyright\">OpenStreetMap<\/a>\/ODbL - rendu <a href=\"\/\/openstreetmap.fr\">OSM France<\/a>',\n\t\t\t\tminZoom: 1,\n\t\t\t\tmaxZoom: 20\n\t\t\t}).addTo(macarte);\n\t\t\t\/\/ Nous ajoutons un marqueur\n\t\t\tvar marker = L.marker([lat, lon]).addTo(macarte);\n\t\t}\n\t\twindow.onload = function(){\n\t\t\t\/\/ Fonction d'initialisation qui s'ex\u00e9cute lorsque le DOM est charg\u00e9\n\t\t\tinitMap(); \n\t\t};\n\t<\/script>\n\t<\/div>\n<\/section>\n","protected":false},"excerpt":{"rendered":"<p>Showroom Passionate about antiques, we have been offering a selection of 18th and 19th century objects since 1986: paintings, lighting, and small pieces of furniture. Our business is a family affair, and I am supported by my son Antoine Ponvianne and my son-in-law Corentin Farault. We welcome you (by appointment) to our showroom in Marcy [&hellip;]<\/p>\n","protected":false},"author":4,"featured_media":0,"parent":0,"menu_order":0,"comment_status":"closed","ping_status":"closed","template":"","meta":{"_acf_changed":false,"footnotes":""},"class_list":["post-7858","page","type-page","status-publish","hentry"],"acf":[],"yoast_head":"<!-- This site is optimized with the Yoast SEO plugin v27.4 - https:\/\/yoast.com\/product\/yoast-seo-wordpress\/ -->\n<title>Showroom - Ponvianne Antiquit\u00e9s - Antiquaire<\/title>\n<meta name=\"description\" content=\"Fille d\u2019antiquaire lyonnais, sp\u00e9cialis\u00e9 dans les tableaux anciens, Fabienne Ponvianne a d\u00e9couvert tr\u00e8s t\u00f4t le go\u00fbt de chiner, restaurer et vendre. D\u2019abord au c\u00f4t\u00e9 de ses parents \u00e0 la brocante de Stalingrad \u00e0 Lyon Villeurbanne puis \u00e0 partir de 1990 au sein de la Cit\u00e9 des Antiquaires.\" \/>\n<meta name=\"robots\" content=\"index, follow, max-snippet:-1, max-image-preview:large, max-video-preview:-1\" \/>\n<link rel=\"canonical\" href=\"https:\/\/www.ponvianne-antiquites.fr\/en\/showroom\/\" \/>\n<meta property=\"og:locale\" content=\"en_US\" \/>\n<meta property=\"og:type\" content=\"article\" \/>\n<meta property=\"og:title\" content=\"Showroom - Ponvianne Antiquit\u00e9s - Antiquaire\" \/>\n<meta property=\"og:description\" content=\"Fille d\u2019antiquaire lyonnais, sp\u00e9cialis\u00e9 dans les tableaux anciens, Fabienne Ponvianne a d\u00e9couvert tr\u00e8s t\u00f4t le go\u00fbt de chiner, restaurer et vendre. D\u2019abord au c\u00f4t\u00e9 de ses parents \u00e0 la brocante de Stalingrad \u00e0 Lyon Villeurbanne puis \u00e0 partir de 1990 au sein de la Cit\u00e9 des Antiquaires.\" \/>\n<meta property=\"og:url\" content=\"https:\/\/www.ponvianne-antiquites.fr\/en\/showroom\/\" \/>\n<meta property=\"og:site_name\" content=\"Ponvianne Antiquit\u00e9s - Antiquaire\" \/>\n<meta property=\"article:modified_time\" content=\"2025-08-29T11:29:59+00:00\" \/>\n<meta name=\"twitter:card\" content=\"summary_large_image\" \/>\n<meta name=\"twitter:label1\" content=\"Est. reading time\" \/>\n\t<meta name=\"twitter:data1\" content=\"1 minute\" \/>\n<script type=\"application\/ld+json\" class=\"yoast-schema-graph\">{\"@context\":\"https:\\\/\\\/schema.org\",\"@graph\":[{\"@type\":\"WebPage\",\"@id\":\"https:\\\/\\\/www.ponvianne-antiquites.fr\\\/en\\\/showroom\\\/\",\"url\":\"https:\\\/\\\/www.ponvianne-antiquites.fr\\\/en\\\/showroom\\\/\",\"name\":\"Showroom - Ponvianne Antiquit\u00e9s - Antiquaire\",\"isPartOf\":{\"@id\":\"https:\\\/\\\/www.ponvianne-antiquites.fr\\\/#website\"},\"datePublished\":\"2021-01-26T12:46:07+00:00\",\"dateModified\":\"2025-08-29T11:29:59+00:00\",\"description\":\"Fille d\u2019antiquaire lyonnais, sp\u00e9cialis\u00e9 dans les tableaux anciens, Fabienne Ponvianne a d\u00e9couvert tr\u00e8s t\u00f4t le go\u00fbt de chiner, restaurer et vendre. D\u2019abord au c\u00f4t\u00e9 de ses parents \u00e0 la brocante de Stalingrad \u00e0 Lyon Villeurbanne puis \u00e0 partir de 1990 au sein de la Cit\u00e9 des Antiquaires.\",\"breadcrumb\":{\"@id\":\"https:\\\/\\\/www.ponvianne-antiquites.fr\\\/en\\\/showroom\\\/#breadcrumb\"},\"inLanguage\":\"en-US\",\"potentialAction\":[{\"@type\":\"ReadAction\",\"target\":[\"https:\\\/\\\/www.ponvianne-antiquites.fr\\\/en\\\/showroom\\\/\"]}]},{\"@type\":\"BreadcrumbList\",\"@id\":\"https:\\\/\\\/www.ponvianne-antiquites.fr\\\/en\\\/showroom\\\/#breadcrumb\",\"itemListElement\":[{\"@type\":\"ListItem\",\"position\":1,\"name\":\"Accueil\",\"item\":\"https:\\\/\\\/www.ponvianne-antiquites.fr\\\/\"},{\"@type\":\"ListItem\",\"position\":2,\"name\":\"Showroom\"}]},{\"@type\":\"WebSite\",\"@id\":\"https:\\\/\\\/www.ponvianne-antiquites.fr\\\/#website\",\"url\":\"https:\\\/\\\/www.ponvianne-antiquites.fr\\\/\",\"name\":\"Ponvianne Antiquit\u00e9s - Antiquaire\",\"description\":\"Ponvianne Antiquit\u00e9s - Antiquaire\",\"potentialAction\":[{\"@type\":\"SearchAction\",\"target\":{\"@type\":\"EntryPoint\",\"urlTemplate\":\"https:\\\/\\\/www.ponvianne-antiquites.fr\\\/?s={search_term_string}\"},\"query-input\":{\"@type\":\"PropertyValueSpecification\",\"valueRequired\":true,\"valueName\":\"search_term_string\"}}],\"inLanguage\":\"en-US\"}]}<\/script>\n<!-- \/ Yoast SEO plugin. -->","yoast_head_json":{"title":"Showroom - Ponvianne Antiquit\u00e9s - Antiquaire","description":"Fille d\u2019antiquaire lyonnais, sp\u00e9cialis\u00e9 dans les tableaux anciens, Fabienne Ponvianne a d\u00e9couvert tr\u00e8s t\u00f4t le go\u00fbt de chiner, restaurer et vendre. D\u2019abord au c\u00f4t\u00e9 de ses parents \u00e0 la brocante de Stalingrad \u00e0 Lyon Villeurbanne puis \u00e0 partir de 1990 au sein de la Cit\u00e9 des Antiquaires.","robots":{"index":"index","follow":"follow","max-snippet":"max-snippet:-1","max-image-preview":"max-image-preview:large","max-video-preview":"max-video-preview:-1"},"canonical":"https:\/\/www.ponvianne-antiquites.fr\/en\/showroom\/","og_locale":"en_US","og_type":"article","og_title":"Showroom - Ponvianne Antiquit\u00e9s - Antiquaire","og_description":"Fille d\u2019antiquaire lyonnais, sp\u00e9cialis\u00e9 dans les tableaux anciens, Fabienne Ponvianne a d\u00e9couvert tr\u00e8s t\u00f4t le go\u00fbt de chiner, restaurer et vendre. D\u2019abord au c\u00f4t\u00e9 de ses parents \u00e0 la brocante de Stalingrad \u00e0 Lyon Villeurbanne puis \u00e0 partir de 1990 au sein de la Cit\u00e9 des Antiquaires.","og_url":"https:\/\/www.ponvianne-antiquites.fr\/en\/showroom\/","og_site_name":"Ponvianne Antiquit\u00e9s - Antiquaire","article_modified_time":"2025-08-29T11:29:59+00:00","twitter_card":"summary_large_image","twitter_misc":{"Est. reading time":"1 minute"},"schema":{"@context":"https:\/\/schema.org","@graph":[{"@type":"WebPage","@id":"https:\/\/www.ponvianne-antiquites.fr\/en\/showroom\/","url":"https:\/\/www.ponvianne-antiquites.fr\/en\/showroom\/","name":"Showroom - Ponvianne Antiquit\u00e9s - Antiquaire","isPartOf":{"@id":"https:\/\/www.ponvianne-antiquites.fr\/#website"},"datePublished":"2021-01-26T12:46:07+00:00","dateModified":"2025-08-29T11:29:59+00:00","description":"Fille d\u2019antiquaire lyonnais, sp\u00e9cialis\u00e9 dans les tableaux anciens, Fabienne Ponvianne a d\u00e9couvert tr\u00e8s t\u00f4t le go\u00fbt de chiner, restaurer et vendre. D\u2019abord au c\u00f4t\u00e9 de ses parents \u00e0 la brocante de Stalingrad \u00e0 Lyon Villeurbanne puis \u00e0 partir de 1990 au sein de la Cit\u00e9 des Antiquaires.","breadcrumb":{"@id":"https:\/\/www.ponvianne-antiquites.fr\/en\/showroom\/#breadcrumb"},"inLanguage":"en-US","potentialAction":[{"@type":"ReadAction","target":["https:\/\/www.ponvianne-antiquites.fr\/en\/showroom\/"]}]},{"@type":"BreadcrumbList","@id":"https:\/\/www.ponvianne-antiquites.fr\/en\/showroom\/#breadcrumb","itemListElement":[{"@type":"ListItem","position":1,"name":"Accueil","item":"https:\/\/www.ponvianne-antiquites.fr\/"},{"@type":"ListItem","position":2,"name":"Showroom"}]},{"@type":"WebSite","@id":"https:\/\/www.ponvianne-antiquites.fr\/#website","url":"https:\/\/www.ponvianne-antiquites.fr\/","name":"Ponvianne Antiquit\u00e9s - Antiquaire","description":"Ponvianne Antiquit\u00e9s - Antiquaire","potentialAction":[{"@type":"SearchAction","target":{"@type":"EntryPoint","urlTemplate":"https:\/\/www.ponvianne-antiquites.fr\/?s={search_term_string}"},"query-input":{"@type":"PropertyValueSpecification","valueRequired":true,"valueName":"search_term_string"}}],"inLanguage":"en-US"}]}},"_links":{"self":[{"href":"https:\/\/www.ponvianne-antiquites.fr\/en\/wp-json\/wp\/v2\/pages\/7858","targetHints":{"allow":["GET"]}}],"collection":[{"href":"https:\/\/www.ponvianne-antiquites.fr\/en\/wp-json\/wp\/v2\/pages"}],"about":[{"href":"https:\/\/www.ponvianne-antiquites.fr\/en\/wp-json\/wp\/v2\/types\/page"}],"author":[{"embeddable":true,"href":"https:\/\/www.ponvianne-antiquites.fr\/en\/wp-json\/wp\/v2\/users\/4"}],"replies":[{"embeddable":true,"href":"https:\/\/www.ponvianne-antiquites.fr\/en\/wp-json\/wp\/v2\/comments?post=7858"}],"version-history":[{"count":43,"href":"https:\/\/www.ponvianne-antiquites.fr\/en\/wp-json\/wp\/v2\/pages\/7858\/revisions"}],"predecessor-version":[{"id":81982,"href":"https:\/\/www.ponvianne-antiquites.fr\/en\/wp-json\/wp\/v2\/pages\/7858\/revisions\/81982"}],"wp:attachment":[{"href":"https:\/\/www.ponvianne-antiquites.fr\/en\/wp-json\/wp\/v2\/media?parent=7858"}],"curies":[{"name":"wp","href":"https:\/\/api.w.org\/{rel}","templated":true}]}}