{"id":7855,"date":"2021-01-28T14:47:00","date_gmt":"2021-01-28T13:47:00","guid":{"rendered":"http:\/\/fabienne-lamberger-ponvianne.dev.zabe.fr\/mentions-legales\/"},"modified":"2024-05-13T13:59:15","modified_gmt":"2024-05-13T11:59:15","slug":"legal-mentions","status":"publish","type":"page","link":"https:\/\/www.ponvianne-antiquites.fr\/en\/legal-mentions\/","title":{"rendered":"Legal mentions"},"content":{"rendered":"<section>\n<div class=\"container\" style=\"font-size: 18px;\">\n<h2>MENTIONS L\u00c9GALES<\/h2>\n<p>Tout utilisateur est soumis aux pr\u00e9sentes conditions d&#8217;utilisations du site, qu&#8217;il reconna\u00eet avoir lu et accept\u00e9 sans restriction ni reserve.<\/p>\n<h3>INFORMATIONS SUR LA SOCI\u00c9T\u00c9<\/h3>\n<div>Le site PONVIANNE ANTIQUITES se trouvant \u00e0 l\u2019URL <a title=\"Prot\u00e9g\u00e9 par Outlook\u00a0: http:\/\/www.ponvianne-antiquites.fr\/. Cliquez ou appuyez pour suivre le lien.\" href=\"https:\/\/nam12.safelinks.protection.outlook.com\/?url=http%3A%2F%2Fwww.ponvianne-antiquites.fr%2F&amp;data=05%7C01%7C%7Caccd3da22dd04e09576908da85960524%7C84df9e7fe9f640afb435aaaaaaaaaaaa%7C1%7C0%7C637969176615805195%7CUnknown%7CTWFpbGZsb3d8eyJWIjoiMC4wLjAwMDAiLCJQIjoiV2luMzIiLCJBTiI6Ik1haWwiLCJXVCI6Mn0%3D%7C3000%7C%7C%7C&amp;sdata=VrbLdj3wniO7Nq0qHqpJz%2FGg48HlXhp14%2BHCHlmdcK4%3D&amp;reserved=0\" target=\"_blank\" rel=\"noopener\">www.ponvianne-antiquites.fr<\/a>\u00a0est la propri\u00e9t\u00e9 de la SARL PONVIANNE ANTIQUITES, domicili\u00e9 au 490 chemin de grange neuve, Marcy-l\u2019\u00c9toile 69280<\/div>\n<div>\n<p>Num\u00e9ro et ville d\u2019inscription au RCS ou au R\u00e9pertoire des m\u00e9tiers : RCS LYON \u2013 914 539 010<br \/>\nNum\u00e9ro d\u2019assujettissement \u00e0 la TVA (CGI, art. 286 ter) : FR75914539010<br \/>\nSIRET :\u00a091453901000019<\/p>\n<p>Directeur\/Directrice de publication : Mme Fabienne PONVIANNE<\/p>\n<\/div>\n<h3>CONCEPTEUR \/ \u00c9DITEUR DU SITE<\/h3>\n<p>R\u00e9alisation : Colibri Pictures \u2013 www.colibripictures.com<\/p>\n<p>D\u00e9veloppement : Zab\u00e9 Informatique<\/p>\n<h3>H\u00c9BERGEMENT<\/h3>\n<p>H\u00e9bergeur : OVH \u2013 2, rue Kellermann \u2013 59100 Roubaix \u2013 France.<\/p>\n<h3>POLITIQUE DE CONFIDENTIALIT\u00c9<\/h3>\n<h3>GESTION DES DONN\u00c9ES PERSONNELLES ET POLITIQUE DE CONFIDENTIALIT\u00c9<\/h3>\n<p>En France, les donn\u00e9es personnelles sont notamment prot\u00e9g\u00e9es par la loi n\u00b0 78-87 du 6 janvier 1978, la loi n\u00b0 2004-801 du 6 ao\u00fbt 2004, l\u2019article L. 226-13 du Code p\u00e9nal et la Directive Europ\u00e9enne du 24 octobre 1995.<br \/>\nA l\u2019occasion de l\u2019utilisation du site www.ponvianne-antiquites.fr, peuvent \u00eatre recueillies : l\u2019URL des liens par l\u2019interm\u00e9diaire desquels l\u2019utilisateur a acc\u00e9d\u00e9 au site www.ponvianne-antiquites.fr, le fournisseur d\u2019acc\u00e8s de l\u2019utilisateur, l\u2019adresse de protocole Internet (IP) de l\u2019utilisateur. En tout \u00e9tat de cause Mme Fabienne PONVIANNE ne collecte des informations personnelles relatives \u00e0 l\u2019utilisateur que pour le besoin de certains services propos\u00e9s par le site www.ponvianne-antiquites.fr. L\u2019utilisateur fournit ces informations en toute connaissance de cause, notamment lorsqu\u2019il proc\u00e8de par lui-m\u00eame \u00e0 leur saisie. Il est alors pr\u00e9cis\u00e9 \u00e0 l\u2019utilisateur du site www.ponvianne-antiquites.fr l\u2019obligation ou non de fournir ces informations.<\/p>\n<p>Le site n\u2019est pas d\u00e9clar\u00e9 \u00e0 la CNIL car il ne recueille pas d\u2019informations personnelles.<\/p>\n<h3>FORMULAIRE DE CONTACT<\/h3>\n<p>Les informations recueillies sur le formulaire de contact du site internet www.ponvianne-antiquites.fr sont envoy\u00e9es par e-mail pour r\u00e9aliser des propositions commerciales relatives aux services de Fabienne Ponvianne.<br \/>\nCes informations sont envoy\u00e9es par le protocole https sous un certificat SSL permettant de prot\u00e9ger les informations lors de leur envoi. Elles sont conserv\u00e9es pendant 1 an et sont destin\u00e9es \u00e0 Mme Fabienne PONVIANNE. Ces donn\u00e9es sont les suivantes :<br \/>\n&#8211; Nom<br \/>\n&#8211; Adresse e-mail<br \/>\n&#8211; N\u00b0 de T\u00e9l\u00e9phone (Optionnel)<br \/>\n&#8211; Message libre dans lequel d\u2019autres donn\u00e9es personnelles pourraient \u00eatre renseign\u00e9es par l\u2019utilisateur<\/p>\n<p>Les donn\u00e9es fournies sont uniquement stock\u00e9es sur la boite e-mail de Mme Fabienne PONVIANNE qui r\u00e9ceptionne les mails via les formulaires de votre site, ainsi que dans un fichier Excel sur l\u2019ordinateur de Mme Fabienne PONVIANNE qui conserve les donn\u00e9es. Les appareils o\u00f9 ces donn\u00e9es sont accessibles (t\u00e9l\u00e9phones mobiles et ordinateurs) sont prot\u00e9g\u00e9s par un mot de passe. Dans tous les cas, l\u2019utilisateur peut refuser de fournir ses donn\u00e9es personnelles. Dans ce cas, il ne pourra pas utiliser les services du site, ni solliciter de renseignements sur ces services.<\/p>\n<p>Conform\u00e9ment \u00e0 la loi \u00ab informatique et libert\u00e9s \u00bb, tout utilisateur dispose d\u2019un droit d\u2019acc\u00e8s, de rectification et d\u2019opposition aux donn\u00e9es personnelles le concernant en contactant : Mme Fabienne PONVIANNE qui supprimera ou modifiera les donn\u00e9es clients (e-mail : ponvianneantiquites@gmail.com \/ Adresse : 490 chemin de grange neuve, Marcy-l&#8217;\u00c9toile 69280).<\/p>\n<p>Aucune information personnelle de l\u2019utilisateur du site www.ponvianne-antiquites.fr n\u2019est publi\u00e9e \u00e0 l\u2019insu de l\u2019utilisateur, \u00e9chang\u00e9e, transf\u00e9r\u00e9e, c\u00e9d\u00e9e ou vendue sur un support quelconque \u00e0 des tiers. Seule l\u2019hypoth\u00e8se du rachat de Fabienne Ponvianne et de ses droits permettrait la transmission des dites informations \u00e0 l\u2019\u00e9ventuel acqu\u00e9reur qui serait \u00e0 son tour tenu de la m\u00eame obligation de conservation et de modification des donn\u00e9es vis \u00e0 vis de l\u2019utilisateur du site www.ponvianne-antiquites.fr.<\/p>\n<h3>LIENS HYPERTEXTES ET COOKIES<\/h3>\n<p>Le site www.ponvianne-antiquites.fr contient un certain nombre de liens hypertextes vers d\u2019autres sites, mis en place avec l\u2019autorisation de Mme Fabienne\u00a0 PONVIANNE. Cependant, Mme Fabienne PONVIANNE n\u2019a pas la possibilit\u00e9 de v\u00e9rifier le contenu des sites ainsi visit\u00e9s, et n\u2019assumera en cons\u00e9quence aucune responsabilit\u00e9 de ce fait.<br \/>\nDans l\u2019hypoth\u00e8se o\u00f9 un utilisateur ou visiteur souhaiterait mettre en place un hyperlien en direction d\u2019un des sites internet Fabienne Ponvianne, il lui appartiendra d\u2019adresser un email accessible sur le site afin de formuler sa demande de mise en place d\u2019un hyperlien. Fabienne Ponvianne se r\u00e9serve le droit d\u2019accepter ou de refuser un hyperlien sans avoir \u00e0 en justifier sa d\u00e9cision.<\/p>\n<p>La navigation sur le site www.ponvianne-antiquites.fr est susceptible de provoquer l\u2019installation de cookie(s) sur l\u2019ordinateur de l\u2019utilisateur. Un cookie est un fichier de petite taille, qui ne permet pas l\u2019identification de l\u2019utilisateur, mais qui enregistre des informations relatives \u00e0 la navigation d\u2019un ordinateur sur un site. Nous collectons ainsi de mani\u00e8re automatique certaines informations vous concernant lors d\u2019une simple navigation sur notre site Internet, notamment : des informations concernant l\u2019utilisation de notre site, comme les zones que vous visitez et les services auxquels vous acc\u00e9dez, votre adresse IP, le type de votre navigateur, vos temps d\u2019acc\u00e8s. De telles informations sont utilis\u00e9es exclusivement \u00e0 des fins de statistiques internes et de s\u00e9curit\u00e9 du site Fabienne Ponvianne, ou pour am\u00e9liorer la qualit\u00e9 des services qui vous sont propos\u00e9s. Les bases de donn\u00e9es sont prot\u00e9g\u00e9es par les dispositions de la loi du 1er juillet 1998 transposant la directive 96\/9 du 11 mars 1996 relative \u00e0 la protection juridique des bases de donn\u00e9es.<\/p>\n<p>Le site www.ponvianne-antiquites.fr utilise des solutions de soci\u00e9t\u00e9 tierces qui n\u00e9cessitent l\u2019utilisation de cookies r\u00e9coltant des informations personnelles :<br \/>\n&#8211; Solution statistique Google Analytics.<\/p>\n<p>Le refus d\u2019installation d\u2019un cookie peut entra\u00eener l\u2019impossibilit\u00e9 d\u2019acc\u00e9der \u00e0 certains services. L\u2019utilisateur peut toutefois configurer son ordinateur de la mani\u00e8re suivante, pour refuser l\u2019installation des cookies :<\/p>\n<p>Sous Internet Explorer : onglet outil (pictogramme en forme de rouage en haut a droite) \/ options internet. Cliquez sur Confidentialit\u00e9 et choisissez Bloquer tous les cookies. Validez sur Ok.<\/p>\n<p>Sous Firefox : en haut de la fen\u00eatre du navigateur, cliquez sur le bouton Firefox, puis aller dans l\u2019onglet Options. Cliquer sur l\u2019onglet Vie priv\u00e9e. Param\u00e9trez les R\u00e8gles de conservation sur : utiliser les param\u00e8tres personnalis\u00e9s pour l\u2019historique. Enfin d\u00e9cochez-la pour d\u00e9sactiver les cookies.<\/p>\n<p>Sous Safari : Cliquez en haut \u00e0 droite du navigateur sur le pictogramme de menu (symbolis\u00e9 par un rouage). S\u00e9lectionnez Param\u00e8tres. Cliquez sur Afficher les param\u00e8tres avanc\u00e9s. Dans la section \u00ab Confidentialit\u00e9 \u00bb, cliquez sur Param\u00e8tres de contenu. Dans la section \u00ab Cookies \u00bb, vous pouvez bloquer les cookies.<\/p>\n<p>Sous Chrome : Cliquez en haut \u00e0 droite du navigateur sur le pictogramme de menu (symbolis\u00e9 par trois lignes horizontales). S\u00e9lectionnez Param\u00e8tres. Cliquez sur Afficher les param\u00e8tres avanc\u00e9s. Dans la section \u00ab Confidentialit\u00e9 \u00bb, cliquez sur pr\u00e9f\u00e9rences. Dans l\u2019onglet \u00ab Confidentialit\u00e9 \u00bb, vous pouvez bloquer les cookies.<\/p>\n<h3>PROPRI\u00c9T\u00c9S INTELLECTUELLES<\/h3>\n<p>Les contenus de ce site (structure, design, texte, image, animation, logo) sont la propri\u00e9t\u00e9 exclusive de Fabienne Ponvianne. Toute repr\u00e9sentation totale ou partielle de ce site est soumise \u00e0 l\u2019autorisation pr\u00e9alable, \u00e9crite et expresse de Fabienne Ponvianne.<\/p>\n<h3>DROIT APPLICABLE ET ATTRIBUTION DE JURIDICTION<\/h3>\n<p>Tout litige en relation avec l\u2019utilisation du site www.ponvianne-antiquites.fr est soumis au droit fran\u00e7ais. Il est fait attribution exclusive de juridiction aux tribunaux comp\u00e9tents de Paris.<\/p>\n<h3>LES PRINCIPALES LOIS CONCERN\u00c9ES<\/h3>\n<p>Loi n\u00b0 78-17 du 6 janvier 1978, notamment modifi\u00e9e par la loi n\u00b0 2004-801 du 6 ao\u00fbt 2004 relative \u00e0 l\u2019informatique, aux fichiers et aux libert\u00e9s. Loi n\u00b0 2004-575 du 21 juin 2004 pour la confiance dans l\u2019\u00e9conomie num\u00e9rique, art. 6-III et art. 19. Code de la consommation : art. L. 121-18. Code g\u00e9n\u00e9ral des imp\u00f4ts : art. 286 ter. Loi n\u00b0 82-652 du 29 juillet 1982 sur la communication audiovisuelle : art. 93-2.<\/p>\n<h3>LEXIQUE<\/h3>\n<p>Utilisateur : Internaute se connectant, utilisant le site susnomm\u00e9. Informations personnelles : \u00ab les informations qui permettent, sous quelque forme que ce soit, directement ou non, l\u2019identification des personnes physiques auxquelles elles s\u2019appliquent \u00bb (article 4 de la loi n\u00b0 78-17 du 6 janvier 1978).<\/p>\n<\/div>\n<\/section>\n","protected":false},"excerpt":{"rendered":"<p>MENTIONS L\u00c9GALES Tout utilisateur est soumis aux pr\u00e9sentes conditions d&#8217;utilisations du site, qu&#8217;il reconna\u00eet avoir lu et accept\u00e9 sans restriction ni reserve. INFORMATIONS SUR LA SOCI\u00c9T\u00c9 Le site PONVIANNE ANTIQUITES se trouvant \u00e0 l\u2019URL www.ponvianne-antiquites.fr\u00a0est la propri\u00e9t\u00e9 de la SARL PONVIANNE ANTIQUITES, domicili\u00e9 au 490 chemin de grange neuve, Marcy-l\u2019\u00c9toile 69280 Num\u00e9ro et ville d\u2019inscription [&hellip;]<\/p>\n","protected":false},"author":4,"featured_media":0,"parent":0,"menu_order":0,"comment_status":"closed","ping_status":"closed","template":"","meta":{"_acf_changed":false,"footnotes":""},"class_list":["post-7855","page","type-page","status-publish","hentry"],"acf":[],"yoast_head":"<!-- This site is optimized with the Yoast SEO plugin v27.3 - https:\/\/yoast.com\/product\/yoast-seo-wordpress\/ -->\n<title>Legal mentions - Ponvianne Antiquit\u00e9s - Antiquaire<\/title>\n<meta name=\"description\" content=\"Fille d\u2019antiquaire lyonnais, sp\u00e9cialis\u00e9 dans les tableaux anciens, Fabienne Ponvianne a d\u00e9couvert tr\u00e8s t\u00f4t le go\u00fbt de chiner, restaurer et vendre. D\u2019abord au c\u00f4t\u00e9 de ses parents \u00e0 la brocante de Stalingrad \u00e0 Lyon Villeurbanne puis \u00e0 partir de 1990 au sein de la Cit\u00e9 des Antiquaires.\" \/>\n<meta name=\"robots\" content=\"index, follow, max-snippet:-1, max-image-preview:large, max-video-preview:-1\" \/>\n<link rel=\"canonical\" href=\"https:\/\/www.ponvianne-antiquites.fr\/en\/legal-mentions\/\" \/>\n<meta property=\"og:locale\" content=\"en_US\" \/>\n<meta property=\"og:type\" content=\"article\" \/>\n<meta property=\"og:title\" content=\"Legal mentions - Ponvianne Antiquit\u00e9s - Antiquaire\" \/>\n<meta property=\"og:description\" content=\"Fille d\u2019antiquaire lyonnais, sp\u00e9cialis\u00e9 dans les tableaux anciens, Fabienne Ponvianne a d\u00e9couvert tr\u00e8s t\u00f4t le go\u00fbt de chiner, restaurer et vendre. D\u2019abord au c\u00f4t\u00e9 de ses parents \u00e0 la brocante de Stalingrad \u00e0 Lyon Villeurbanne puis \u00e0 partir de 1990 au sein de la Cit\u00e9 des Antiquaires.\" \/>\n<meta property=\"og:url\" content=\"https:\/\/www.ponvianne-antiquites.fr\/en\/legal-mentions\/\" \/>\n<meta property=\"og:site_name\" content=\"Ponvianne Antiquit\u00e9s - Antiquaire\" \/>\n<meta property=\"article:modified_time\" content=\"2024-05-13T11:59:15+00:00\" \/>\n<meta name=\"twitter:card\" content=\"summary_large_image\" \/>\n<meta name=\"twitter:label1\" content=\"Est. reading time\" \/>\n\t<meta name=\"twitter:data1\" content=\"7 minutes\" \/>\n<script type=\"application\/ld+json\" class=\"yoast-schema-graph\">{\"@context\":\"https:\\\/\\\/schema.org\",\"@graph\":[{\"@type\":\"WebPage\",\"@id\":\"https:\\\/\\\/www.ponvianne-antiquites.fr\\\/en\\\/legal-mentions\\\/\",\"url\":\"https:\\\/\\\/www.ponvianne-antiquites.fr\\\/en\\\/legal-mentions\\\/\",\"name\":\"Legal mentions - Ponvianne Antiquit\u00e9s - Antiquaire\",\"isPartOf\":{\"@id\":\"https:\\\/\\\/www.ponvianne-antiquites.fr\\\/#website\"},\"datePublished\":\"2021-01-28T13:47:00+00:00\",\"dateModified\":\"2024-05-13T11:59:15+00:00\",\"description\":\"Fille d\u2019antiquaire lyonnais, sp\u00e9cialis\u00e9 dans les tableaux anciens, Fabienne Ponvianne a d\u00e9couvert tr\u00e8s t\u00f4t le go\u00fbt de chiner, restaurer et vendre. D\u2019abord au c\u00f4t\u00e9 de ses parents \u00e0 la brocante de Stalingrad \u00e0 Lyon Villeurbanne puis \u00e0 partir de 1990 au sein de la Cit\u00e9 des Antiquaires.\",\"breadcrumb\":{\"@id\":\"https:\\\/\\\/www.ponvianne-antiquites.fr\\\/en\\\/legal-mentions\\\/#breadcrumb\"},\"inLanguage\":\"en-US\",\"potentialAction\":[{\"@type\":\"ReadAction\",\"target\":[\"https:\\\/\\\/www.ponvianne-antiquites.fr\\\/en\\\/legal-mentions\\\/\"]}]},{\"@type\":\"BreadcrumbList\",\"@id\":\"https:\\\/\\\/www.ponvianne-antiquites.fr\\\/en\\\/legal-mentions\\\/#breadcrumb\",\"itemListElement\":[{\"@type\":\"ListItem\",\"position\":1,\"name\":\"Accueil\",\"item\":\"https:\\\/\\\/www.ponvianne-antiquites.fr\\\/\"},{\"@type\":\"ListItem\",\"position\":2,\"name\":\"Legal mentions\"}]},{\"@type\":\"WebSite\",\"@id\":\"https:\\\/\\\/www.ponvianne-antiquites.fr\\\/#website\",\"url\":\"https:\\\/\\\/www.ponvianne-antiquites.fr\\\/\",\"name\":\"Ponvianne Antiquit\u00e9s - Antiquaire\",\"description\":\"Ponvianne Antiquit\u00e9s - Antiquaire\",\"potentialAction\":[{\"@type\":\"SearchAction\",\"target\":{\"@type\":\"EntryPoint\",\"urlTemplate\":\"https:\\\/\\\/www.ponvianne-antiquites.fr\\\/?s={search_term_string}\"},\"query-input\":{\"@type\":\"PropertyValueSpecification\",\"valueRequired\":true,\"valueName\":\"search_term_string\"}}],\"inLanguage\":\"en-US\"}]}<\/script>\n<!-- \/ Yoast SEO plugin. -->","yoast_head_json":{"title":"Legal mentions - Ponvianne Antiquit\u00e9s - Antiquaire","description":"Fille d\u2019antiquaire lyonnais, sp\u00e9cialis\u00e9 dans les tableaux anciens, Fabienne Ponvianne a d\u00e9couvert tr\u00e8s t\u00f4t le go\u00fbt de chiner, restaurer et vendre. D\u2019abord au c\u00f4t\u00e9 de ses parents \u00e0 la brocante de Stalingrad \u00e0 Lyon Villeurbanne puis \u00e0 partir de 1990 au sein de la Cit\u00e9 des Antiquaires.","robots":{"index":"index","follow":"follow","max-snippet":"max-snippet:-1","max-image-preview":"max-image-preview:large","max-video-preview":"max-video-preview:-1"},"canonical":"https:\/\/www.ponvianne-antiquites.fr\/en\/legal-mentions\/","og_locale":"en_US","og_type":"article","og_title":"Legal mentions - Ponvianne Antiquit\u00e9s - Antiquaire","og_description":"Fille d\u2019antiquaire lyonnais, sp\u00e9cialis\u00e9 dans les tableaux anciens, Fabienne Ponvianne a d\u00e9couvert tr\u00e8s t\u00f4t le go\u00fbt de chiner, restaurer et vendre. D\u2019abord au c\u00f4t\u00e9 de ses parents \u00e0 la brocante de Stalingrad \u00e0 Lyon Villeurbanne puis \u00e0 partir de 1990 au sein de la Cit\u00e9 des Antiquaires.","og_url":"https:\/\/www.ponvianne-antiquites.fr\/en\/legal-mentions\/","og_site_name":"Ponvianne Antiquit\u00e9s - Antiquaire","article_modified_time":"2024-05-13T11:59:15+00:00","twitter_card":"summary_large_image","twitter_misc":{"Est. reading time":"7 minutes"},"schema":{"@context":"https:\/\/schema.org","@graph":[{"@type":"WebPage","@id":"https:\/\/www.ponvianne-antiquites.fr\/en\/legal-mentions\/","url":"https:\/\/www.ponvianne-antiquites.fr\/en\/legal-mentions\/","name":"Legal mentions - Ponvianne Antiquit\u00e9s - Antiquaire","isPartOf":{"@id":"https:\/\/www.ponvianne-antiquites.fr\/#website"},"datePublished":"2021-01-28T13:47:00+00:00","dateModified":"2024-05-13T11:59:15+00:00","description":"Fille d\u2019antiquaire lyonnais, sp\u00e9cialis\u00e9 dans les tableaux anciens, Fabienne Ponvianne a d\u00e9couvert tr\u00e8s t\u00f4t le go\u00fbt de chiner, restaurer et vendre. D\u2019abord au c\u00f4t\u00e9 de ses parents \u00e0 la brocante de Stalingrad \u00e0 Lyon Villeurbanne puis \u00e0 partir de 1990 au sein de la Cit\u00e9 des Antiquaires.","breadcrumb":{"@id":"https:\/\/www.ponvianne-antiquites.fr\/en\/legal-mentions\/#breadcrumb"},"inLanguage":"en-US","potentialAction":[{"@type":"ReadAction","target":["https:\/\/www.ponvianne-antiquites.fr\/en\/legal-mentions\/"]}]},{"@type":"BreadcrumbList","@id":"https:\/\/www.ponvianne-antiquites.fr\/en\/legal-mentions\/#breadcrumb","itemListElement":[{"@type":"ListItem","position":1,"name":"Accueil","item":"https:\/\/www.ponvianne-antiquites.fr\/"},{"@type":"ListItem","position":2,"name":"Legal mentions"}]},{"@type":"WebSite","@id":"https:\/\/www.ponvianne-antiquites.fr\/#website","url":"https:\/\/www.ponvianne-antiquites.fr\/","name":"Ponvianne Antiquit\u00e9s - Antiquaire","description":"Ponvianne Antiquit\u00e9s - Antiquaire","potentialAction":[{"@type":"SearchAction","target":{"@type":"EntryPoint","urlTemplate":"https:\/\/www.ponvianne-antiquites.fr\/?s={search_term_string}"},"query-input":{"@type":"PropertyValueSpecification","valueRequired":true,"valueName":"search_term_string"}}],"inLanguage":"en-US"}]}},"_links":{"self":[{"href":"https:\/\/www.ponvianne-antiquites.fr\/en\/wp-json\/wp\/v2\/pages\/7855","targetHints":{"allow":["GET"]}}],"collection":[{"href":"https:\/\/www.ponvianne-antiquites.fr\/en\/wp-json\/wp\/v2\/pages"}],"about":[{"href":"https:\/\/www.ponvianne-antiquites.fr\/en\/wp-json\/wp\/v2\/types\/page"}],"author":[{"embeddable":true,"href":"https:\/\/www.ponvianne-antiquites.fr\/en\/wp-json\/wp\/v2\/users\/4"}],"replies":[{"embeddable":true,"href":"https:\/\/www.ponvianne-antiquites.fr\/en\/wp-json\/wp\/v2\/comments?post=7855"}],"version-history":[{"count":22,"href":"https:\/\/www.ponvianne-antiquites.fr\/en\/wp-json\/wp\/v2\/pages\/7855\/revisions"}],"predecessor-version":[{"id":60294,"href":"https:\/\/www.ponvianne-antiquites.fr\/en\/wp-json\/wp\/v2\/pages\/7855\/revisions\/60294"}],"wp:attachment":[{"href":"https:\/\/www.ponvianne-antiquites.fr\/en\/wp-json\/wp\/v2\/media?parent=7855"}],"curies":[{"name":"wp","href":"https:\/\/api.w.org\/{rel}","templated":true}]}}